{"id":7583,"date":"2024-08-31T14:10:15","date_gmt":"2024-08-31T14:10:15","guid":{"rendered":"https:\/\/pracek.si\/ekrani-za-prenosnike\/?post_type=product&#038;p=7583"},"modified":"2025-09-11T11:15:57","modified_gmt":"2025-09-11T11:15:57","slug":"fujitsu-lifebook-a555-g-156-fhd-mat-lcd-zaslon-z-nosilci-nov","status":"publish","type":"product","link":"https:\/\/pracek.si\/ekrani-za-prenosnike\/product\/fujitsu-lifebook-a555-g-156-fhd-mat-lcd-zaslon-z-nosilci-nov\/","title":{"rendered":"FUJITSU LIFEBOOK A555\/G 15,6&#8243; FHD mat LCD zaslon z nosilci Nov"},"content":{"rendered":"<p><strong><p>Trenutno na zalogi zaslon: NT156FHM-N41 \/ B156XW04 v.5 (enake specifikacije \/ popolnoma zdru\u017eljiv!)<\/p>\n<\/strong><\/p>\n<p>Izbolj\u0161ajte svoj Fujitsu Lifebook A555\/G z novim 15,6\u2033 LCD zaslonom, zasnovanim za optimalno vizualno zmogljivost. Ta zaslon ponuja Full HD (1920\u00d71080) lo\u010dljivost, kar zagotavlja ostre in jasne slike za vse va\u0161e potrebe pri delu z ra\u010dunalnikom. Matirana povr\u0161ina zmanj\u0161uje ble\u0161\u010danje, kar omogo\u010da la\u017ejo uporabo prenosnika v razli\u010dnih svetlobnih pogojih.<\/p>\n<p>LCD zaslon ima prilo\u017eene zgornje in spodnje nosilce, kar omogo\u010da enostavno in varno namestitev. S 30-pinsko eDP povezavo zagotavlja stabilno in zanesljivo povezavo z va\u0161o napravo. \u010ceprav ni IPS, zaslon \u0161e vedno ponuja odli\u010dno vizualno kakovost, zaradi \u010desar je odli\u010dna zamenjava za va\u0161 obstoje\u010di zaslon ali nadgradnja za bolj\u0161o jasnost in podrobnosti.<\/p>\n<p>Ne glede na to, ali zamenjujete po\u0161kodovan zaslon ali nadgrajujete za bolj\u0161o izku\u0161njo prikaza, je ta nov LCD zaslon idealna re\u0161itev za va\u0161 Fujitsu Lifebook A555\/G.<\/p>\n","protected":false},"excerpt":{"rendered":"<p>Nadgradite svoj Fujitsu Lifebook A555\/G z 15,6&#8243; FHD LCD zaslonom. Z matiranim premazom, 30-pinsko eDP povezavo in prilo\u017eenimi zgornjimi in spodnjimi nosilci za enostavno namestitev. Non-IPS. Stanje: novo.<\/p>\n","protected":false},"featured_media":7555,"template":"","meta":[],"product_brand":[],"product_cat":[50],"product_tag":[70],"class_list":{"0":"post-7583","1":"product","2":"type-product","3":"status-publish","4":"has-post-thumbnail","6":"product_cat-15-6","7":"product_tag-fujitsu","9":"first","10":"instock","11":"taxable","12":"shipping-taxable","13":"purchasable","14":"product-type-simple"},"_links":{"self":[{"href":"https:\/\/pracek.si\/ekrani-za-prenosnike\/wp-json\/wp\/v2\/product\/7583","targetHints":{"allow":["GET"]}}],"collection":[{"href":"https:\/\/pracek.si\/ekrani-za-prenosnike\/wp-json\/wp\/v2\/product"}],"about":[{"href":"https:\/\/pracek.si\/ekrani-za-prenosnike\/wp-json\/wp\/v2\/types\/product"}],"wp:featuredmedia":[{"embeddable":true,"href":"https:\/\/pracek.si\/ekrani-za-prenosnike\/wp-json\/wp\/v2\/media\/7555"}],"wp:attachment":[{"href":"https:\/\/pracek.si\/ekrani-za-prenosnike\/wp-json\/wp\/v2\/media?parent=7583"}],"wp:term":[{"taxonomy":"product_brand","embeddable":true,"href":"https:\/\/pracek.si\/ekrani-za-prenosnike\/wp-json\/wp\/v2\/product_brand?post=7583"},{"taxonomy":"product_cat","embeddable":true,"href":"https:\/\/pracek.si\/ekrani-za-prenosnike\/wp-json\/wp\/v2\/product_cat?post=7583"},{"taxonomy":"product_tag","embeddable":true,"href":"https:\/\/pracek.si\/ekrani-za-prenosnike\/wp-json\/wp\/v2\/product_tag?post=7583"}],"curies":[{"name":"wp","href":"https:\/\/api.w.org\/{rel}","templated":true}]}}