{"id":7584,"date":"2024-08-31T14:14:58","date_gmt":"2024-08-31T14:14:58","guid":{"rendered":"https:\/\/pracek.si\/ekrani-za-prenosnike\/?post_type=product&#038;p=7584"},"modified":"2025-09-11T11:15:42","modified_gmt":"2025-09-11T11:15:42","slug":"toshiba-satellite-c55-c-1m9-lcd-156-fhd-mat-30pin-z-nosilci-nov","status":"publish","type":"product","link":"https:\/\/pracek.si\/ekrani-za-prenosnike\/product\/toshiba-satellite-c55-c-1m9-lcd-156-fhd-mat-30pin-z-nosilci-nov\/","title":{"rendered":"Toshiba Satellite C55-C-1M9 LCD 15,6&#8243; FHD Mat 30pin z nosilci Nov"},"content":{"rendered":"<p><strong><p>Trenutno na zalogi zaslon: NT156FHM-N41 \/ B156XW04 v.5 (enake specifikacije \/ popolnoma zdru\u017eljiv!)<\/p>\n<\/strong><\/p>\n<p>Izbolj\u0161ajte kakovost prikaza na svojem Toshiba Satellite C55-C-1M9 z novim 15,6&#8243; LCD zaslonom. Ta zaslon je zasnovan za tiste, ki cenijo jasnost in vzdr\u017eljivost, saj ponuja Full HD (1920&#215;1080) lo\u010dljivost, ki omogo\u010da ostro in podrobno sliko za izbolj\u0161ano izku\u0161njo gledanja.<\/p>\n<p>Zaslon ima matirano povr\u0161ino, ki zmanj\u0161uje ble\u0161\u010danje in odseve, zato je primeren za uporabo v razli\u010dnih svetlobnih pogojih. Povezuje se prek 30-pinskega eDP vmesnika, kar zagotavlja varno in zanesljivo povezavo z va\u0161im prenosnikom. Poleg tega zaslon vklju\u010duje zgornje in spodnje nosilce, kar olaj\u0161a namestitev in zagotavlja popolno prileganje.<\/p>\n<p>\u010ceprav ta zaslon ni IPS, \u0161e vedno zagotavlja odli\u010dno zmogljivost, zaradi \u010desar je stro\u0161kovno u\u010dinkovita re\u0161itev za zamenjavo po\u0161kodovanega ali zastarelega zaslona na va\u0161em Toshiba Satellite C55-C-1M9. Zaslon je v popolnoma novem stanju, kar vam zagotavlja brezhiben izdelek, pripravljen za takoj\u0161njo namestitev.<\/p>\n","protected":false},"excerpt":{"rendered":"<p>Nadgradite svoj Toshiba Satellite C55-C-1M9 z novim 15,6&#8243; FHD LCD zaslonom. Matirana povr\u0161ina, eDP 30-pinski priklju\u010dek, zgornji in spodnji nosilci za enostavno namestitev. Stanje: novo.<\/p>\n","protected":false},"featured_media":7555,"template":"","meta":[],"product_brand":[],"product_cat":[50],"product_tag":[71],"class_list":{"0":"post-7584","1":"product","2":"type-product","3":"status-publish","4":"has-post-thumbnail","6":"product_cat-15-6","7":"product_tag-toshiba","9":"first","10":"instock","11":"taxable","12":"shipping-taxable","13":"purchasable","14":"product-type-simple"},"_links":{"self":[{"href":"https:\/\/pracek.si\/ekrani-za-prenosnike\/wp-json\/wp\/v2\/product\/7584","targetHints":{"allow":["GET"]}}],"collection":[{"href":"https:\/\/pracek.si\/ekrani-za-prenosnike\/wp-json\/wp\/v2\/product"}],"about":[{"href":"https:\/\/pracek.si\/ekrani-za-prenosnike\/wp-json\/wp\/v2\/types\/product"}],"wp:featuredmedia":[{"embeddable":true,"href":"https:\/\/pracek.si\/ekrani-za-prenosnike\/wp-json\/wp\/v2\/media\/7555"}],"wp:attachment":[{"href":"https:\/\/pracek.si\/ekrani-za-prenosnike\/wp-json\/wp\/v2\/media?parent=7584"}],"wp:term":[{"taxonomy":"product_brand","embeddable":true,"href":"https:\/\/pracek.si\/ekrani-za-prenosnike\/wp-json\/wp\/v2\/product_brand?post=7584"},{"taxonomy":"product_cat","embeddable":true,"href":"https:\/\/pracek.si\/ekrani-za-prenosnike\/wp-json\/wp\/v2\/product_cat?post=7584"},{"taxonomy":"product_tag","embeddable":true,"href":"https:\/\/pracek.si\/ekrani-za-prenosnike\/wp-json\/wp\/v2\/product_tag?post=7584"}],"curies":[{"name":"wp","href":"https:\/\/api.w.org\/{rel}","templated":true}]}}