{"id":7586,"date":"2024-08-31T14:23:30","date_gmt":"2024-08-31T14:23:30","guid":{"rendered":"https:\/\/pracek.si\/ekrani-za-prenosnike\/?post_type=product&#038;p=7586"},"modified":"2025-09-11T11:15:46","modified_gmt":"2025-09-11T11:15:46","slug":"lenovo-ideapad-v110-15isk-156-fhd-mat-lcd-zaslon-30pin-z-nosilci-nov","status":"publish","type":"product","link":"https:\/\/pracek.si\/ekrani-za-prenosnike\/product\/lenovo-ideapad-v110-15isk-156-fhd-mat-lcd-zaslon-30pin-z-nosilci-nov\/","title":{"rendered":"LENOVO IDEAPAD V110-15ISK 15,6&#8243; FHD mat LCD zaslon 30pin z nosilci Nov"},"content":{"rendered":"<p><strong><p>Trenutno na zalogi zaslon: NT156FHM-N41 \/ B156XW04 v.5 (enake specifikacije \/ popolnoma zdru\u017eljiv!)<\/p>\n<\/strong><\/p>\n<p>Izbolj\u0161ajte svoj Lenovo IdeaPad V110-15ISK 80TL z vrhunskim 15,6&#8243; Full HD LCD zaslonom, zasnovanim za brezhibno in \u017eivahno izku\u0161njo prikaza. Z lo\u010dljivostjo 1920&#215;1080 ta ne-IPS zaslon zagotavlja ostre in podrobne slike, primerne za vsakodnevne ra\u010dunalni\u0161ke potrebe.<\/p>\n<p>Matirana povr\u0161ina zmanj\u0161uje ble\u0161\u010danje in odseve, kar olaj\u0161a dolgotrajno uporabo, \u0161e posebej v svetlej\u0161ih okoljih. Povezava eDP 30-pin zagotavlja varno in zanesljivo povezavo z va\u0161im prenosnikom, kar omogo\u010da dosledno delovanje.<\/p>\n<p>Ta LCD zaslon prihaja z zgornjimi in spodnjimi nosilci, kar zagotavlja varen oprijem in enostavno namestitev. Ne glede na to, ali zamenjujete po\u0161kodovan zaslon ali nadgrajujete za bolj\u0161o vizualno zmogljivost, je ta zaslon zanesljiva izbira, ki ustreza va\u0161im potrebam.<\/p>\n<p>Stanje: Popolnoma nov, kar zagotavlja, da prejmete visokokakovosten izdelek brez napak, pripravljen za namestitev.<\/p>\n","protected":false},"excerpt":{"rendered":"<p>Nadgradite svoj Lenovo IdeaPad V110-15ISK 80TL z 15,6&#8243; FHD mat LCD zaslonom. Z eDP 30-pinsko povezljivostjo in vklju\u010denimi zgornjimi in spodnjimi nosilci ta ne-IPS zaslon ponuja jasne in ostre slike. Stanje: novo.<\/p>\n","protected":false},"featured_media":7555,"template":"","meta":[],"product_brand":[],"product_cat":[50],"product_tag":[60],"class_list":{"0":"post-7586","1":"product","2":"type-product","3":"status-publish","4":"has-post-thumbnail","6":"product_cat-15-6","7":"product_tag-lenovo","9":"first","10":"instock","11":"taxable","12":"shipping-taxable","13":"purchasable","14":"product-type-simple"},"_links":{"self":[{"href":"https:\/\/pracek.si\/ekrani-za-prenosnike\/wp-json\/wp\/v2\/product\/7586","targetHints":{"allow":["GET"]}}],"collection":[{"href":"https:\/\/pracek.si\/ekrani-za-prenosnike\/wp-json\/wp\/v2\/product"}],"about":[{"href":"https:\/\/pracek.si\/ekrani-za-prenosnike\/wp-json\/wp\/v2\/types\/product"}],"wp:featuredmedia":[{"embeddable":true,"href":"https:\/\/pracek.si\/ekrani-za-prenosnike\/wp-json\/wp\/v2\/media\/7555"}],"wp:attachment":[{"href":"https:\/\/pracek.si\/ekrani-za-prenosnike\/wp-json\/wp\/v2\/media?parent=7586"}],"wp:term":[{"taxonomy":"product_brand","embeddable":true,"href":"https:\/\/pracek.si\/ekrani-za-prenosnike\/wp-json\/wp\/v2\/product_brand?post=7586"},{"taxonomy":"product_cat","embeddable":true,"href":"https:\/\/pracek.si\/ekrani-za-prenosnike\/wp-json\/wp\/v2\/product_cat?post=7586"},{"taxonomy":"product_tag","embeddable":true,"href":"https:\/\/pracek.si\/ekrani-za-prenosnike\/wp-json\/wp\/v2\/product_tag?post=7586"}],"curies":[{"name":"wp","href":"https:\/\/api.w.org\/{rel}","templated":true}]}}