{"id":7587,"date":"2024-08-31T14:30:26","date_gmt":"2024-08-31T14:30:26","guid":{"rendered":"https:\/\/pracek.si\/ekrani-za-prenosnike\/?post_type=product&#038;p=7587"},"modified":"2025-09-11T11:15:52","modified_gmt":"2025-09-11T11:15:52","slug":"hp-250-g4-lcd-zaslon-156-fhd-mat-30-pin-edp-z-nosilci-nov","status":"publish","type":"product","link":"https:\/\/pracek.si\/ekrani-za-prenosnike\/product\/hp-250-g4-lcd-zaslon-156-fhd-mat-30-pin-edp-z-nosilci-nov\/","title":{"rendered":"HP 250 G4 LCD zaslon 15,6&#8243; FHD mat 30-pin eDP z nosilci Nov"},"content":{"rendered":"<p><strong><p>Trenutno na zalogi zaslon: NT156FHM-N41 \/ B156XW04 v.5 (enake specifikacije \/ popolnoma zdru\u017eljiv!)<\/p>\n<\/strong><\/p>\n<p>O\u017eivite svoj prenosnik HP 250 G4 z novim 15,6&#8243; LCD zaslonom, zasnovanim za izbolj\u0161anje va\u0161e izku\u0161nje gledanja s Full HD lo\u010dljivostjo (1920&#215;1080). Ta zaslon ima matirano povr\u0161ino, ki zmanj\u0161uje odseve in ble\u0161\u010danje, kar omogo\u010da udobno gledanje v razli\u010dnih svetlobnih pogojih. \u010ceprav nima IPS tehnologije, \u0161e vedno zagotavlja ostre in jasne slike, primerne za vsakodnevne ra\u010dunalni\u0161ke naloge.<\/p>\n<p>Zaslon ima zgornje in spodnje nosilce, ki zagotavljajo varno in stabilno namestitev na va\u0161o napravo. 30-pinski eDP konektor zagotavlja zanesljivo povezavo, kar ga naredi idealnega za zamenjavo po\u0161kodovanega ali pokvarjenega zaslona. Ne glede na to, ali brskate po spletu, delate na dokumentih ali pretakate videoposnetke, bo ta LCD zaslon zadostil va\u0161im vsakodnevnim potrebam.<\/p>\n<p>Prosimo, upo\u0161tevajte, da je zaslon v popolnoma novem stanju, kar zagotavlja, da prispe brez napak in je pripravljen za namestitev.<\/p>\n","protected":false},"excerpt":{"rendered":"<p>Nadgradite svoj prenosnik HP 250 G4 z 15,6&#8243; FHD matiranim LCD zaslonom. Ima 30-pinski eDP konektor, zgornje in spodnje nosilce ter ne-IPS tehnologijo, kar zagotavlja ostre slike z manj ble\u0161\u010danja. Stanje: novo.<\/p>\n","protected":false},"featured_media":7555,"template":"","meta":[],"product_brand":[],"product_cat":[50],"product_tag":[62],"class_list":{"0":"post-7587","1":"product","2":"type-product","3":"status-publish","4":"has-post-thumbnail","6":"product_cat-15-6","7":"product_tag-hp","9":"first","10":"instock","11":"taxable","12":"shipping-taxable","13":"purchasable","14":"product-type-simple"},"_links":{"self":[{"href":"https:\/\/pracek.si\/ekrani-za-prenosnike\/wp-json\/wp\/v2\/product\/7587","targetHints":{"allow":["GET"]}}],"collection":[{"href":"https:\/\/pracek.si\/ekrani-za-prenosnike\/wp-json\/wp\/v2\/product"}],"about":[{"href":"https:\/\/pracek.si\/ekrani-za-prenosnike\/wp-json\/wp\/v2\/types\/product"}],"wp:featuredmedia":[{"embeddable":true,"href":"https:\/\/pracek.si\/ekrani-za-prenosnike\/wp-json\/wp\/v2\/media\/7555"}],"wp:attachment":[{"href":"https:\/\/pracek.si\/ekrani-za-prenosnike\/wp-json\/wp\/v2\/media?parent=7587"}],"wp:term":[{"taxonomy":"product_brand","embeddable":true,"href":"https:\/\/pracek.si\/ekrani-za-prenosnike\/wp-json\/wp\/v2\/product_brand?post=7587"},{"taxonomy":"product_cat","embeddable":true,"href":"https:\/\/pracek.si\/ekrani-za-prenosnike\/wp-json\/wp\/v2\/product_cat?post=7587"},{"taxonomy":"product_tag","embeddable":true,"href":"https:\/\/pracek.si\/ekrani-za-prenosnike\/wp-json\/wp\/v2\/product_tag?post=7587"}],"curies":[{"name":"wp","href":"https:\/\/api.w.org\/{rel}","templated":true}]}}