{"id":7588,"date":"2024-08-31T14:33:47","date_gmt":"2024-08-31T14:33:47","guid":{"rendered":"https:\/\/pracek.si\/ekrani-za-prenosnike\/?post_type=product&#038;p=7588"},"modified":"2025-09-11T11:16:07","modified_gmt":"2025-09-11T11:16:07","slug":"lenovo-ideapad-305-15ihw-156-fhd-lcd-zaslon-mat-edp-30pin-z-nosilci-nov","status":"publish","type":"product","link":"https:\/\/pracek.si\/ekrani-za-prenosnike\/product\/lenovo-ideapad-305-15ihw-156-fhd-lcd-zaslon-mat-edp-30pin-z-nosilci-nov\/","title":{"rendered":"Lenovo Ideapad 305-15IHW 15,6&#8243; FHD LCD zaslon mat eDP 30pin z nosilci Nov"},"content":{"rendered":"<p><strong><p>Trenutno na zalogi zaslon: NT156FHM-N41 \/ B156XW04 v.5 (enake specifikacije \/ popolnoma zdru\u017eljiv!)<\/p>\n<\/strong><\/p>\n<p>Izbolj\u0161ajte svoj Lenovo Ideapad 305-15IHW (model 80NH0002UK) z 15,6&#8243; Full HD LCD zaslonom. Zasnovan za jasnost in vzdr\u017eljivost, ta zaslon ima matirano povr\u0161ino, ki zmanj\u0161uje ble\u0161\u010danje in omogo\u010da udobno gledanje v razli\u010dnih svetlobnih pogojih. \u010ceprav ni IPS, \u0161e vedno ponuja ostre in \u017eivahne slike z lo\u010dljivostjo 1920&#215;1080, kar izbolj\u0161a va\u0161e vsakodnevne naloge in zabavo.<\/p>\n<p>Povezava eDP 30-pin zagotavlja stabilno in zanesljivo povezavo z va\u0161im prenosnikom, prilo\u017eeni zgornji in spodnji nosilci pa omogo\u010dajo enostavno in varno namestitev. Ta zaslon je idealna zamenjava, \u010de je va\u0161 trenutni zaslon po\u0161kodovan ali \u010de \u017eelite nadgraditi na Full HD lo\u010dljivost.<\/p>\n<p>Zaslon je v popolnoma novem stanju, kar zagotavlja optimalno delovanje in dolgo \u017eivljenjsko dobo va\u0161ega prenosnika.<\/p>\n","protected":false},"excerpt":{"rendered":"<p>Nadgradite svoj Lenovo Ideapad 305-15IHW s 15,6&#8243; FHD LCD zaslonom. Z matirano povr\u0161ino, eDP 30-pinsko povezavo in prilo\u017eenimi zgornjimi in spodnjimi nosilci, ta ne-IPS zaslon zagotavlja jasne vizualne u\u010dinke v popolnoma novem stanju.<\/p>\n","protected":false},"featured_media":7555,"template":"","meta":[],"product_brand":[],"product_cat":[50],"product_tag":[60],"class_list":{"0":"post-7588","1":"product","2":"type-product","3":"status-publish","4":"has-post-thumbnail","6":"product_cat-15-6","7":"product_tag-lenovo","9":"first","10":"instock","11":"taxable","12":"shipping-taxable","13":"purchasable","14":"product-type-simple"},"_links":{"self":[{"href":"https:\/\/pracek.si\/ekrani-za-prenosnike\/wp-json\/wp\/v2\/product\/7588","targetHints":{"allow":["GET"]}}],"collection":[{"href":"https:\/\/pracek.si\/ekrani-za-prenosnike\/wp-json\/wp\/v2\/product"}],"about":[{"href":"https:\/\/pracek.si\/ekrani-za-prenosnike\/wp-json\/wp\/v2\/types\/product"}],"wp:featuredmedia":[{"embeddable":true,"href":"https:\/\/pracek.si\/ekrani-za-prenosnike\/wp-json\/wp\/v2\/media\/7555"}],"wp:attachment":[{"href":"https:\/\/pracek.si\/ekrani-za-prenosnike\/wp-json\/wp\/v2\/media?parent=7588"}],"wp:term":[{"taxonomy":"product_brand","embeddable":true,"href":"https:\/\/pracek.si\/ekrani-za-prenosnike\/wp-json\/wp\/v2\/product_brand?post=7588"},{"taxonomy":"product_cat","embeddable":true,"href":"https:\/\/pracek.si\/ekrani-za-prenosnike\/wp-json\/wp\/v2\/product_cat?post=7588"},{"taxonomy":"product_tag","embeddable":true,"href":"https:\/\/pracek.si\/ekrani-za-prenosnike\/wp-json\/wp\/v2\/product_tag?post=7588"}],"curies":[{"name":"wp","href":"https:\/\/api.w.org\/{rel}","templated":true}]}}