{"id":7589,"date":"2024-08-31T16:52:10","date_gmt":"2024-08-31T16:52:10","guid":{"rendered":"https:\/\/pracek.si\/ekrani-za-prenosnike\/?post_type=product&#038;p=7589"},"modified":"2025-09-11T11:16:12","modified_gmt":"2025-09-11T11:16:12","slug":"lp156whbtpd1-lcd-zaslon-156-fhd-mat-30pin-edp-z-nosilci-nov","status":"publish","type":"product","link":"https:\/\/pracek.si\/ekrani-za-prenosnike\/product\/lp156whbtpd1-lcd-zaslon-156-fhd-mat-30pin-edp-z-nosilci-nov\/","title":{"rendered":"LP156WHB(TP)(D1) LCD zaslon 15,6&#8243; FHD mat 30pin eDP z nosilci Nov"},"content":{"rendered":"<p><strong><p>Trenutno na zalogi zaslon: NT156FHM-N41 \/ B156XW04 v.5 (enake specifikacije \/ popolnoma zdru\u017eljiv!)<\/p>\n<\/strong><\/p>\n<p>Izbolj\u0161ajte prikaz na va\u0161em prenosniku z LCD zaslonom LP156WHB(TP)(D1) velikosti 15,6&#8243;, ki je namenjen vsem, ki i\u0161\u010dejo ravnovesje med zmogljivostjo in jasnostjo. Z lo\u010dljivostjo Full HD (1920&#215;1080) ta zaslon zagotavlja ostre in podrobne slike, zaradi \u010desar je idealen za razli\u010dne naloge, od dela do zabave.<\/p>\n<p>Matirana povr\u0161ina pomaga zmanj\u0161ati ble\u0161\u010danje, kar zagotavlja udobno gledanje v razli\u010dnih svetlobnih pogojih. Ta zaslon ima 30-pinsko eDP povezavo za zanesljivo delovanje, poleg tega pa vklju\u010duje tudi zgornje in spodnje nosilce, kar poenostavi postopek namestitve.<\/p>\n<p>Upo\u0161tevajte, da ta zaslon ni IPS, kar ga naredi cenovno ugodnej\u0161ega, hkrati pa \u0161e vedno zagotavlja odli\u010dno kakovost slike. Izdelek je v popolnoma novem stanju, kar zagotavlja, da prejmete visokokakovosten nadomestni zaslon, ki bo izbolj\u0161al va\u0161o napravo.<\/p>\n","protected":false},"excerpt":{"rendered":"<p>Nadgradite svoj prenosnik z LCD zaslonom LP156WHB(TP)(D1) velikosti 15,6&#8243;. Ta FHD mat zaslon s 30-pinsko eDP povezavo in prilo\u017eenimi zgornjimi ter spodnjimi nosilci nudi ostre vizualne u\u010dinke in enostavno namestitev. Stanje: novo.<\/p>\n","protected":false},"featured_media":7555,"template":"","meta":[],"product_brand":[],"product_cat":[50],"product_tag":[],"class_list":{"0":"post-7589","1":"product","2":"type-product","3":"status-publish","4":"has-post-thumbnail","6":"product_cat-15-6","8":"first","9":"instock","10":"taxable","11":"shipping-taxable","12":"purchasable","13":"product-type-simple"},"_links":{"self":[{"href":"https:\/\/pracek.si\/ekrani-za-prenosnike\/wp-json\/wp\/v2\/product\/7589","targetHints":{"allow":["GET"]}}],"collection":[{"href":"https:\/\/pracek.si\/ekrani-za-prenosnike\/wp-json\/wp\/v2\/product"}],"about":[{"href":"https:\/\/pracek.si\/ekrani-za-prenosnike\/wp-json\/wp\/v2\/types\/product"}],"wp:featuredmedia":[{"embeddable":true,"href":"https:\/\/pracek.si\/ekrani-za-prenosnike\/wp-json\/wp\/v2\/media\/7555"}],"wp:attachment":[{"href":"https:\/\/pracek.si\/ekrani-za-prenosnike\/wp-json\/wp\/v2\/media?parent=7589"}],"wp:term":[{"taxonomy":"product_brand","embeddable":true,"href":"https:\/\/pracek.si\/ekrani-za-prenosnike\/wp-json\/wp\/v2\/product_brand?post=7589"},{"taxonomy":"product_cat","embeddable":true,"href":"https:\/\/pracek.si\/ekrani-za-prenosnike\/wp-json\/wp\/v2\/product_cat?post=7589"},{"taxonomy":"product_tag","embeddable":true,"href":"https:\/\/pracek.si\/ekrani-za-prenosnike\/wp-json\/wp\/v2\/product_tag?post=7589"}],"curies":[{"name":"wp","href":"https:\/\/api.w.org\/{rel}","templated":true}]}}