{"id":7590,"date":"2024-08-31T17:02:56","date_gmt":"2024-08-31T17:02:56","guid":{"rendered":"https:\/\/pracek.si\/ekrani-za-prenosnike\/?post_type=product&#038;p=7590"},"modified":"2025-09-11T11:16:02","modified_gmt":"2025-09-11T11:16:02","slug":"hp-250-g5-156-lcd-zaslon-fhd-mat-30-pin-z-nosilci-nov","status":"publish","type":"product","link":"https:\/\/pracek.si\/ekrani-za-prenosnike\/product\/hp-250-g5-156-lcd-zaslon-fhd-mat-30-pin-z-nosilci-nov\/","title":{"rendered":"HP 250 G5 15,6&#8243; LCD zaslon FHD mat 30-pin z nosilci Nov"},"content":{"rendered":"<p><strong><p>Trenutno na zalogi zaslon: NT156FHM-N41 \/ B156XW04 v.5 (enake specifikacije \/ popolnoma zdru\u017eljiv!)<\/p>\n<\/strong><\/p>\n<p>Izbolj\u0161ajte prikaz na svojem prenosniku HP 250 G5 s kakovostnim 15,6&#8243; matiranim LCD zaslonom. Zaslon je zasnovan tako, da ponuja jasne in ostre slike, saj se pona\u0161a s Full HD (1920&#215;1080) lo\u010dljivostjo, kar zagotavlja podrobne slike in izbolj\u0161ano izku\u0161njo gledanja. Matirana povr\u0161ina zmanj\u0161uje ble\u0161\u010danje, kar omogo\u010da la\u017eje delo v razli\u010dnih svetlobnih pogojih.<\/p>\n<p>Ta zaslon ima eDP 30-pinsko povezavo in je brez IPS tehnologije, kar zagotavlja zanesljivo delovanje za vsakodnevno uporabo. Zaslon vklju\u010duje zgornje in spodnje nosilce, kar poenostavi postopek namestitve in zagotavlja varno prileganje v va\u0161 prenosnik.<\/p>\n<p>Ne glede na to, ali zamenjujete po\u0161kodovan zaslon ali nadgrajujete za bolj\u0161o vizualno izku\u0161njo, je ta LCD zaslon popolna izbira za va\u0161 HP 250 G5. Zaslon je popolnoma nov, kar zagotavlja, da prejmete izdelek brez napak, pripravljen za takoj\u0161njo namestitev.<\/p>\n","protected":false},"excerpt":{"rendered":"<p>Nadgradite svoj prenosnik HP 250 G5 z novim 15,6&#8243; matiranim LCD zaslonom. Pona\u0161a se s FHD lo\u010dljivostjo, eDP 30-pinsko povezavo, prilo\u017eeni so zgornji in spodnji nosilci za enostavno namestitev. Stanje: novo.<\/p>\n","protected":false},"featured_media":7555,"template":"","meta":[],"product_brand":[],"product_cat":[50],"product_tag":[62],"class_list":{"0":"post-7590","1":"product","2":"type-product","3":"status-publish","4":"has-post-thumbnail","6":"product_cat-15-6","7":"product_tag-hp","9":"first","10":"instock","11":"taxable","12":"shipping-taxable","13":"purchasable","14":"product-type-simple"},"_links":{"self":[{"href":"https:\/\/pracek.si\/ekrani-za-prenosnike\/wp-json\/wp\/v2\/product\/7590","targetHints":{"allow":["GET"]}}],"collection":[{"href":"https:\/\/pracek.si\/ekrani-za-prenosnike\/wp-json\/wp\/v2\/product"}],"about":[{"href":"https:\/\/pracek.si\/ekrani-za-prenosnike\/wp-json\/wp\/v2\/types\/product"}],"wp:featuredmedia":[{"embeddable":true,"href":"https:\/\/pracek.si\/ekrani-za-prenosnike\/wp-json\/wp\/v2\/media\/7555"}],"wp:attachment":[{"href":"https:\/\/pracek.si\/ekrani-za-prenosnike\/wp-json\/wp\/v2\/media?parent=7590"}],"wp:term":[{"taxonomy":"product_brand","embeddable":true,"href":"https:\/\/pracek.si\/ekrani-za-prenosnike\/wp-json\/wp\/v2\/product_brand?post=7590"},{"taxonomy":"product_cat","embeddable":true,"href":"https:\/\/pracek.si\/ekrani-za-prenosnike\/wp-json\/wp\/v2\/product_cat?post=7590"},{"taxonomy":"product_tag","embeddable":true,"href":"https:\/\/pracek.si\/ekrani-za-prenosnike\/wp-json\/wp\/v2\/product_tag?post=7590"}],"curies":[{"name":"wp","href":"https:\/\/api.w.org\/{rel}","templated":true}]}}