{"id":7591,"date":"2024-08-31T17:12:45","date_gmt":"2024-08-31T17:12:45","guid":{"rendered":"https:\/\/pracek.si\/ekrani-za-prenosnike\/?post_type=product&#038;p=7591"},"modified":"2025-09-11T11:16:03","modified_gmt":"2025-09-11T11:16:03","slug":"acer-aspire-3-a315-51-36xn-lcd-156-mat-fhd-30pin-z-nosilci-nov","status":"publish","type":"product","link":"https:\/\/pracek.si\/ekrani-za-prenosnike\/product\/acer-aspire-3-a315-51-36xn-lcd-156-mat-fhd-30pin-z-nosilci-nov\/","title":{"rendered":"ACER ASPIRE 3 A315 51 36XN LCD 15,6&#8243; Mat FHD 30pin z Nosilci Nov"},"content":{"rendered":"<p><strong><p>Trenutno na zalogi zaslon: NT156FHM-N41 \/ B156XW04 v.5 (enake specifikacije \/ popolnoma zdru\u017eljiv!)<\/p>\n<\/strong><\/p>\n<p>Izbolj\u0161ajte svoj Acer Aspire 3 A315-51-36XN z novim 15,6&#8243; Full HD LCD zaslonom, zasnovanim za zagotavljanje jasnih in ostrih slik. Zaslon ima lo\u010dljivost 1920&#215;1080, kar omogo\u010da odli\u010dno jasnost in podrobnosti za vse va\u0161e ra\u010dunalni\u0161ke potrebe. Matiran premaz zmanj\u0161uje ble\u0161\u010danje, kar olaj\u0161a uporabo v razli\u010dnih svetlobnih pogojih.<\/p>\n<p>Ta LCD zaslon vklju\u010duje zgornje in spodnje nosilce, kar zagotavlja varno prileganje in enostavno namestitev. 30-pinski eDP konektor zagotavlja stabilno povezavo, medtem ko ne-IPS tehnologija ponuja standardno izku\u0161njo gledanja. Ta zaslon je idealna zamenjava za va\u0161 po\u0161kodovani ali okvarjeni zaslon, ki bo va\u0161emu prenosniku povrnil \u017eivahne vizualne u\u010dinke.<\/p>\n<p>Upo\u0161tevajte, da je ta zaslon v popolnoma novem stanju, kar zagotavlja, da prejmete brezhiben izdelek, pripravljen za namestitev.<\/p>\n","protected":false},"excerpt":{"rendered":"<p>Nadgradite svoj Acer Aspire 3 A315-51-36XN z 15,6&#8243; FHD LCD zaslonom. Z matiranim premazom, 30-pinsko eDP povezavo in zgornjimi ter spodnjimi nosilci je zaslon idealen za enostavno zamenjavo. Stanje: novo.<\/p>\n","protected":false},"featured_media":7555,"template":"","meta":[],"product_brand":[],"product_cat":[50],"product_tag":[59],"class_list":{"0":"post-7591","1":"product","2":"type-product","3":"status-publish","4":"has-post-thumbnail","6":"product_cat-15-6","7":"product_tag-acer","9":"first","10":"instock","11":"taxable","12":"shipping-taxable","13":"purchasable","14":"product-type-simple"},"_links":{"self":[{"href":"https:\/\/pracek.si\/ekrani-za-prenosnike\/wp-json\/wp\/v2\/product\/7591","targetHints":{"allow":["GET"]}}],"collection":[{"href":"https:\/\/pracek.si\/ekrani-za-prenosnike\/wp-json\/wp\/v2\/product"}],"about":[{"href":"https:\/\/pracek.si\/ekrani-za-prenosnike\/wp-json\/wp\/v2\/types\/product"}],"wp:featuredmedia":[{"embeddable":true,"href":"https:\/\/pracek.si\/ekrani-za-prenosnike\/wp-json\/wp\/v2\/media\/7555"}],"wp:attachment":[{"href":"https:\/\/pracek.si\/ekrani-za-prenosnike\/wp-json\/wp\/v2\/media?parent=7591"}],"wp:term":[{"taxonomy":"product_brand","embeddable":true,"href":"https:\/\/pracek.si\/ekrani-za-prenosnike\/wp-json\/wp\/v2\/product_brand?post=7591"},{"taxonomy":"product_cat","embeddable":true,"href":"https:\/\/pracek.si\/ekrani-za-prenosnike\/wp-json\/wp\/v2\/product_cat?post=7591"},{"taxonomy":"product_tag","embeddable":true,"href":"https:\/\/pracek.si\/ekrani-za-prenosnike\/wp-json\/wp\/v2\/product_tag?post=7591"}],"curies":[{"name":"wp","href":"https:\/\/api.w.org\/{rel}","templated":true}]}}