{"id":7592,"date":"2024-08-31T17:17:09","date_gmt":"2024-08-31T17:17:09","guid":{"rendered":"https:\/\/pracek.si\/ekrani-za-prenosnike\/?post_type=product&#038;p=7592"},"modified":"2025-09-11T11:16:04","modified_gmt":"2025-09-11T11:16:04","slug":"dell-inspiron-15-3000-series-15-6-fhd-mat-lcd-zaslon-z-nosilci-nov","status":"publish","type":"product","link":"https:\/\/pracek.si\/ekrani-za-prenosnike\/product\/dell-inspiron-15-3000-series-15-6-fhd-mat-lcd-zaslon-z-nosilci-nov\/","title":{"rendered":"DELL Inspiron 15 3000 Series 15.6&#8243; FHD mat LCD zaslon z nosilci Nov"},"content":{"rendered":"<p><strong><p>Trenutno na zalogi zaslon: NT156FHM-N41 \/ B156XW04 v.5 (enake specifikacije \/ popolnoma zdru\u017eljiv!)<\/p>\n<\/strong><\/p>\n<p>Izbolj\u0161ajte svoj prenosnik Dell Inspiron 15 3000 Series z visokokakovostnim 15,6&#8243; LCD zaslonom, posebej zasnovanim za modele 3543, 3552, I3552-5240BLK in I3552-9240BLK. Ta zaslon ponuja lo\u010dljivost Full HD (1920&#215;1080), kar zagotavlja ostre in jasne slike, idealne za delo in zabavo.<\/p>\n<p>Mat povr\u0161ina zmanj\u0161a ble\u0161\u010danje, kar omogo\u010da udobno gledanje tudi v svetlej\u0161ih okoljih. Z eDP 30-pinsko povezavo zaslon zagotavlja zanesljivo in brezhibno povezavo z va\u0161o napravo. \u010ceprav ni IPS zaslon, \u0161e vedno ponuja odli\u010dno natan\u010dnost barv in svetlost.<\/p>\n<p>Ta nadomestni zaslon vklju\u010duje zgornje in spodnje nosilce, kar omogo\u010da enostavno in varno namestitev. Idealen je za zamenjavo po\u0161kodovanega ali zastarelega zaslona, ta nov LCD zaslon bo povrnil kakovost prikaza va\u0161ega prenosnika na prvotno raven.<\/p>\n","protected":false},"excerpt":{"rendered":"<p>Nadgradite svoj Dell Inspiron 15 3000 Series z 15,6&#8243; FHD mat LCD zaslonom. Zdru\u017eljiv z modeli 3543, 3552, I3552-5240BLK in I3552-9240BLK. Pona\u0161a se z eDP 30-pinsko povezavo, ne-IPS tehnologijo in vklju\u010duje zgornje in spodnje nosilce. Stanje: novo.<\/p>\n","protected":false},"featured_media":7555,"template":"","meta":[],"product_brand":[],"product_cat":[50],"product_tag":[64],"class_list":{"0":"post-7592","1":"product","2":"type-product","3":"status-publish","4":"has-post-thumbnail","6":"product_cat-15-6","7":"product_tag-dell","9":"first","10":"instock","11":"taxable","12":"shipping-taxable","13":"purchasable","14":"product-type-simple"},"_links":{"self":[{"href":"https:\/\/pracek.si\/ekrani-za-prenosnike\/wp-json\/wp\/v2\/product\/7592","targetHints":{"allow":["GET"]}}],"collection":[{"href":"https:\/\/pracek.si\/ekrani-za-prenosnike\/wp-json\/wp\/v2\/product"}],"about":[{"href":"https:\/\/pracek.si\/ekrani-za-prenosnike\/wp-json\/wp\/v2\/types\/product"}],"wp:featuredmedia":[{"embeddable":true,"href":"https:\/\/pracek.si\/ekrani-za-prenosnike\/wp-json\/wp\/v2\/media\/7555"}],"wp:attachment":[{"href":"https:\/\/pracek.si\/ekrani-za-prenosnike\/wp-json\/wp\/v2\/media?parent=7592"}],"wp:term":[{"taxonomy":"product_brand","embeddable":true,"href":"https:\/\/pracek.si\/ekrani-za-prenosnike\/wp-json\/wp\/v2\/product_brand?post=7592"},{"taxonomy":"product_cat","embeddable":true,"href":"https:\/\/pracek.si\/ekrani-za-prenosnike\/wp-json\/wp\/v2\/product_cat?post=7592"},{"taxonomy":"product_tag","embeddable":true,"href":"https:\/\/pracek.si\/ekrani-za-prenosnike\/wp-json\/wp\/v2\/product_tag?post=7592"}],"curies":[{"name":"wp","href":"https:\/\/api.w.org\/{rel}","templated":true}]}}