{"id":7594,"date":"2024-09-02T04:02:01","date_gmt":"2024-09-02T04:02:01","guid":{"rendered":"https:\/\/pracek.si\/ekrani-za-prenosnike\/?post_type=product&#038;p=7594"},"modified":"2025-09-11T11:16:44","modified_gmt":"2025-09-11T11:16:44","slug":"lenovo-ideapad-100-15iby-lcd-156-fhd-mat-edp-30-pin-z-nosilci-nov","status":"publish","type":"product","link":"https:\/\/pracek.si\/ekrani-za-prenosnike\/product\/lenovo-ideapad-100-15iby-lcd-156-fhd-mat-edp-30-pin-z-nosilci-nov\/","title":{"rendered":"Lenovo IdeaPad 100 15IBY LCD 15,6&#8243; FHD mat eDP 30-pin z nosilci Nov"},"content":{"rendered":"<p><strong><p>Trenutno na zalogi zaslon: NT156FHM-N41 \/ B156XW04 v.5 (enake specifikacije \/ popolnoma zdru\u017eljiv!)<\/p>\n<\/strong><\/p>\n<p>Izbolj\u0161ajte svoj Lenovo IdeaPad 100 15IBY prenosnik z novim 15,6&#8243; LCD zaslonom, ki je zasnovan za jasne in \u017eivahne slike. Z lo\u010dljivostjo Full HD (1920&#215;1080) zagotavlja ostre in podrobne slike, kar je idealno tako za delo kot za zabavo. Matirana povr\u0161ina zmanj\u0161uje ble\u0161\u010danje, kar omogo\u010da udobno gledanje tudi v svetlih prostorih.<\/p>\n<p>Ta zaslon je opremljen z zgornjimi in spodnjimi nosilci, kar omogo\u010da enostavno namestitev in zagotavlja varno prileganje. Povezava eDP s 30 pini ponuja stabilen in zanesljiv vmesnik z va\u0161o napravo. \u010ceprav ta zaslon ni IPS, \u0161e vedno ponuja dobro zmogljivost za vsakodnevne naloge.<\/p>\n<p>Nadomestni LCD zaslon je v popolnoma novem stanju, kar zagotavlja, da prejmete visokokakovosten izdelek brez napak.<\/p>\n","protected":false},"excerpt":{"rendered":"<p>Nadgradite svoj Lenovo IdeaPad 100 15IBY z novim 15,6&#8243; FHD LCD zaslonom. Ta matiran zaslon z eDP 30-pinsko povezavo in zgornjimi ter spodnjimi nosilci zagotavlja jasne vizualne u\u010dinke. Stanje: novo.<\/p>\n","protected":false},"featured_media":7555,"template":"","meta":[],"product_brand":[],"product_cat":[50],"product_tag":[60],"class_list":{"0":"post-7594","1":"product","2":"type-product","3":"status-publish","4":"has-post-thumbnail","6":"product_cat-15-6","7":"product_tag-lenovo","9":"first","10":"instock","11":"taxable","12":"shipping-taxable","13":"purchasable","14":"product-type-simple"},"_links":{"self":[{"href":"https:\/\/pracek.si\/ekrani-za-prenosnike\/wp-json\/wp\/v2\/product\/7594","targetHints":{"allow":["GET"]}}],"collection":[{"href":"https:\/\/pracek.si\/ekrani-za-prenosnike\/wp-json\/wp\/v2\/product"}],"about":[{"href":"https:\/\/pracek.si\/ekrani-za-prenosnike\/wp-json\/wp\/v2\/types\/product"}],"wp:featuredmedia":[{"embeddable":true,"href":"https:\/\/pracek.si\/ekrani-za-prenosnike\/wp-json\/wp\/v2\/media\/7555"}],"wp:attachment":[{"href":"https:\/\/pracek.si\/ekrani-za-prenosnike\/wp-json\/wp\/v2\/media?parent=7594"}],"wp:term":[{"taxonomy":"product_brand","embeddable":true,"href":"https:\/\/pracek.si\/ekrani-za-prenosnike\/wp-json\/wp\/v2\/product_brand?post=7594"},{"taxonomy":"product_cat","embeddable":true,"href":"https:\/\/pracek.si\/ekrani-za-prenosnike\/wp-json\/wp\/v2\/product_cat?post=7594"},{"taxonomy":"product_tag","embeddable":true,"href":"https:\/\/pracek.si\/ekrani-za-prenosnike\/wp-json\/wp\/v2\/product_tag?post=7594"}],"curies":[{"name":"wp","href":"https:\/\/api.w.org\/{rel}","templated":true}]}}