{"id":7595,"date":"2024-09-02T04:09:03","date_gmt":"2024-09-02T04:09:03","guid":{"rendered":"https:\/\/pracek.si\/ekrani-za-prenosnike\/?post_type=product&#038;p=7595"},"modified":"2025-09-11T11:16:36","modified_gmt":"2025-09-11T11:16:36","slug":"hp-compaq-15-ac106na-lcd-156-fhd-mat-edp-30pin-z-nosilci-nov","status":"publish","type":"product","link":"https:\/\/pracek.si\/ekrani-za-prenosnike\/product\/hp-compaq-15-ac106na-lcd-156-fhd-mat-edp-30pin-z-nosilci-nov\/","title":{"rendered":"HP Compaq 15 AC106NA LCD 15,6&#8243; FHD Mat eDP 30pin z nosilci Nov"},"content":{"rendered":"<p><strong><p>Trenutno na zalogi zaslon: NT156FHM-N41 \/ B156XW04 v.5 (enake specifikacije \/ popolnoma zdru\u017eljiv!)<\/p>\n<\/strong><\/p>\n<p>Izbolj\u0161ajte svoj HP Compaq 15 AC106NA prenosnik z novim 15,6&#8243; LCD zaslonom, namenjenim tistim, ki i\u0161\u010dejo zanesljivo zmogljivost in jasno sliko. Ta zaslon se pona\u0161a z lo\u010dljivostjo Full HD (1920&#215;1080), ki ponuja ostre in podrobne slike, kar izbolj\u0161a va\u0161o splo\u0161no izku\u0161njo gledanja. Matirana povr\u0161ina zmanj\u0161uje ble\u0161\u010danje, kar olaj\u0161a delo ali u\u017eivanje v medijih v razli\u010dnih svetlobnih pogojih.<\/p>\n<p>Ta ne-IPS zaslon uporablja 30-pinsko eDP povezavo, kar zagotavlja stabilno in varno povezavo z va\u0161o napravo. Z vklju\u010ditvijo zgornjih in spodnjih nosilcev je postopek namestitve preprost, kar vam omogo\u010da hitro zamenjavo starega ali po\u0161kodovanega zaslona.<\/p>\n<p>Ta LCD zaslon je v popolnoma novem stanju, kar zagotavlja, da prejmete brezhiben izdelek, pripravljen za izbolj\u0161anje kakovosti prikaza va\u0161ega prenosnika.<\/p>\n","protected":false},"excerpt":{"rendered":"<p>Nadgradite svoj HP Compaq 15 AC106NA prenosnik z 15,6&#8243; FHD mat LCD zaslonom. S 30-pinsko eDP povezavo ta ne-IPS zaslon ponuja ostre slike. Vklju\u010deni zgornji in spodnji nosilci za enostavno namestitev. Stanje: novo.<\/p>\n","protected":false},"featured_media":7555,"template":"","meta":[],"product_brand":[],"product_cat":[50],"product_tag":[62],"class_list":{"0":"post-7595","1":"product","2":"type-product","3":"status-publish","4":"has-post-thumbnail","6":"product_cat-15-6","7":"product_tag-hp","9":"first","10":"instock","11":"taxable","12":"shipping-taxable","13":"purchasable","14":"product-type-simple"},"_links":{"self":[{"href":"https:\/\/pracek.si\/ekrani-za-prenosnike\/wp-json\/wp\/v2\/product\/7595","targetHints":{"allow":["GET"]}}],"collection":[{"href":"https:\/\/pracek.si\/ekrani-za-prenosnike\/wp-json\/wp\/v2\/product"}],"about":[{"href":"https:\/\/pracek.si\/ekrani-za-prenosnike\/wp-json\/wp\/v2\/types\/product"}],"wp:featuredmedia":[{"embeddable":true,"href":"https:\/\/pracek.si\/ekrani-za-prenosnike\/wp-json\/wp\/v2\/media\/7555"}],"wp:attachment":[{"href":"https:\/\/pracek.si\/ekrani-za-prenosnike\/wp-json\/wp\/v2\/media?parent=7595"}],"wp:term":[{"taxonomy":"product_brand","embeddable":true,"href":"https:\/\/pracek.si\/ekrani-za-prenosnike\/wp-json\/wp\/v2\/product_brand?post=7595"},{"taxonomy":"product_cat","embeddable":true,"href":"https:\/\/pracek.si\/ekrani-za-prenosnike\/wp-json\/wp\/v2\/product_cat?post=7595"},{"taxonomy":"product_tag","embeddable":true,"href":"https:\/\/pracek.si\/ekrani-za-prenosnike\/wp-json\/wp\/v2\/product_tag?post=7595"}],"curies":[{"name":"wp","href":"https:\/\/api.w.org\/{rel}","templated":true}]}}