{"id":7596,"date":"2024-09-02T04:13:35","date_gmt":"2024-09-02T04:13:35","guid":{"rendered":"https:\/\/pracek.si\/ekrani-za-prenosnike\/?post_type=product&#038;p=7596"},"modified":"2025-09-11T11:16:44","modified_gmt":"2025-09-11T11:16:44","slug":"hp-tpn-c-125-lcd-zaslon-156-fhd-mat-edp-30pin-z-nosilci-ne-ips-nov","status":"publish","type":"product","link":"https:\/\/pracek.si\/ekrani-za-prenosnike\/product\/hp-tpn-c-125-lcd-zaslon-156-fhd-mat-edp-30pin-z-nosilci-ne-ips-nov\/","title":{"rendered":"HP TPN C-125 LCD zaslon 15,6&#8243; FHD mat eDP 30pin z nosilci, ne-IPS Nov"},"content":{"rendered":"<p><strong><p>Trenutno na zalogi zaslon: NT156FHM-N41 \/ B156XW04 v.5 (enake specifikacije \/ popolnoma zdru\u017eljiv!)<\/p>\n<\/strong><\/p>\n<p>Izbolj\u0161ajte zaslon svojega prenosnika z LCD zaslonom HP TPN C-125 15,6&#8243;, ki je zasnovan za ostre in jasne vizualne u\u010dinke. Ta zaslon ponuja lo\u010dljivost Full HD (1920&#215;1080), kar zagotavlja ostre in podrobne slike, ki so idealne za vsakodnevno uporabo. Mat premaz zmanj\u0161uje ble\u0161\u010danje, kar je popolno za delo v razli\u010dnih svetlobnih pogojih, medtem ko tehnologija brez IPS zagotavlja stabilen in zanesljiv prikaz.<\/p>\n<p>Povezava z eDP 30-pinskim konektorjem omogo\u010da varno in preprosto povezavo z va\u0161o napravo. Poleg tega zaslon vklju\u010duje zgornje in spodnje nosilce, kar poenostavi postopek namestitve in zagotavlja tesno prileganje v va\u0161em prenosniku.<\/p>\n<p>Ne glede na to, ali zamenjujete po\u0161kodovan zaslon ali nadgrajujete za bolj\u0161e vizualne u\u010dinke, je HP TPN C-125 zanesljiva izbira. Zaslon je popolnoma nov, kar zagotavlja, da prejmete visokokakovosten izdelek, pripravljen za izbolj\u0161anje va\u0161e ra\u010dunalni\u0161ke izku\u0161nje.<\/p>\n","protected":false},"excerpt":{"rendered":"<p>Nadgradite svoj prenosnik z LCD zaslonom HP TPN C-125 15,6&#8243;. Ta FHD mat zaslon z eDP 30-pinsko povezavo vklju\u010duje zgornje in spodnje nosilce za enostavno namestitev. Stanje: novo.<\/p>\n","protected":false},"featured_media":7555,"template":"","meta":[],"product_brand":[],"product_cat":[50],"product_tag":[62],"class_list":{"0":"post-7596","1":"product","2":"type-product","3":"status-publish","4":"has-post-thumbnail","6":"product_cat-15-6","7":"product_tag-hp","9":"first","10":"instock","11":"taxable","12":"shipping-taxable","13":"purchasable","14":"product-type-simple"},"_links":{"self":[{"href":"https:\/\/pracek.si\/ekrani-za-prenosnike\/wp-json\/wp\/v2\/product\/7596","targetHints":{"allow":["GET"]}}],"collection":[{"href":"https:\/\/pracek.si\/ekrani-za-prenosnike\/wp-json\/wp\/v2\/product"}],"about":[{"href":"https:\/\/pracek.si\/ekrani-za-prenosnike\/wp-json\/wp\/v2\/types\/product"}],"wp:featuredmedia":[{"embeddable":true,"href":"https:\/\/pracek.si\/ekrani-za-prenosnike\/wp-json\/wp\/v2\/media\/7555"}],"wp:attachment":[{"href":"https:\/\/pracek.si\/ekrani-za-prenosnike\/wp-json\/wp\/v2\/media?parent=7596"}],"wp:term":[{"taxonomy":"product_brand","embeddable":true,"href":"https:\/\/pracek.si\/ekrani-za-prenosnike\/wp-json\/wp\/v2\/product_brand?post=7596"},{"taxonomy":"product_cat","embeddable":true,"href":"https:\/\/pracek.si\/ekrani-za-prenosnike\/wp-json\/wp\/v2\/product_cat?post=7596"},{"taxonomy":"product_tag","embeddable":true,"href":"https:\/\/pracek.si\/ekrani-za-prenosnike\/wp-json\/wp\/v2\/product_tag?post=7596"}],"curies":[{"name":"wp","href":"https:\/\/api.w.org\/{rel}","templated":true}]}}