{"id":7598,"date":"2024-09-02T05:03:22","date_gmt":"2024-09-02T05:03:22","guid":{"rendered":"https:\/\/pracek.si\/ekrani-za-prenosnike\/?post_type=product&#038;p=7598"},"modified":"2025-09-11T11:16:43","modified_gmt":"2025-09-11T11:16:43","slug":"dell-vostro-15-3558-3000-lcd-15-6-fhd-mat-edp-30pin-z-nosilci-nov","status":"publish","type":"product","link":"https:\/\/pracek.si\/ekrani-za-prenosnike\/product\/dell-vostro-15-3558-3000-lcd-15-6-fhd-mat-edp-30pin-z-nosilci-nov\/","title":{"rendered":"DELL VOSTRO 15 3558 3000 LCD 15.6&#8243; FHD Mat eDP 30pin z nosilci Nov"},"content":{"rendered":"<p><strong><p>Trenutno na zalogi zaslon: NT156FHM-N41 \/ B156XW04 v.5 (enake specifikacije \/ popolnoma zdru\u017eljiv!)<\/p>\n<\/strong><\/p>\n<p>Izbolj\u0161ajte prikaz svojega prenosnika Dell Vostro 15 3558 ali serije 3000 s tem visokokakovostnim 15,6&#8243; LCD zaslonom. Zasnovan posebej za te modele, zaslon ponuja Full HD (1920&#215;1080) lo\u010dljivost, ki zagotavlja ostre in podrobne vizualne vsebine za vrhunsko izku\u0161njo gledanja. Mat zaklju\u010dek zmanj\u0161uje ble\u0161\u010danje, zaradi \u010desar je idealen za uporabo v razli\u010dnih svetlobnih pogojih.<\/p>\n<p>Ta zaslon vklju\u010duje zgornje in spodnje nosilce, kar zagotavlja varno in enostavno namestitev. Povezava z eDP 30-pinskim priklju\u010dkom omogo\u010da zanesljivo delovanje, medtem ko ne-IPS tehnologija zagotavlja dosledno in zanesljivo kakovost prikaza.<\/p>\n<p>Ne glede na to, ali zamenjujete po\u0161kodovan zaslon ali nadgrajujete za izbolj\u0161ano vizualno zmogljivost, je ta nov LCD zaslon odli\u010dna izbira za obnovo kakovosti prikaza va\u0161ega prenosnika.<\/p>\n","protected":false},"excerpt":{"rendered":"<p>Nadgradite svoj prenosnik Dell Vostro 15 3558 ali serije 3000 z 15,6&#8243; FHD mat LCD zaslonom. Ponuja eDP 30-pinsko povezavo, zgornje in spodnje nosilce ter ne-IPS zaslon za jasne in ostre slike. Stanje: novo.<\/p>\n","protected":false},"featured_media":7555,"template":"","meta":[],"product_brand":[],"product_cat":[50],"product_tag":[64],"class_list":{"0":"post-7598","1":"product","2":"type-product","3":"status-publish","4":"has-post-thumbnail","6":"product_cat-15-6","7":"product_tag-dell","9":"first","10":"instock","11":"taxable","12":"shipping-taxable","13":"purchasable","14":"product-type-simple"},"_links":{"self":[{"href":"https:\/\/pracek.si\/ekrani-za-prenosnike\/wp-json\/wp\/v2\/product\/7598","targetHints":{"allow":["GET"]}}],"collection":[{"href":"https:\/\/pracek.si\/ekrani-za-prenosnike\/wp-json\/wp\/v2\/product"}],"about":[{"href":"https:\/\/pracek.si\/ekrani-za-prenosnike\/wp-json\/wp\/v2\/types\/product"}],"wp:featuredmedia":[{"embeddable":true,"href":"https:\/\/pracek.si\/ekrani-za-prenosnike\/wp-json\/wp\/v2\/media\/7555"}],"wp:attachment":[{"href":"https:\/\/pracek.si\/ekrani-za-prenosnike\/wp-json\/wp\/v2\/media?parent=7598"}],"wp:term":[{"taxonomy":"product_brand","embeddable":true,"href":"https:\/\/pracek.si\/ekrani-za-prenosnike\/wp-json\/wp\/v2\/product_brand?post=7598"},{"taxonomy":"product_cat","embeddable":true,"href":"https:\/\/pracek.si\/ekrani-za-prenosnike\/wp-json\/wp\/v2\/product_cat?post=7598"},{"taxonomy":"product_tag","embeddable":true,"href":"https:\/\/pracek.si\/ekrani-za-prenosnike\/wp-json\/wp\/v2\/product_tag?post=7598"}],"curies":[{"name":"wp","href":"https:\/\/api.w.org\/{rel}","templated":true}]}}