{"id":7600,"date":"2024-09-02T05:14:30","date_gmt":"2024-09-02T05:14:30","guid":{"rendered":"https:\/\/pracek.si\/ekrani-za-prenosnike\/?post_type=product&#038;p=7600"},"modified":"2025-09-11T11:16:41","modified_gmt":"2025-09-11T11:16:41","slug":"fujitsu-lifebook-a556-lcd-zaslon-156-fhd-mat-30pin-z-nosilci-nov","status":"publish","type":"product","link":"https:\/\/pracek.si\/ekrani-za-prenosnike\/product\/fujitsu-lifebook-a556-lcd-zaslon-156-fhd-mat-30pin-z-nosilci-nov\/","title":{"rendered":"Fujitsu LifeBook A556 LCD zaslon 15,6&#8243; FHD Mat 30pin z nosilci Nov"},"content":{"rendered":"<p><strong><p>Trenutno na zalogi zaslon: NT156FHM-N41 \/ B156XW04 v.5 (enake specifikacije \/ popolnoma zdru\u017eljiv!)<\/p>\n<\/strong><\/p>\n<p>Izbolj\u0161ajte svoj Fujitsu LifeBook A556 z visokokakovostnim 15,6&#8243; LCD zaslonom, zasnovanim za ostre in jasne vizualne prikaze. Ta zaslon z lo\u010dljivostjo Full HD (1920&#215;1080) ponuja \u010disto sliko, kar je idealno za delo in zabavo. Matirana povr\u0161ina zmanj\u0161uje ble\u0161\u010danje, kar omogo\u010da udobno gledanje v razli\u010dnih svetlobnih pogojih.<\/p>\n<p>Zaslon ima 30-pinski eDP priklju\u010dek, ki zagotavlja varno in stabilno povezavo z va\u0161o napravo. V nasprotju z IPS zasloni, ta ne-IPS zaslon ponuja dobro vizualno zmogljivost s standardnimi koti gledanja, kar je popolno za vsakodnevne naloge. Vklju\u010deni zgornji in spodnji nosilci omogo\u010dajo enostavno in varno namestitev, zato je ta zaslon idealen za zamenjavo obstoje\u010dega zaslona.<\/p>\n<p>Ne glede na to, ali zamenjujete po\u0161kodovan zaslon ali nadgrajujete za bolj\u0161o vizualno izku\u0161njo, je ta LCD zaslon zanesljiva in trajna izbira. Zaslon je popolnoma nov, kar zagotavlja, da prejmete brezhiben izdelek, pripravljen za optimalno delovanje.<\/p>\n","protected":false},"excerpt":{"rendered":"<p>Nadgradite svoj Fujitsu LifeBook A556 z novim 15,6&#8243; FHD LCD zaslonom. Matirana povr\u0161ina, 30-pinski eDP priklju\u010dek in vklju\u010deni zgornji ter spodnji nosilci za enostavno namestitev. Stanje: novo.<\/p>\n","protected":false},"featured_media":7555,"template":"","meta":[],"product_brand":[],"product_cat":[50],"product_tag":[70],"class_list":{"0":"post-7600","1":"product","2":"type-product","3":"status-publish","4":"has-post-thumbnail","6":"product_cat-15-6","7":"product_tag-fujitsu","9":"first","10":"instock","11":"taxable","12":"shipping-taxable","13":"purchasable","14":"product-type-simple"},"_links":{"self":[{"href":"https:\/\/pracek.si\/ekrani-za-prenosnike\/wp-json\/wp\/v2\/product\/7600","targetHints":{"allow":["GET"]}}],"collection":[{"href":"https:\/\/pracek.si\/ekrani-za-prenosnike\/wp-json\/wp\/v2\/product"}],"about":[{"href":"https:\/\/pracek.si\/ekrani-za-prenosnike\/wp-json\/wp\/v2\/types\/product"}],"wp:featuredmedia":[{"embeddable":true,"href":"https:\/\/pracek.si\/ekrani-za-prenosnike\/wp-json\/wp\/v2\/media\/7555"}],"wp:attachment":[{"href":"https:\/\/pracek.si\/ekrani-za-prenosnike\/wp-json\/wp\/v2\/media?parent=7600"}],"wp:term":[{"taxonomy":"product_brand","embeddable":true,"href":"https:\/\/pracek.si\/ekrani-za-prenosnike\/wp-json\/wp\/v2\/product_brand?post=7600"},{"taxonomy":"product_cat","embeddable":true,"href":"https:\/\/pracek.si\/ekrani-za-prenosnike\/wp-json\/wp\/v2\/product_cat?post=7600"},{"taxonomy":"product_tag","embeddable":true,"href":"https:\/\/pracek.si\/ekrani-za-prenosnike\/wp-json\/wp\/v2\/product_tag?post=7600"}],"curies":[{"name":"wp","href":"https:\/\/api.w.org\/{rel}","templated":true}]}}