{"id":7602,"date":"2024-09-02T05:39:57","date_gmt":"2024-09-02T05:39:57","guid":{"rendered":"https:\/\/pracek.si\/ekrani-za-prenosnike\/?post_type=product&#038;p=7602"},"modified":"2025-09-11T11:16:50","modified_gmt":"2025-09-11T11:16:50","slug":"acer-travelmate-p259-156-fhd-mat-lcd-zaslon-z-nosilci-30pin-nov","status":"publish","type":"product","link":"https:\/\/pracek.si\/ekrani-za-prenosnike\/product\/acer-travelmate-p259-156-fhd-mat-lcd-zaslon-z-nosilci-30pin-nov\/","title":{"rendered":"Acer TravelMate P259 15,6&#8243; FHD Mat LCD zaslon z nosilci 30pin Nov"},"content":{"rendered":"<p><strong><p>Trenutno na zalogi zaslon: NT156FHM-N41 \/ B156XW04 v.5 (enake specifikacije \/ popolnoma zdru\u017eljiv!)<\/p>\n<\/strong><\/p>\n<p>Izbolj\u0161ajte svoj Acer TravelMate P259 TMP259 M 57WG z novim 15,6&#8243; LCD zaslonom, ki ponuja ostro Full HD vizualno izku\u0161njo. Ta zaslon ima lo\u010dljivost 1920&#215;1080, kar zagotavlja jasne in podrobne slike, primerne tako za delo kot za zabavo. Matirana povr\u0161ina zmanj\u0161a ble\u0161\u010danje, kar omogo\u010da udobno gledanje v razli\u010dnih svetlobnih pogojih.<\/p>\n<p>Zaslon ima eDP 30-pinsko povezavo in ne-IPS tehnologijo, ki zagotavlja zanesljivo delovanje z nekoliko o\u017ejim kotom gledanja. Vklju\u010deni zgornji in spodnji nosilci omogo\u010dajo enostavno namestitev, kar vam prihrani \u010das in trud.<\/p>\n<p>Ne glede na to, ali zamenjujete po\u0161kodovan zaslon ali nadgrajujete prikaz za bolj\u0161o jasnost, je ta FHD LCD zaslon zanesljiva izbira. Je v popolnoma novem stanju, kar vam zagotavlja, da prejmete brezhiben izdelek, pripravljen za uporabo.<\/p>\n","protected":false},"excerpt":{"rendered":"<p>Nadgradite svoj Acer TravelMate P259 TMP259 M 57WG z 15,6&#8243; FHD mat LCD zaslonom. Z eDP 30-pinsko povezavo, ne-IPS tehnologijo in zgornjimi ter spodnjimi nosilci za enostavno namestitev. Stanje: novo.<\/p>\n","protected":false},"featured_media":7555,"template":"","meta":[],"product_brand":[],"product_cat":[50],"product_tag":[59],"class_list":{"0":"post-7602","1":"product","2":"type-product","3":"status-publish","4":"has-post-thumbnail","6":"product_cat-15-6","7":"product_tag-acer","9":"first","10":"instock","11":"taxable","12":"shipping-taxable","13":"purchasable","14":"product-type-simple"},"_links":{"self":[{"href":"https:\/\/pracek.si\/ekrani-za-prenosnike\/wp-json\/wp\/v2\/product\/7602","targetHints":{"allow":["GET"]}}],"collection":[{"href":"https:\/\/pracek.si\/ekrani-za-prenosnike\/wp-json\/wp\/v2\/product"}],"about":[{"href":"https:\/\/pracek.si\/ekrani-za-prenosnike\/wp-json\/wp\/v2\/types\/product"}],"wp:featuredmedia":[{"embeddable":true,"href":"https:\/\/pracek.si\/ekrani-za-prenosnike\/wp-json\/wp\/v2\/media\/7555"}],"wp:attachment":[{"href":"https:\/\/pracek.si\/ekrani-za-prenosnike\/wp-json\/wp\/v2\/media?parent=7602"}],"wp:term":[{"taxonomy":"product_brand","embeddable":true,"href":"https:\/\/pracek.si\/ekrani-za-prenosnike\/wp-json\/wp\/v2\/product_brand?post=7602"},{"taxonomy":"product_cat","embeddable":true,"href":"https:\/\/pracek.si\/ekrani-za-prenosnike\/wp-json\/wp\/v2\/product_cat?post=7602"},{"taxonomy":"product_tag","embeddable":true,"href":"https:\/\/pracek.si\/ekrani-za-prenosnike\/wp-json\/wp\/v2\/product_tag?post=7602"}],"curies":[{"name":"wp","href":"https:\/\/api.w.org\/{rel}","templated":true}]}}