{"id":7604,"date":"2024-09-02T05:47:51","date_gmt":"2024-09-02T05:47:51","guid":{"rendered":"https:\/\/pracek.si\/ekrani-za-prenosnike\/?post_type=product&#038;p=7604"},"modified":"2025-09-11T11:16:39","modified_gmt":"2025-09-11T11:16:39","slug":"hp-pavilion-15-au077sa-lcd-zaslon-156-fhd-mat-edp-30pin-z-nosilci-nov","status":"publish","type":"product","link":"https:\/\/pracek.si\/ekrani-za-prenosnike\/product\/hp-pavilion-15-au077sa-lcd-zaslon-156-fhd-mat-edp-30pin-z-nosilci-nov\/","title":{"rendered":"HP Pavilion 15 AU077SA LCD zaslon 15,6&#8243; FHD mat eDP 30pin z nosilci Nov"},"content":{"rendered":"<p><strong><p>Trenutno na zalogi zaslon: NT156FHM-N41 \/ B156XW04 v.5 (enake specifikacije \/ popolnoma zdru\u017eljiv!)<\/p>\n<\/strong><\/p>\n<p>Izbolj\u0161ajte zaslon svojega prenosnika HP Pavilion 15 AU077SA s tem visokokakovostnim 15,6&#8243; LCD zaslonom. Zasnovan za popolno prileganje, ta zaslon ponuja lo\u010dljivost Full HD (1920&#215;1080), ki zagotavlja ostre in jasne slike, kar izbolj\u0161a va\u0161o uporabni\u0161ko izku\u0161njo. Matirana povr\u0161ina zmanj\u0161uje ble\u0161\u010danje, kar omogo\u010da udobno gledanje v razli\u010dnih svetlobnih pogojih.<\/p>\n<p>Ta zaslon uporablja eDP 30-pinski konektor za zanesljivo delovanje in vklju\u010duje zgornje ter spodnje nosilce, kar omogo\u010da enostavno in varno namestitev. \u010ceprav ni IPS zaslon, \u0161e vedno nudi odli\u010dno vizualno jasnost in zmogljivost za vsakodnevne naloge.<\/p>\n<p>Ne glede na to, ali zamenjujete po\u0161kodovan zaslon ali nadgrajujete za bolj\u0161o vizualno izku\u0161njo, bo ta nov LCD zaslon va\u0161 prenosnik ponovno o\u017eivel z \u017eivahnimi in podrobnimi slikami.<\/p>\n","protected":false},"excerpt":{"rendered":"<p>Nadgradite svoj HP Pavilion 15 AU077SA z 15,6&#8243; matiranim LCD zaslonom. Z lo\u010dljivostjo FHD, eDP 30-pinsko povezavo in prilo\u017eenimi zgornjimi ter spodnjimi nosilci vam ta zaslon nudi jasne vizualne u\u010dinke za va\u0161 prenosnik. Stanje: novo.<\/p>\n","protected":false},"featured_media":7555,"template":"","meta":[],"product_brand":[],"product_cat":[50],"product_tag":[62],"class_list":{"0":"post-7604","1":"product","2":"type-product","3":"status-publish","4":"has-post-thumbnail","6":"product_cat-15-6","7":"product_tag-hp","9":"first","10":"instock","11":"taxable","12":"shipping-taxable","13":"purchasable","14":"product-type-simple"},"_links":{"self":[{"href":"https:\/\/pracek.si\/ekrani-za-prenosnike\/wp-json\/wp\/v2\/product\/7604","targetHints":{"allow":["GET"]}}],"collection":[{"href":"https:\/\/pracek.si\/ekrani-za-prenosnike\/wp-json\/wp\/v2\/product"}],"about":[{"href":"https:\/\/pracek.si\/ekrani-za-prenosnike\/wp-json\/wp\/v2\/types\/product"}],"wp:featuredmedia":[{"embeddable":true,"href":"https:\/\/pracek.si\/ekrani-za-prenosnike\/wp-json\/wp\/v2\/media\/7555"}],"wp:attachment":[{"href":"https:\/\/pracek.si\/ekrani-za-prenosnike\/wp-json\/wp\/v2\/media?parent=7604"}],"wp:term":[{"taxonomy":"product_brand","embeddable":true,"href":"https:\/\/pracek.si\/ekrani-za-prenosnike\/wp-json\/wp\/v2\/product_brand?post=7604"},{"taxonomy":"product_cat","embeddable":true,"href":"https:\/\/pracek.si\/ekrani-za-prenosnike\/wp-json\/wp\/v2\/product_cat?post=7604"},{"taxonomy":"product_tag","embeddable":true,"href":"https:\/\/pracek.si\/ekrani-za-prenosnike\/wp-json\/wp\/v2\/product_tag?post=7604"}],"curies":[{"name":"wp","href":"https:\/\/api.w.org\/{rel}","templated":true}]}}