{"id":7605,"date":"2024-09-02T06:17:57","date_gmt":"2024-09-02T06:17:57","guid":{"rendered":"https:\/\/pracek.si\/ekrani-za-prenosnike\/?post_type=product&#038;p=7605"},"modified":"2025-09-11T11:16:51","modified_gmt":"2025-09-11T11:16:51","slug":"acer-aspire-e1-z5we1-15-6-fhd-mat-lcd-ekran-z-nosilci-edp-30pin-novo","status":"publish","type":"product","link":"https:\/\/pracek.si\/ekrani-za-prenosnike\/product\/acer-aspire-e1-z5we1-15-6-fhd-mat-lcd-ekran-z-nosilci-edp-30pin-novo\/","title":{"rendered":"Acer Aspire E1 Z5WE1 15.6&#8243; FHD Mat LCD Ekran z Nosilci eDP 30pin Novo"},"content":{"rendered":"<p><strong><p>Trenutno na zalogi zaslon: NT156FHM-N41 \/ B156XW04 v.5 (enake specifikacije \/ popolnoma zdru\u017eljiv!)<\/p>\n<\/strong><\/p>\n<p>Izbolj\u0161ajte prikaz va\u0161ega Acer Aspire E1 Z5WE1 s 15,6&#8243; FHD LCD ekranom, zasnovanim za jasne in ostri vizualni u\u010dinki. Mat zaklju\u010dek zmanj\u0161uje ble\u0161\u010danje, kar omogo\u010da udobno gledanje v razli\u010dnih svetlobnih pogojih. \u010ceprav je ekran ne-IPS, \u0161e vedno ponuja odli\u010dno kakovost slike s Full HD (1920&#215;1080) lo\u010dljivostjo, kar je idealno za vsakodnevno uporabo, ne glede na delo, \u0161tudij ali zabavo.<\/p>\n<p>Ekran je opremljen z eDP 30-pinskim konektorjem, ki zagotavlja stabilno in zanesljivo povezavo z va\u0161o napravo. Vklju\u010deni zgornji in spodnji nosilci omogo\u010dajo enostavno in varno namestitev. Ta LCD zaslon je popolna zamenjava za va\u0161 stari ali po\u0161kodovani ekran, kar zagotavlja, da va\u0161 prenosnik izgleda in deluje kot nov.<\/p>\n<p>Prosimo, upo\u0161tevajte, da ta ekran prihaja z zgornjimi in spodnjimi nosilci. Zaslon je v popolnoma novem stanju, kar zagotavlja, da prejmete brezhiben izdelek, pripravljen za uporabo in obnavljanje va\u0161ega Acer Aspire E1 Z5WE1.<\/p>\n","protected":false},"excerpt":{"rendered":"<p>Nadgradite svoj Acer Aspire E1 Z5WE1 s 15,6&#8243; FHD mat LCD ekranom. Opremljen z eDP 30-pinsko povezavo, ne-IPS zaslonom ter zgornjimi in spodnjimi nosilci za enostavno namestitev. Stanje: novo.<\/p>\n","protected":false},"featured_media":7555,"template":"","meta":[],"product_brand":[],"product_cat":[50],"product_tag":[59],"class_list":{"0":"post-7605","1":"product","2":"type-product","3":"status-publish","4":"has-post-thumbnail","6":"product_cat-15-6","7":"product_tag-acer","9":"first","10":"instock","11":"taxable","12":"shipping-taxable","13":"purchasable","14":"product-type-simple"},"_links":{"self":[{"href":"https:\/\/pracek.si\/ekrani-za-prenosnike\/wp-json\/wp\/v2\/product\/7605","targetHints":{"allow":["GET"]}}],"collection":[{"href":"https:\/\/pracek.si\/ekrani-za-prenosnike\/wp-json\/wp\/v2\/product"}],"about":[{"href":"https:\/\/pracek.si\/ekrani-za-prenosnike\/wp-json\/wp\/v2\/types\/product"}],"wp:featuredmedia":[{"embeddable":true,"href":"https:\/\/pracek.si\/ekrani-za-prenosnike\/wp-json\/wp\/v2\/media\/7555"}],"wp:attachment":[{"href":"https:\/\/pracek.si\/ekrani-za-prenosnike\/wp-json\/wp\/v2\/media?parent=7605"}],"wp:term":[{"taxonomy":"product_brand","embeddable":true,"href":"https:\/\/pracek.si\/ekrani-za-prenosnike\/wp-json\/wp\/v2\/product_brand?post=7605"},{"taxonomy":"product_cat","embeddable":true,"href":"https:\/\/pracek.si\/ekrani-za-prenosnike\/wp-json\/wp\/v2\/product_cat?post=7605"},{"taxonomy":"product_tag","embeddable":true,"href":"https:\/\/pracek.si\/ekrani-za-prenosnike\/wp-json\/wp\/v2\/product_tag?post=7605"}],"curies":[{"name":"wp","href":"https:\/\/api.w.org\/{rel}","templated":true}]}}