{"id":7608,"date":"2024-09-02T06:29:01","date_gmt":"2024-09-02T06:29:01","guid":{"rendered":"https:\/\/pracek.si\/ekrani-za-prenosnike\/?post_type=product&#038;p=7608"},"modified":"2024-09-10T19:36:34","modified_gmt":"2024-09-10T19:36:34","slug":"au-optronics-b156xw04-v-5-156-wxga-led-zaslon-z-nosilci-nov","status":"publish","type":"product","link":"https:\/\/pracek.si\/ekrani-za-prenosnike\/product\/au-optronics-b156xw04-v-5-156-wxga-led-zaslon-z-nosilci-nov\/","title":{"rendered":"AU Optronics B156xw04 v.5 15,6&#8243; WXGA LED zaslon z nosilci Nov"},"content":{"rendered":"<p>Izbolj\u0161ajte prikaz va\u0161ega prenosnika z LCD zaslonom AU Optronics B156xw04 v.5 velikosti 15,6&#8243;. Zasnovan za prikaz svetlih in \u017eivahnih vizualnih vsebin, ta zaslon ponuja WXGA (1366&#215;768) lo\u010dljivost, ki zagotavlja ostre in jasne slike. Ble\u0161\u010de\u010da povr\u0161ina omogo\u010da briljantno izku\u0161njo gledanja, saj poudarja barve in dodaja globino va\u0161im vizualnim vsebinam.<\/p>\n<p>Z LED osvetlitvijo ozadja je ta zaslon energijsko u\u010dinkovit, hkrati pa ohranja visoko stopnjo svetlosti. 40-pinski konektor zagotavlja zdru\u017eljivost z razli\u010dnimi modeli prenosnikov, zaradi \u010desar je vsestranska mo\u017enost za zamenjavo.<\/p>\n<p>Ta zaslon vklju\u010duje zgornje in spodnje nosilce, kar omogo\u010da enostavno in varno namestitev. Ne glede na to, ali zamenjujete po\u0161kodovan zaslon ali nadgrajujete za bolj\u0161e zmogljivosti, je AU Optronics B156xw04 v.5 odli\u010dna izbira.<\/p>\n<p>Stanje: novo, kar zagotavlja, da prejmete brezhiben izdelek, pripravljen za takoj\u0161njo namestitev.<\/p>\n","protected":false},"excerpt":{"rendered":"<p>Nadgradite svoj prenosnik z LCD zaslonom AU Optronics B156xw04 v.5. Ta 15,6&#8243; WXGA zaslon z ble\u0161\u010de\u010do povr\u0161ino ponuja jasne in \u017eive slike z LED osvetlitvijo. Vklju\u010duje zgornje in spodnje nosilce za enostavno namestitev. Stanje: novo.<\/p>\n","protected":false},"featured_media":7609,"template":"","meta":[],"product_brand":[],"product_cat":[50],"product_tag":[],"class_list":{"0":"post-7608","1":"product","2":"type-product","3":"status-publish","4":"has-post-thumbnail","6":"product_cat-15-6","8":"first","9":"instock","10":"taxable","11":"shipping-taxable","12":"purchasable","13":"product-type-simple"},"_links":{"self":[{"href":"https:\/\/pracek.si\/ekrani-za-prenosnike\/wp-json\/wp\/v2\/product\/7608","targetHints":{"allow":["GET"]}}],"collection":[{"href":"https:\/\/pracek.si\/ekrani-za-prenosnike\/wp-json\/wp\/v2\/product"}],"about":[{"href":"https:\/\/pracek.si\/ekrani-za-prenosnike\/wp-json\/wp\/v2\/types\/product"}],"wp:featuredmedia":[{"embeddable":true,"href":"https:\/\/pracek.si\/ekrani-za-prenosnike\/wp-json\/wp\/v2\/media\/7609"}],"wp:attachment":[{"href":"https:\/\/pracek.si\/ekrani-za-prenosnike\/wp-json\/wp\/v2\/media?parent=7608"}],"wp:term":[{"taxonomy":"product_brand","embeddable":true,"href":"https:\/\/pracek.si\/ekrani-za-prenosnike\/wp-json\/wp\/v2\/product_brand?post=7608"},{"taxonomy":"product_cat","embeddable":true,"href":"https:\/\/pracek.si\/ekrani-za-prenosnike\/wp-json\/wp\/v2\/product_cat?post=7608"},{"taxonomy":"product_tag","embeddable":true,"href":"https:\/\/pracek.si\/ekrani-za-prenosnike\/wp-json\/wp\/v2\/product_tag?post=7608"}],"curies":[{"name":"wp","href":"https:\/\/api.w.org\/{rel}","templated":true}]}}