{"id":7610,"date":"2024-09-02T12:35:08","date_gmt":"2024-09-02T12:35:08","guid":{"rendered":"https:\/\/pracek.si\/ekrani-za-prenosnike\/?post_type=product&#038;p=7610"},"modified":"2024-09-10T19:36:34","modified_gmt":"2024-09-10T19:36:34","slug":"n156bge-l31-rev-c-1-lcd-zaslon-156-wxga-sijajen-led-40pin-z-nosilci-nov","status":"publish","type":"product","link":"https:\/\/pracek.si\/ekrani-za-prenosnike\/product\/n156bge-l31-rev-c-1-lcd-zaslon-156-wxga-sijajen-led-40pin-z-nosilci-nov\/","title":{"rendered":"N156BGE-L31 Rev C.1 LCD zaslon 15,6&#8243; WXGA Sijajen LED 40pin z nosilci Nov"},"content":{"rendered":"<p><strong>Dejanski model LCD ekrana: AU Optronics B156xw04 v.5 ali n156bge-l31 rev c.1 \u2013 popolnoma zdru\u017eljiv z LCD ekranom n156bge-l31 rev c.1<\/strong><\/p>\n<p>Izbolj\u0161ajte zaslon svojega prenosnika z LCD zaslonom N156BGE-L31 Rev C.1 15,6&#8243;, ki je zasnovan za jasne in \u017eivahne slike. Ta zaslon ponuja WXGA lo\u010dljivost (1366&#215;768), ki zagotavlja ostre slike in odli\u010dno podrobnost, kar je idealno za vsakodnevna opravila, multimedijo in \u0161e ve\u010d. Sijajni premaz poudarja \u017eivahnost barv, zaradi \u010desar bo va\u0161a vsebina zasijala z \u017eivimi odtenki in globokimi kontrasti.<\/p>\n<p>Z LED osvetlitvijo ta zaslon zagotavlja energijsko u\u010dinkovito delovanje in svetle, enakomerno osvetljene vizualne prikaze. 40-pinski priklju\u010dek zagotavlja varno in stabilno povezavo z va\u0161o napravo, medtem ko prilo\u017eeni zgornji in spodnji nosilci omogo\u010dajo enostavno in brezskrbno namestitev.<\/p>\n<p>Ne glede na to, ali zamenjujete po\u0161kodovan ekran ali nadgrajujete za bolj\u0161o vizualno izku\u0161njo, je ta LCD zaslon idealna izbira, ki bo va\u0161 prenosnik ponovno o\u017eivil. Zaslon je v popolnoma novem stanju, kar zagotavlja, da prejmete brezhiben izdelek, pripravljen za uporabo.<\/p>\n","protected":false},"excerpt":{"rendered":"<p>Nadgradite svoj prenosnik z LCD zaslonom N156BGE-L31 Rev C.1 15,6&#8243;. Z WXGA lo\u010dljivostjo, sijajnim premazom, LED osvetlitvijo in 40-pinsko povezavo. Vklju\u010duje zgornje in spodnje nosilce za enostavno namestitev. Stanje: novo.<\/p>\n","protected":false},"featured_media":7609,"template":"","meta":[],"product_brand":[],"product_cat":[50],"product_tag":[],"class_list":{"0":"post-7610","1":"product","2":"type-product","3":"status-publish","4":"has-post-thumbnail","6":"product_cat-15-6","8":"first","9":"instock","10":"taxable","11":"shipping-taxable","12":"purchasable","13":"product-type-simple"},"_links":{"self":[{"href":"https:\/\/pracek.si\/ekrani-za-prenosnike\/wp-json\/wp\/v2\/product\/7610","targetHints":{"allow":["GET"]}}],"collection":[{"href":"https:\/\/pracek.si\/ekrani-za-prenosnike\/wp-json\/wp\/v2\/product"}],"about":[{"href":"https:\/\/pracek.si\/ekrani-za-prenosnike\/wp-json\/wp\/v2\/types\/product"}],"wp:featuredmedia":[{"embeddable":true,"href":"https:\/\/pracek.si\/ekrani-za-prenosnike\/wp-json\/wp\/v2\/media\/7609"}],"wp:attachment":[{"href":"https:\/\/pracek.si\/ekrani-za-prenosnike\/wp-json\/wp\/v2\/media?parent=7610"}],"wp:term":[{"taxonomy":"product_brand","embeddable":true,"href":"https:\/\/pracek.si\/ekrani-za-prenosnike\/wp-json\/wp\/v2\/product_brand?post=7610"},{"taxonomy":"product_cat","embeddable":true,"href":"https:\/\/pracek.si\/ekrani-za-prenosnike\/wp-json\/wp\/v2\/product_cat?post=7610"},{"taxonomy":"product_tag","embeddable":true,"href":"https:\/\/pracek.si\/ekrani-za-prenosnike\/wp-json\/wp\/v2\/product_tag?post=7610"}],"curies":[{"name":"wp","href":"https:\/\/api.w.org\/{rel}","templated":true}]}}