{"id":7618,"date":"2024-09-02T14:27:33","date_gmt":"2024-09-02T14:27:33","guid":{"rendered":"https:\/\/pracek.si\/ekrani-za-prenosnike\/?post_type=product&#038;p=7618"},"modified":"2024-09-10T19:36:34","modified_gmt":"2024-09-10T19:36:34","slug":"b156xw03-v-1-156-lcd-wxga-sijajen-led-s-nosilci-40-pin-nov","status":"publish","type":"product","link":"https:\/\/pracek.si\/ekrani-za-prenosnike\/product\/b156xw03-v-1-156-lcd-wxga-sijajen-led-s-nosilci-40-pin-nov\/","title":{"rendered":"B156XW03 V.1 15,6&#8243; LCD WXGA sijajen LED s nosilci 40-pin Nov"},"content":{"rendered":"<p><strong>Dejanski model LCD ekrana: AU Optronics B156xw04 v.5 ali n156bge-l31 rev c.1 \u2013 popolnoma zdru\u017eljiv z LCD ekranom B156XW03 V.1<\/strong><\/p>\n<p>Izbolj\u0161ajte prikaz va\u0161ega prenosnika z LCD zaslonom B156XW03 V.1 velikosti 15,6&#8243;. Ta zaslon ponuja WXGA lo\u010dljivost, kar zagotavlja ostre in jasne slike, primerne tako za delo kot zabavo. Sijajna povr\u0161ina pove\u010duje \u017eivahnost barv in kontrast, zaradi \u010desar slike in videoposnetki za\u017eivijo z realisti\u010dnimi podrobnostmi.<\/p>\n<p>Z LED osvetlitvijo ta zaslon zagotavlja odli\u010dno svetlost in energetsko u\u010dinkovitost, kar podalj\u0161uje \u017eivljenjsko dobo baterije va\u0161ega prenosnika. 40-pinski konektor zagotavlja zanesljivo in stabilno povezavo z va\u0161o napravo, medtem ko zgornji in spodnji nosilci, ki so vklju\u010deni, omogo\u010dajo enostavno in varno namestitev.<\/p>\n<p>LCD zaslon je popolnoma nov, kar vam zagotavlja, da prejmete visokokakovosten izdelek brez napak. Je idealna izbira, ne glede na to, ali zamenjujete po\u0161kodovan zaslon ali nadgrajujete za bolj\u0161e vizualne prikaze.<\/p>\n","protected":false},"excerpt":{"rendered":"<p>Nadgradite svoj prenosnik z LCD zaslonom B156XW03 V.1 velikosti 15,6&#8243;. Z WXGA lo\u010dljivostjo, sijajno povr\u0161ino, LED osvetlitvijo in 40-pinskim konektorjem zagotavlja svetle in jasne vizualne prikaze. Vklju\u010duje zgornje in spodnje nosilce za enostavno namestitev. Stanje: novo.<\/p>\n","protected":false},"featured_media":7609,"template":"","meta":[],"product_brand":[],"product_cat":[50],"product_tag":[],"class_list":{"0":"post-7618","1":"product","2":"type-product","3":"status-publish","4":"has-post-thumbnail","6":"product_cat-15-6","8":"first","9":"instock","10":"taxable","11":"shipping-taxable","12":"purchasable","13":"product-type-simple"},"_links":{"self":[{"href":"https:\/\/pracek.si\/ekrani-za-prenosnike\/wp-json\/wp\/v2\/product\/7618","targetHints":{"allow":["GET"]}}],"collection":[{"href":"https:\/\/pracek.si\/ekrani-za-prenosnike\/wp-json\/wp\/v2\/product"}],"about":[{"href":"https:\/\/pracek.si\/ekrani-za-prenosnike\/wp-json\/wp\/v2\/types\/product"}],"wp:featuredmedia":[{"embeddable":true,"href":"https:\/\/pracek.si\/ekrani-za-prenosnike\/wp-json\/wp\/v2\/media\/7609"}],"wp:attachment":[{"href":"https:\/\/pracek.si\/ekrani-za-prenosnike\/wp-json\/wp\/v2\/media?parent=7618"}],"wp:term":[{"taxonomy":"product_brand","embeddable":true,"href":"https:\/\/pracek.si\/ekrani-za-prenosnike\/wp-json\/wp\/v2\/product_brand?post=7618"},{"taxonomy":"product_cat","embeddable":true,"href":"https:\/\/pracek.si\/ekrani-za-prenosnike\/wp-json\/wp\/v2\/product_cat?post=7618"},{"taxonomy":"product_tag","embeddable":true,"href":"https:\/\/pracek.si\/ekrani-za-prenosnike\/wp-json\/wp\/v2\/product_tag?post=7618"}],"curies":[{"name":"wp","href":"https:\/\/api.w.org\/{rel}","templated":true}]}}