{"id":7620,"date":"2024-09-02T16:04:48","date_gmt":"2024-09-02T16:04:48","guid":{"rendered":"https:\/\/pracek.si\/ekrani-za-prenosnike\/?post_type=product&#038;p=7620"},"modified":"2024-09-25T13:24:46","modified_gmt":"2024-09-25T13:24:46","slug":"hp-724940-001-lcd-zaslon-156-wxga-sijajni-led-z-nosilci-40-pin-novi","status":"publish","type":"product","link":"https:\/\/pracek.si\/ekrani-za-prenosnike\/product\/hp-724940-001-lcd-zaslon-156-wxga-sijajni-led-z-nosilci-40-pin-novi\/","title":{"rendered":"HP 724940-001 LCD zaslon 15,6&#8243; WXGA sijajni LED z nosilci 40-pin Novi"},"content":{"rendered":"<p><strong>Dejanski model LCD ekrana: AU Optronics B156xw04 v.5 ali n156bge-l31 rev c.1 \u2013 popolnoma zdru\u017eljiv z LCD ekranom HP 724940-001<\/strong><\/p>\n<p>Izbolj\u0161ajte zaslon svojega prenosnika z LCD zaslonom HP 724940-001, velikosti 15,6&#8243;, zasnovanim za jasnost in \u017eivahne vizualne u\u010dinke. Ta zaslon ponuja WXGA lo\u010dljivost (1366&#215;768), kar zagotavlja ostre slike in svetle barve, idealne tako za delo kot za zabavo. Sijajna povr\u0161ina doda eleganten videz in poudari \u017eivahnost barv, zaradi \u010desar va\u0161 zaslon za\u017eivi.<\/p>\n<p>LED osvetlitev ozadja zagotavlja energetsko u\u010dinkovitost, hkrati pa nudi enakomerno svetlost po celotnem zaslonu. S 40-pinskim priklju\u010dkom je ta zaslon zdru\u017eljiv s \u0161iroko paleto modelov prenosnikov. Vklju\u010deni zgornji in spodnji nosilci omogo\u010dajo enostavno namestitev in varno prileganje.<\/p>\n<p>Ne glede na to, ali zamenjujete po\u0161kodovan zaslon ali nadgrajujete za bolj\u0161e vizualne u\u010dinke, je ta HP LCD zaslon zanesljiva izbira. Zaslon je v popolnoma novem stanju, kar zagotavlja brezhiben in pripravljen izdelek za namestitev.<\/p>\n","protected":false},"excerpt":{"rendered":"<p>Nadgradite svoj prenosnik z LCD zaslonom HP 724940-001, velikosti 15,6&#8243;. Z WXGA lo\u010dljivostjo, sijajno povr\u0161ino in LED osvetlitvijo zagotavlja \u017eivahne vizualne u\u010dinke. Vklju\u010duje zgornje in spodnje nosilce ter 40-pinski priklju\u010dek za enostavno namestitev. Stanje: novo.<\/p>\n","protected":false},"featured_media":7609,"template":"","meta":[],"product_brand":[],"product_cat":[50],"product_tag":[62],"class_list":{"0":"post-7620","1":"product","2":"type-product","3":"status-publish","4":"has-post-thumbnail","6":"product_cat-15-6","7":"product_tag-hp","9":"first","10":"instock","11":"taxable","12":"shipping-taxable","13":"purchasable","14":"product-type-simple"},"_links":{"self":[{"href":"https:\/\/pracek.si\/ekrani-za-prenosnike\/wp-json\/wp\/v2\/product\/7620","targetHints":{"allow":["GET"]}}],"collection":[{"href":"https:\/\/pracek.si\/ekrani-za-prenosnike\/wp-json\/wp\/v2\/product"}],"about":[{"href":"https:\/\/pracek.si\/ekrani-za-prenosnike\/wp-json\/wp\/v2\/types\/product"}],"wp:featuredmedia":[{"embeddable":true,"href":"https:\/\/pracek.si\/ekrani-za-prenosnike\/wp-json\/wp\/v2\/media\/7609"}],"wp:attachment":[{"href":"https:\/\/pracek.si\/ekrani-za-prenosnike\/wp-json\/wp\/v2\/media?parent=7620"}],"wp:term":[{"taxonomy":"product_brand","embeddable":true,"href":"https:\/\/pracek.si\/ekrani-za-prenosnike\/wp-json\/wp\/v2\/product_brand?post=7620"},{"taxonomy":"product_cat","embeddable":true,"href":"https:\/\/pracek.si\/ekrani-za-prenosnike\/wp-json\/wp\/v2\/product_cat?post=7620"},{"taxonomy":"product_tag","embeddable":true,"href":"https:\/\/pracek.si\/ekrani-za-prenosnike\/wp-json\/wp\/v2\/product_tag?post=7620"}],"curies":[{"name":"wp","href":"https:\/\/api.w.org\/{rel}","templated":true}]}}