{"id":7622,"date":"2024-09-02T17:04:44","date_gmt":"2024-09-02T17:04:44","guid":{"rendered":"https:\/\/pracek.si\/ekrani-za-prenosnike\/?post_type=product&#038;p=7622"},"modified":"2024-12-12T08:32:59","modified_gmt":"2024-12-12T08:32:59","slug":"dell-inspiron-15-3521-5320-5521-5523-lcd-15-6-wxga-svetlec-led-40-pin-nov","status":"publish","type":"product","link":"https:\/\/pracek.si\/ekrani-za-prenosnike\/product\/dell-inspiron-15-3521-5320-5521-5523-lcd-15-6-wxga-svetlec-led-40-pin-nov\/","title":{"rendered":"DELL Inspiron 15 3521 5320 5521 5523 LCD 15.6&#8243; WXGA Svetle\u010d LED 40 Pin Nov"},"content":{"rendered":"<p><strong>Dejanski model LCD ekrana: AU Optronics B156xw04 v.5 ali n156bge-l31 rev c.1 \u2013 popolnoma zdru\u017eljiv z LCD zaslonom za prenosnik DELL Inspiron 15 3521 5320 5521 5523<\/strong><\/p>\n<p>Izbolj\u0161ajte svoj prenosnik Dell Inspiron z visokokakovostnim 15,6&#8243; LCD zaslonom, ki je zdru\u017eljiv z modeli 3521, 5320, 5521 in 5523. Ta zaslon ponuja WXGA lo\u010dljivost, kar zagotavlja ostre in jasne slike, popolne za delo ali zabavo. Svetle\u010da povr\u0161ina dodaja zaslonu \u017eivahnost, kar naredi slike in videoposnetke bolj \u017eivahne in privla\u010dne.<\/p>\n<p>LCD zaslon ima vklju\u010dene zgornje in spodnje nosilce za enostavno namestitev, kar zagotavlja varno prileganje v va\u0161o napravo. 40-pinski konektor omogo\u010da stabilno povezavo, kar zagotavlja dosledno zmogljivost in zanesljivost. Ne glede na to, ali zamenjujete po\u0161kodovan zaslon ali i\u0161\u010dete nadgradnjo, je ta LCD zaslon zanesljiva izbira za va\u0161 Dell Inspiron.<\/p>\n<p>Zaslon je popolnoma nov, kar pomeni, da je brez znakov obrabe in pripravljen, da va\u0161emu prenosniku prinese novo \u017eivljenje.<\/p>\n","protected":false},"excerpt":{"rendered":"<p>Nadgradite svoj Dell Inspiron 15 3521, 5320, 5521 ali 5523 z 15,6&#8243; WXGA LCD zaslonom. Zaslon je svetle\u010d, LED, s 40-pinskim konektorjem in vklju\u010duje zgornje ter spodnje nosilce. Stanje: novo.<\/p>\n","protected":false},"featured_media":7609,"template":"","meta":[],"product_brand":[],"product_cat":[50],"product_tag":[64],"class_list":{"0":"post-7622","1":"product","2":"type-product","3":"status-publish","4":"has-post-thumbnail","6":"product_cat-15-6","7":"product_tag-dell","9":"first","10":"instock","11":"taxable","12":"shipping-taxable","13":"purchasable","14":"product-type-simple"},"_links":{"self":[{"href":"https:\/\/pracek.si\/ekrani-za-prenosnike\/wp-json\/wp\/v2\/product\/7622","targetHints":{"allow":["GET"]}}],"collection":[{"href":"https:\/\/pracek.si\/ekrani-za-prenosnike\/wp-json\/wp\/v2\/product"}],"about":[{"href":"https:\/\/pracek.si\/ekrani-za-prenosnike\/wp-json\/wp\/v2\/types\/product"}],"wp:featuredmedia":[{"embeddable":true,"href":"https:\/\/pracek.si\/ekrani-za-prenosnike\/wp-json\/wp\/v2\/media\/7609"}],"wp:attachment":[{"href":"https:\/\/pracek.si\/ekrani-za-prenosnike\/wp-json\/wp\/v2\/media?parent=7622"}],"wp:term":[{"taxonomy":"product_brand","embeddable":true,"href":"https:\/\/pracek.si\/ekrani-za-prenosnike\/wp-json\/wp\/v2\/product_brand?post=7622"},{"taxonomy":"product_cat","embeddable":true,"href":"https:\/\/pracek.si\/ekrani-za-prenosnike\/wp-json\/wp\/v2\/product_cat?post=7622"},{"taxonomy":"product_tag","embeddable":true,"href":"https:\/\/pracek.si\/ekrani-za-prenosnike\/wp-json\/wp\/v2\/product_tag?post=7622"}],"curies":[{"name":"wp","href":"https:\/\/api.w.org\/{rel}","templated":true}]}}