{"id":7625,"date":"2024-09-02T17:59:49","date_gmt":"2024-09-02T17:59:49","guid":{"rendered":"https:\/\/pracek.si\/ekrani-za-prenosnike\/?post_type=product&#038;p=7625"},"modified":"2024-10-15T10:37:44","modified_gmt":"2024-10-15T10:37:44","slug":"hp-probook-450-g1-lcd-zaslon-156-wxga-lesketajoc-led-40-pin-z-nosilci-nov","status":"publish","type":"product","link":"https:\/\/pracek.si\/ekrani-za-prenosnike\/product\/hp-probook-450-g1-lcd-zaslon-156-wxga-lesketajoc-led-40-pin-z-nosilci-nov\/","title":{"rendered":"HP ProBook 450 G1 LCD zaslon 15,6&#8243; WXGA lesketajo\u010d LED 40-pin z nosilci Nov"},"content":{"rendered":"<p><strong>Dejanski model LCD ekrana: AU Optronics B156xw04 v.5 ali n156bge-l31 rev c.1 \u2013 popolnoma zdru\u017eljiv z LCD zaslonom za prenosnik HP ProBook 450 G1 Series<\/strong><\/p>\n<p>Izbolj\u0161ajte kakovost prikaza va\u0161ega HP ProBook 450 G1 Series s tem popolnoma novim 15,6&#8243; LCD zaslonom. Zasnovan za popolno prileganje, ta zaslon z lesketajo\u010do povr\u0161ino zagotavlja \u017eivahne in ostre slike, kar je idealno za delo in zabavo.<\/p>\n<p>Z WXGA lo\u010dljivostjo ta zaslon ponuja jasne in podrobne slike, kar zagotavlja prijetno izku\u0161njo gledanja. LED osvetlitev ozadja zagotavlja enakomerno svetlost, medtem ko 40-pinski priklju\u010dek zagotavlja stabilno povezavo z va\u0161im prenosnikom. Poleg tega je zaslon opremljen z zgornjimi in spodnjimi nosilci, kar omogo\u010da enostavno in hitro namestitev.<\/p>\n<p>Ta LCD zaslon je v popolnoma novem stanju, kar zagotavlja, da prejmete visokokakovosten izdelek brez napak, pripravljen za takoj\u0161njo uporabo. To je idealna zamenjava za po\u0161kodovan zaslon ali nadgradnja za izbolj\u0161anje prikazne zmogljivosti va\u0161ega prenosnika.<\/p>\n","protected":false},"excerpt":{"rendered":"<p>Nadgradite svoj HP ProBook 450 G1 Series z novim 15,6&#8243; LCD zaslonom. Ta WXGA LED zaslon z lesketajo\u010do povr\u0161ino ima zgornje in spodnje nosilce ter 40-pinski priklju\u010dek. Stanje: novo.<\/p>\n","protected":false},"featured_media":7609,"template":"","meta":[],"product_brand":[],"product_cat":[50],"product_tag":[73,62],"class_list":{"0":"post-7625","1":"product","2":"type-product","3":"status-publish","4":"has-post-thumbnail","6":"product_cat-15-6","7":"product_tag-probook","8":"product_tag-hp","10":"first","11":"instock","12":"taxable","13":"shipping-taxable","14":"purchasable","15":"product-type-simple"},"_links":{"self":[{"href":"https:\/\/pracek.si\/ekrani-za-prenosnike\/wp-json\/wp\/v2\/product\/7625","targetHints":{"allow":["GET"]}}],"collection":[{"href":"https:\/\/pracek.si\/ekrani-za-prenosnike\/wp-json\/wp\/v2\/product"}],"about":[{"href":"https:\/\/pracek.si\/ekrani-za-prenosnike\/wp-json\/wp\/v2\/types\/product"}],"wp:featuredmedia":[{"embeddable":true,"href":"https:\/\/pracek.si\/ekrani-za-prenosnike\/wp-json\/wp\/v2\/media\/7609"}],"wp:attachment":[{"href":"https:\/\/pracek.si\/ekrani-za-prenosnike\/wp-json\/wp\/v2\/media?parent=7625"}],"wp:term":[{"taxonomy":"product_brand","embeddable":true,"href":"https:\/\/pracek.si\/ekrani-za-prenosnike\/wp-json\/wp\/v2\/product_brand?post=7625"},{"taxonomy":"product_cat","embeddable":true,"href":"https:\/\/pracek.si\/ekrani-za-prenosnike\/wp-json\/wp\/v2\/product_cat?post=7625"},{"taxonomy":"product_tag","embeddable":true,"href":"https:\/\/pracek.si\/ekrani-za-prenosnike\/wp-json\/wp\/v2\/product_tag?post=7625"}],"curies":[{"name":"wp","href":"https:\/\/api.w.org\/{rel}","templated":true}]}}