{"id":7626,"date":"2024-09-02T18:03:32","date_gmt":"2024-09-02T18:03:32","guid":{"rendered":"https:\/\/pracek.si\/ekrani-za-prenosnike\/?post_type=product&#038;p=7626"},"modified":"2024-12-12T08:32:59","modified_gmt":"2024-12-12T08:32:59","slug":"dell-inspiron-15r-3521-156-lcd-zaslon-wxga-svetlec-led-40-pin-z-nosilci-nov","status":"publish","type":"product","link":"https:\/\/pracek.si\/ekrani-za-prenosnike\/product\/dell-inspiron-15r-3521-156-lcd-zaslon-wxga-svetlec-led-40-pin-z-nosilci-nov\/","title":{"rendered":"Dell Inspiron 15R 3521 15,6&#8243; LCD zaslon WXGA svetle\u010d LED 40 pin z nosilci Nov"},"content":{"rendered":"<p><strong>Dejanski model LCD ekrana: AU Optronics B156xw04 v.5 ali n156bge-l31 rev c.1 \u2013 popolnoma zdru\u017eljiv z LCD zaslonom za prenosnik Dell inspiron 15R, 15 3521<\/strong><\/p>\n<p>Izbolj\u0161ajte svoj Dell Inspiron 15R ali 15 3521 prenosnik z novim 15,6&#8243; WXGA svetle\u010dim LCD zaslonom. Ta nadomestni ekran ponuja osupljivo WXGA lo\u010dljivost, ki zagotavlja jasne in \u017eivahne slike s svetle\u010do povr\u0161ino, ki poudarja bogastvo barv in podrobnosti. LED osvetlitev ozadja zagotavlja energetsko u\u010dinkovitost in svetel prikaz, kar je idealno tako za vsakodnevno uporabo kot za zabavo.<\/p>\n<p>Zasnovan za popolno zdru\u017eljivost, ta ekran vklju\u010duje zgornje in spodnje nosilce, kar omogo\u010da enostavno in varno namestitev. 40-pinski priklju\u010dek zagotavlja zanesljivo povezavo z mati\u010dno plo\u0161\u010do prenosnika, kar zagotavlja stabilno delovanje. Ne glede na to, ali zamenjujete po\u0161kodovan ekran ali nadgrajujete za bolj\u0161o vizualno izku\u0161njo, je ta LCD zaslon popolna izbira.<\/p>\n<p>Zaslon je popolnoma nov, kar vam zagotavlja, da prejmete visokokakovosten izdelek, brez napak in pripravljen za takoj\u0161njo uporabo.<\/p>\n","protected":false},"excerpt":{"rendered":"<p>Nadgradite svoj Dell Inspiron 15R, 15 3521 z novim 15,6&#8243; WXGA svetle\u010dim LCD zaslonom. Z LED osvetlitvijo in 40-pinsko povezavo, vklju\u010duje zgornje in spodnje nosilce za enostavno namestitev. Stanje: novo.<\/p>\n","protected":false},"featured_media":7609,"template":"","meta":[],"product_brand":[],"product_cat":[50],"product_tag":[64],"class_list":{"0":"post-7626","1":"product","2":"type-product","3":"status-publish","4":"has-post-thumbnail","6":"product_cat-15-6","7":"product_tag-dell","9":"first","10":"instock","11":"taxable","12":"shipping-taxable","13":"purchasable","14":"product-type-simple"},"_links":{"self":[{"href":"https:\/\/pracek.si\/ekrani-za-prenosnike\/wp-json\/wp\/v2\/product\/7626","targetHints":{"allow":["GET"]}}],"collection":[{"href":"https:\/\/pracek.si\/ekrani-za-prenosnike\/wp-json\/wp\/v2\/product"}],"about":[{"href":"https:\/\/pracek.si\/ekrani-za-prenosnike\/wp-json\/wp\/v2\/types\/product"}],"wp:featuredmedia":[{"embeddable":true,"href":"https:\/\/pracek.si\/ekrani-za-prenosnike\/wp-json\/wp\/v2\/media\/7609"}],"wp:attachment":[{"href":"https:\/\/pracek.si\/ekrani-za-prenosnike\/wp-json\/wp\/v2\/media?parent=7626"}],"wp:term":[{"taxonomy":"product_brand","embeddable":true,"href":"https:\/\/pracek.si\/ekrani-za-prenosnike\/wp-json\/wp\/v2\/product_brand?post=7626"},{"taxonomy":"product_cat","embeddable":true,"href":"https:\/\/pracek.si\/ekrani-za-prenosnike\/wp-json\/wp\/v2\/product_cat?post=7626"},{"taxonomy":"product_tag","embeddable":true,"href":"https:\/\/pracek.si\/ekrani-za-prenosnike\/wp-json\/wp\/v2\/product_tag?post=7626"}],"curies":[{"name":"wp","href":"https:\/\/api.w.org\/{rel}","templated":true}]}}