{"id":7628,"date":"2024-09-02T18:12:13","date_gmt":"2024-09-02T18:12:13","guid":{"rendered":"https:\/\/pracek.si\/ekrani-za-prenosnike\/?post_type=product&#038;p=7628"},"modified":"2024-10-15T10:37:44","modified_gmt":"2024-10-15T10:37:44","slug":"hp-probook-650-g1-g2-156-sijajni-lcd-zaslon-wxga-led-z-nosilci-nov","status":"publish","type":"product","link":"https:\/\/pracek.si\/ekrani-za-prenosnike\/product\/hp-probook-650-g1-g2-156-sijajni-lcd-zaslon-wxga-led-z-nosilci-nov\/","title":{"rendered":"HP ProBook 650 G1\/G2 15,6&#8243; Sijajni LCD zaslon WXGA LED z nosilci Nov"},"content":{"rendered":"<p><strong>Dejanski model LCD ekrana: AU Optronics B156xw04 v.5 ali n156bge-l31 rev c.1 \u2013 popolnoma zdru\u017eljiv z LCD zaslonom za prenosnik HP ProBook 650 G1 G2<\/strong><\/p>\n<p>Izbolj\u0161ajte vizualno zmogljivost svojega HP ProBook 650 G1\/G2 z visokokakovostnim 15,6&#8243; LCD zaslonom. Zasnovan za zagotavljanje jasnih in ostrih slik, ta zaslon ponuja WXGA lo\u010dljivost (1366&#215;768) in sijajni premaz, ki zagotavlja \u017eivahne barve in ostre kontraste, idealne tako za delo kot zabavo.<\/p>\n<p>LED osvetlitev ozadja zagotavlja energijsko u\u010dinkovitost ob ohranjanju svetlosti, zaradi \u010desar je zanesljiva izbira za dolgotrajno uporabo. S 40-pinsko povezavo ta zaslon ponuja varno in stabilno povezavo z va\u0161o napravo, kar zagotavlja nemoteno delovanje. Vklju\u010ditev zgornjih in spodnjih nosilcev poenostavi postopek namestitve, kar olaj\u0161a zamenjavo starega ali po\u0161kodovanega zaslona.<\/p>\n<p>Ta LCD zaslon je popolnoma nov, kar zagotavlja, da prejmete brezhiben izdelek, pripravljen, da va\u0161emu prenosniku povrne izbolj\u0161ane vizualne u\u010dinke in zmogljivost.<\/p>\n","protected":false},"excerpt":{"rendered":"<p>Nadgradite svoj HP ProBook 650 G1\/G2 z novim 15,6&#8243; LCD zaslonom. Z lo\u010dljivostjo WXGA, sijajnim premazom, LED osvetlitvijo in 40-pinsko povezavo, ta zaslon vklju\u010duje zgornje in spodnje nosilce za enostavno namestitev. Stanje: novo.<\/p>\n","protected":false},"featured_media":7609,"template":"","meta":[],"product_brand":[],"product_cat":[50],"product_tag":[73,62],"class_list":{"0":"post-7628","1":"product","2":"type-product","3":"status-publish","4":"has-post-thumbnail","6":"product_cat-15-6","7":"product_tag-probook","8":"product_tag-hp","10":"first","11":"instock","12":"taxable","13":"shipping-taxable","14":"purchasable","15":"product-type-simple"},"_links":{"self":[{"href":"https:\/\/pracek.si\/ekrani-za-prenosnike\/wp-json\/wp\/v2\/product\/7628","targetHints":{"allow":["GET"]}}],"collection":[{"href":"https:\/\/pracek.si\/ekrani-za-prenosnike\/wp-json\/wp\/v2\/product"}],"about":[{"href":"https:\/\/pracek.si\/ekrani-za-prenosnike\/wp-json\/wp\/v2\/types\/product"}],"wp:featuredmedia":[{"embeddable":true,"href":"https:\/\/pracek.si\/ekrani-za-prenosnike\/wp-json\/wp\/v2\/media\/7609"}],"wp:attachment":[{"href":"https:\/\/pracek.si\/ekrani-za-prenosnike\/wp-json\/wp\/v2\/media?parent=7628"}],"wp:term":[{"taxonomy":"product_brand","embeddable":true,"href":"https:\/\/pracek.si\/ekrani-za-prenosnike\/wp-json\/wp\/v2\/product_brand?post=7628"},{"taxonomy":"product_cat","embeddable":true,"href":"https:\/\/pracek.si\/ekrani-za-prenosnike\/wp-json\/wp\/v2\/product_cat?post=7628"},{"taxonomy":"product_tag","embeddable":true,"href":"https:\/\/pracek.si\/ekrani-za-prenosnike\/wp-json\/wp\/v2\/product_tag?post=7628"}],"curies":[{"name":"wp","href":"https:\/\/api.w.org\/{rel}","templated":true}]}}