{"id":7629,"date":"2024-09-02T18:18:06","date_gmt":"2024-09-02T18:18:06","guid":{"rendered":"https:\/\/pracek.si\/ekrani-za-prenosnike\/?post_type=product&#038;p=7629"},"modified":"2024-10-15T10:37:44","modified_gmt":"2024-10-15T10:37:44","slug":"hp-probook-250-g5-156-blescec-lcd-zaslon-wxga-led-40-pinski-z-nosilci-nov","status":"publish","type":"product","link":"https:\/\/pracek.si\/ekrani-za-prenosnike\/product\/hp-probook-250-g5-156-blescec-lcd-zaslon-wxga-led-40-pinski-z-nosilci-nov\/","title":{"rendered":"HP ProBook 250 G5 15,6&#8243; Ble\u0161\u010de\u010d LCD zaslon WXGA LED 40-pinski z nosilci Nov"},"content":{"rendered":"<p><strong>Dejanski model LCD ekrana: AU Optronics B156xw04 v.5 ali n156bge-l31 rev c.1 \u2013 popolnoma zdru\u017eljiv z LCD zaslonom za prenosnik HP Probook 250 G5<\/strong><\/p>\n<p>Nadgradite svoj HP ProBook 250 G5 s tem kakovostnim 15,6&#8243; LCD zaslonom, zasnovanim za \u017eivahne vizualne u\u010dinke in eleganten videz. Zaslon se pona\u0161a z WXGA lo\u010dljivostjo (1366&#215;768), ki ponuja jasne in podrobne slike, idealne za vsakodnevno uporabo in u\u017eivanje v multimediji. Ble\u0161\u010de\u010da povr\u0161ina poudari bogastvo barv, kar naredi va\u0161e vizualne vsebine \u0161e bolj \u017eivahne.<\/p>\n<p>Ta zaslon je opremljen z LED osvetlitvijo, kar zagotavlja energetsko u\u010dinkovitost in enakomerno svetlost po celotnem zaslonu. 40-pinski priklju\u010dek zagotavlja stabilno povezavo z va\u0161im prenosnikom, prilo\u017eena zgornja in spodnja nosilca pa omogo\u010data enostavno in varno namestitev.<\/p>\n<p>Ne glede na to, ali zamenjujete po\u0161kodovan zaslon ali \u017eelite izbolj\u0161ati svojo izku\u0161njo gledanja, je ta LCD zaslon zanesljiva izbira za va\u0161 HP ProBook 250 G5. Pripravljen je za takoj\u0161njo uporabo in zagotavlja vrhunsko zmogljivost \u017ee ob prvem vklopu.<\/p>\n","protected":false},"excerpt":{"rendered":"<p>Izbolj\u0161ajte svoj HP ProBook 250 G5 z 15,6&#8243; LCD zaslonom z ble\u0161\u010de\u010do povr\u0161ino. Z WXGA lo\u010dljivostjo, LED osvetlitvijo in 40-pinskim priklju\u010dkom, vklju\u010duje zgornje in spodnje nosilce za varno namestitev. Stanje: novo.<\/p>\n","protected":false},"featured_media":7609,"template":"","meta":[],"product_brand":[],"product_cat":[50],"product_tag":[73,62],"class_list":{"0":"post-7629","1":"product","2":"type-product","3":"status-publish","4":"has-post-thumbnail","6":"product_cat-15-6","7":"product_tag-probook","8":"product_tag-hp","10":"first","11":"instock","12":"taxable","13":"shipping-taxable","14":"purchasable","15":"product-type-simple"},"_links":{"self":[{"href":"https:\/\/pracek.si\/ekrani-za-prenosnike\/wp-json\/wp\/v2\/product\/7629","targetHints":{"allow":["GET"]}}],"collection":[{"href":"https:\/\/pracek.si\/ekrani-za-prenosnike\/wp-json\/wp\/v2\/product"}],"about":[{"href":"https:\/\/pracek.si\/ekrani-za-prenosnike\/wp-json\/wp\/v2\/types\/product"}],"wp:featuredmedia":[{"embeddable":true,"href":"https:\/\/pracek.si\/ekrani-za-prenosnike\/wp-json\/wp\/v2\/media\/7609"}],"wp:attachment":[{"href":"https:\/\/pracek.si\/ekrani-za-prenosnike\/wp-json\/wp\/v2\/media?parent=7629"}],"wp:term":[{"taxonomy":"product_brand","embeddable":true,"href":"https:\/\/pracek.si\/ekrani-za-prenosnike\/wp-json\/wp\/v2\/product_brand?post=7629"},{"taxonomy":"product_cat","embeddable":true,"href":"https:\/\/pracek.si\/ekrani-za-prenosnike\/wp-json\/wp\/v2\/product_cat?post=7629"},{"taxonomy":"product_tag","embeddable":true,"href":"https:\/\/pracek.si\/ekrani-za-prenosnike\/wp-json\/wp\/v2\/product_tag?post=7629"}],"curies":[{"name":"wp","href":"https:\/\/api.w.org\/{rel}","templated":true}]}}