{"id":7630,"date":"2024-09-02T18:22:34","date_gmt":"2024-09-02T18:22:34","guid":{"rendered":"https:\/\/pracek.si\/ekrani-za-prenosnike\/?post_type=product&#038;p=7630"},"modified":"2024-10-15T10:37:44","modified_gmt":"2024-10-15T10:37:44","slug":"hp-probook-450-g2-g3-455-g4-156-wxga-sijajni-led-zaslon-z-nosilci-nov","status":"publish","type":"product","link":"https:\/\/pracek.si\/ekrani-za-prenosnike\/product\/hp-probook-450-g2-g3-455-g4-156-wxga-sijajni-led-zaslon-z-nosilci-nov\/","title":{"rendered":"HP Probook 450 G2\/G3 455 G4 15,6&#8243; WXGA sijajni LED zaslon z nosilci Nov"},"content":{"rendered":"<p><strong>Dejanski model LCD ekrana: AU Optronics B156xw04 v.5 ali n156bge-l31 rev c.1 \u2013 popolnoma zdru\u017eljiv z LCD zaslonom za prenosnik HP Probook 450 G2 G3 455 G4<\/strong><\/p>\n<p>Izbolj\u0161ajte svoj HP Probook 450 G2\/G3 ali 455 G4 s kakovostnim 15,6&#8243; LCD zaslonom. Z WXGA lo\u010dljivostjo ta sijajni zaslon ponuja jasne in \u017eive slike, idealne za vsakodnevna opravila in multimedijsko uporabo. LED osvetlitev ozadja zagotavlja energijsko u\u010dinkovito svetlost, medtem ko sijajna povr\u0161ina izbolj\u0161a globino barv in kontrast za bolj \u017eivahno izku\u0161njo gledanja.<\/p>\n<p>Ta zaslon vklju\u010duje zgornje in spodnje nosilce, ki zagotavljajo varno pritrditev v va\u0161em prenosniku. 40-pinski konektor zagotavlja stabilno in zanesljivo povezavo, kar omogo\u010da enostavno namestitev. Ne glede na to, ali zamenjujete po\u0161kodovan zaslon ali nadgrajujete za bolj\u0161e delovanje, je ta LCD zaslon zasnovan, da ustreza va\u0161im potrebam.<\/p>\n<p>Stanje: novo \u2013 zagotovljeno brez napak in pripravljeno, da vdihne novo \u017eivljenje va\u0161emu prenosniku.<\/p>\n","protected":false},"excerpt":{"rendered":"<p>Nadgradite svoj HP Probook 450 G2\/G3 in 455 G4 z 15,6&#8243; sijajnim LCD zaslonom. Ta WXGA LED zaslon z 40-pinskim konektorjem in zgornjimi ter spodnjimi nosilci zagotavlja \u017eive vizualne u\u010dinke. Stanje: novo.<\/p>\n","protected":false},"featured_media":7609,"template":"","meta":[],"product_brand":[],"product_cat":[50],"product_tag":[73,62],"class_list":{"0":"post-7630","1":"product","2":"type-product","3":"status-publish","4":"has-post-thumbnail","6":"product_cat-15-6","7":"product_tag-probook","8":"product_tag-hp","10":"first","11":"instock","12":"taxable","13":"shipping-taxable","14":"purchasable","15":"product-type-simple"},"_links":{"self":[{"href":"https:\/\/pracek.si\/ekrani-za-prenosnike\/wp-json\/wp\/v2\/product\/7630","targetHints":{"allow":["GET"]}}],"collection":[{"href":"https:\/\/pracek.si\/ekrani-za-prenosnike\/wp-json\/wp\/v2\/product"}],"about":[{"href":"https:\/\/pracek.si\/ekrani-za-prenosnike\/wp-json\/wp\/v2\/types\/product"}],"wp:featuredmedia":[{"embeddable":true,"href":"https:\/\/pracek.si\/ekrani-za-prenosnike\/wp-json\/wp\/v2\/media\/7609"}],"wp:attachment":[{"href":"https:\/\/pracek.si\/ekrani-za-prenosnike\/wp-json\/wp\/v2\/media?parent=7630"}],"wp:term":[{"taxonomy":"product_brand","embeddable":true,"href":"https:\/\/pracek.si\/ekrani-za-prenosnike\/wp-json\/wp\/v2\/product_brand?post=7630"},{"taxonomy":"product_cat","embeddable":true,"href":"https:\/\/pracek.si\/ekrani-za-prenosnike\/wp-json\/wp\/v2\/product_cat?post=7630"},{"taxonomy":"product_tag","embeddable":true,"href":"https:\/\/pracek.si\/ekrani-za-prenosnike\/wp-json\/wp\/v2\/product_tag?post=7630"}],"curies":[{"name":"wp","href":"https:\/\/api.w.org\/{rel}","templated":true}]}}