{"id":7631,"date":"2024-09-02T18:29:36","date_gmt":"2024-09-02T18:29:36","guid":{"rendered":"https:\/\/pracek.si\/ekrani-za-prenosnike\/?post_type=product&#038;p=7631"},"modified":"2024-09-10T19:42:11","modified_gmt":"2024-09-10T19:42:11","slug":"n161hma-gak-rev-c3-lcd-zaslon-161-fhd-144hz-mat-40pin-z-lepilom-nov","status":"publish","type":"product","link":"https:\/\/pracek.si\/ekrani-za-prenosnike\/product\/n161hma-gak-rev-c3-lcd-zaslon-161-fhd-144hz-mat-40pin-z-lepilom-nov\/","title":{"rendered":"N161HMA-GAK REV. C3 LCD zaslon 16,1&#8243; FHD 144Hz mat 40pin z lepilom Nov"},"content":{"rendered":"<p>Izbolj\u0161ajte prikaz va\u0161ega prenosnika z LCD zaslonom N161HMA-GAK REV. C3 16,1&#8243;, ki je zasnovan za vrhunsko vizualno izku\u0161njo. Ta zaslon ponuja Full HD (1920&#215;1080) lo\u010dljivost s hitrostjo osve\u017eevanja 144Hz, kar zagotavlja gladko in teko\u010de gibanje vsebin. Svetlost 250 nitov omogo\u010da jasno in \u017eivahno sliko, primeren je za razli\u010dne svetlobne pogoje.<\/p>\n<p>Matiran ekran zmanj\u0161uje ble\u0161\u010danje, kar zagotavlja udobno gledanje tudi v svetlih okoljih. Zaslon se povezuje prek 40-pinskega vmesnika, kar zagotavlja zdru\u017eljivost s \u0161irokim naborom prenosnikov. Paket vklju\u010duje tudi obojestranski lepilni trak za preprosto namestitev, kar omogo\u010da hitro zamenjavo ali nadgradnjo zaslona.<\/p>\n<p>Prosimo, upo\u0161tevajte, da ta ekran prihaja brez zgornjih in spodnjih nosilcev. Zaslon je popolnoma nov, kar zagotavlja brezhiben izdelek, pripravljen za namestitev in uporabo.<\/p>\n","protected":false},"excerpt":{"rendered":"<p>Nadgradite svoj prenosnik z LCD zaslonom N161HMA-GAK REV. C3 16,1&#8243;. Z lo\u010dljivostjo FHD, hitrostjo osve\u017eevanja 144Hz in svetlostjo 250 nitov ta matiran ekran ponuja gladko in \u017eivahno sliko. Vklju\u010deni so obojestranski lepilni trakovi za enostavno namestitev. Stanje: novo.<\/p>\n","protected":false},"featured_media":7632,"template":"","meta":[],"product_brand":[],"product_cat":[66],"product_tag":[],"class_list":{"0":"post-7631","1":"product","2":"type-product","3":"status-publish","4":"has-post-thumbnail","6":"product_cat-16-1","8":"first","9":"instock","10":"taxable","11":"shipping-taxable","12":"purchasable","13":"product-type-simple"},"_links":{"self":[{"href":"https:\/\/pracek.si\/ekrani-za-prenosnike\/wp-json\/wp\/v2\/product\/7631","targetHints":{"allow":["GET"]}}],"collection":[{"href":"https:\/\/pracek.si\/ekrani-za-prenosnike\/wp-json\/wp\/v2\/product"}],"about":[{"href":"https:\/\/pracek.si\/ekrani-za-prenosnike\/wp-json\/wp\/v2\/types\/product"}],"wp:featuredmedia":[{"embeddable":true,"href":"https:\/\/pracek.si\/ekrani-za-prenosnike\/wp-json\/wp\/v2\/media\/7632"}],"wp:attachment":[{"href":"https:\/\/pracek.si\/ekrani-za-prenosnike\/wp-json\/wp\/v2\/media?parent=7631"}],"wp:term":[{"taxonomy":"product_brand","embeddable":true,"href":"https:\/\/pracek.si\/ekrani-za-prenosnike\/wp-json\/wp\/v2\/product_brand?post=7631"},{"taxonomy":"product_cat","embeddable":true,"href":"https:\/\/pracek.si\/ekrani-za-prenosnike\/wp-json\/wp\/v2\/product_cat?post=7631"},{"taxonomy":"product_tag","embeddable":true,"href":"https:\/\/pracek.si\/ekrani-za-prenosnike\/wp-json\/wp\/v2\/product_tag?post=7631"}],"curies":[{"name":"wp","href":"https:\/\/api.w.org\/{rel}","templated":true}]}}