{"id":7635,"date":"2024-09-02T18:48:07","date_gmt":"2024-09-02T18:48:07","guid":{"rendered":"https:\/\/pracek.si\/ekrani-za-prenosnike\/?post_type=product&#038;p=7635"},"modified":"2024-09-10T19:39:31","modified_gmt":"2024-09-10T19:39:31","slug":"nv161fhm-ny1-ny3-nx2-161-lcd-fhd-144hz-40pin-mat-z-lepilnim-trakom-nov","status":"publish","type":"product","link":"https:\/\/pracek.si\/ekrani-za-prenosnike\/product\/nv161fhm-ny1-ny3-nx2-161-lcd-fhd-144hz-40pin-mat-z-lepilnim-trakom-nov\/","title":{"rendered":"NV161FHM-NY1\/NY3\/NX2 16,1&#8243; LCD FHD 144Hz 40pin Mat z lepilnim trakom Nov"},"content":{"rendered":"<p><strong>Dejanski model LCD ekrana: N161hma-gak REV. C3 ali n161hca-ga1 REV C.1 \u2013 popolnoma zdru\u017eljiv z LCD ekranom NV161FHM-NY1 NY3 NX2<\/strong><\/p>\n<p>Izbolj\u0161ajte vizualno izku\u0161njo svojega prenosnika z LCD zaslonom NV161FHM-NY1\/NY3\/NX2 16,1&#8243;, zasnovanim za vrhunsko zmogljivost in jasnost. Ta zaslon se pona\u0161a z lo\u010dljivostjo Full HD (1920&#215;1080), kar zagotavlja ostre in podrobne slike, idealne za vsakodnevne naloge in visoko lo\u010dljivostne vsebine. Z osve\u017eevalno hitrostjo 144Hz ta zaslon omogo\u010da gladko gibanje, kar je idealno za igranje iger in hitro predvajanje videoposnetkov.<\/p>\n<p>Mat zaklju\u010dek zmanj\u0161uje ble\u0161\u010danje, kar omogo\u010da udobno gledanje v razli\u010dnih svetlobnih pogojih, medtem ko svetilnost 250 nitov zagotavlja \u017eivahne slike. Ta zaslon ima 40-pinski konektor in vklju\u010duje obojestranski lepilni trak za enostavno namestitev. Prosimo, upo\u0161tevajte, da zaslon ne vklju\u010duje zgornjih in spodnjih nosilcev.<\/p>\n<p>Ne glede na to, ali zamenjujete po\u0161kodovan zaslon ali nadgrajujete za bolj\u0161e delovanje, je NV161FHM-NY1\/NY3\/NX2 zanesljiva izbira, ki bo zadovoljila va\u0161e potrebe. Stanje: novo.<\/p>\n","protected":false},"excerpt":{"rendered":"<p>Nadgradite zaslon svojega prenosnika z LCD ekranom NV161FHM-NY1\/NY3\/NX2 16,1&#8243;. Z lo\u010dljivostjo FHD, hitrostjo osve\u017eevanja 144Hz in svetilnostjo 250 nitov zagotavlja gladko in \u017eivahno sliko. Vklju\u010deni so obojestranski lepilni trakovi za enostavno namestitev. Stanje: novo.<\/p>\n","protected":false},"featured_media":7632,"template":"","meta":[],"product_brand":[],"product_cat":[66],"product_tag":[],"class_list":{"0":"post-7635","1":"product","2":"type-product","3":"status-publish","4":"has-post-thumbnail","6":"product_cat-16-1","8":"first","9":"instock","10":"taxable","11":"shipping-taxable","12":"purchasable","13":"product-type-simple"},"_links":{"self":[{"href":"https:\/\/pracek.si\/ekrani-za-prenosnike\/wp-json\/wp\/v2\/product\/7635","targetHints":{"allow":["GET"]}}],"collection":[{"href":"https:\/\/pracek.si\/ekrani-za-prenosnike\/wp-json\/wp\/v2\/product"}],"about":[{"href":"https:\/\/pracek.si\/ekrani-za-prenosnike\/wp-json\/wp\/v2\/types\/product"}],"wp:featuredmedia":[{"embeddable":true,"href":"https:\/\/pracek.si\/ekrani-za-prenosnike\/wp-json\/wp\/v2\/media\/7632"}],"wp:attachment":[{"href":"https:\/\/pracek.si\/ekrani-za-prenosnike\/wp-json\/wp\/v2\/media?parent=7635"}],"wp:term":[{"taxonomy":"product_brand","embeddable":true,"href":"https:\/\/pracek.si\/ekrani-za-prenosnike\/wp-json\/wp\/v2\/product_brand?post=7635"},{"taxonomy":"product_cat","embeddable":true,"href":"https:\/\/pracek.si\/ekrani-za-prenosnike\/wp-json\/wp\/v2\/product_cat?post=7635"},{"taxonomy":"product_tag","embeddable":true,"href":"https:\/\/pracek.si\/ekrani-za-prenosnike\/wp-json\/wp\/v2\/product_tag?post=7635"}],"curies":[{"name":"wp","href":"https:\/\/api.w.org\/{rel}","templated":true}]}}