{"id":7636,"date":"2024-09-02T18:53:36","date_gmt":"2024-09-02T18:53:36","guid":{"rendered":"https:\/\/pracek.si\/ekrani-za-prenosnike\/?post_type=product&#038;p=7636"},"modified":"2024-09-25T13:24:45","modified_gmt":"2024-09-25T13:24:45","slug":"hp-m02082-001-lcd-zaslon-161-fhd-144hz-250-nits-mat-40-pin-z-lepilom-nov","status":"publish","type":"product","link":"https:\/\/pracek.si\/ekrani-za-prenosnike\/product\/hp-m02082-001-lcd-zaslon-161-fhd-144hz-250-nits-mat-40-pin-z-lepilom-nov\/","title":{"rendered":"HP M02082-001 LCD zaslon 16,1&#8243; FHD 144Hz 250 Nits Mat 40-pin z lepilom Nov"},"content":{"rendered":"<p><strong>Dejanski model LCD ekrana: N161hma-gak REV. C3 ali n161hca-ga1 REV C.1 \u2013 popolnoma zdru\u017eljiv z LCD ekranom HP M02082-001<\/strong><\/p>\n<p>Izbolj\u0161ajte prikaz na svojem prenosniku z LCD zaslonom HP M02082-001 velikosti 16,1&#8243;, zasnovanim za vrhunsko vizualno jasnost in zmogljivost. Ta zaslon ponuja Full HD (1920&#215;1080) lo\u010dljivost z osve\u017eevalno frekvenco 144Hz, kar zagotavlja gladko gibanje in zmanj\u0161ano zamegljenost za poglobljeno izku\u0161njo gledanja, \u0161e posebej pri hitrih aktivnostih, kot so igre ali predvajanje videoposnetkov. Svetilnost 250 Nits omogo\u010da jasne in \u017eive slike tudi v dobro osvetljenih prostorih.<\/p>\n<p>Mat povr\u0161ina zmanj\u0161uje ble\u0161\u010danje, kar olaj\u0161a uporabo zaslona za dalj\u0161e \u010dasovno obdobje, medtem ko 40-pinski konektor zagotavlja varno in stabilno povezavo z va\u0161o napravo. Namestitev je enostavna z vklju\u010ditvijo obojestranskega samolepilnega traku, ki omogo\u010da enostavno zamenjavo obstoje\u010dega zaslona brez potrebe po dodatnih nosilcih.<\/p>\n<p>Ta LCD zaslon je popolnoma nov, kar zagotavlja, da ga prejmete brezhibnega in pripravljenega za namestitev. Ne glede na to, ali nadgrajujete zaslon ali zamenjujete po\u0161kodovanega, HP M02082-001 ponuja zanesljivo in kakovostno re\u0161itev.<\/p>\n","protected":false},"excerpt":{"rendered":"<p>Nadgradite svoj prenosnik z LCD zaslonom HP M02082-001 velikosti 16,1&#8243;. S FHD lo\u010dljivostjo, 144Hz osve\u017eevalno frekvenco, svetilnostjo 250 Nits in mat povr\u0161ino, zagotavlja gladko in \u017eivahno sliko. Vklju\u010deni so obojestranski samolepilni trakovi za enostavno namestitev. Stanje: novo.<\/p>\n","protected":false},"featured_media":7632,"template":"","meta":[],"product_brand":[],"product_cat":[66],"product_tag":[62],"class_list":{"0":"post-7636","1":"product","2":"type-product","3":"status-publish","4":"has-post-thumbnail","6":"product_cat-16-1","7":"product_tag-hp","9":"first","10":"instock","11":"taxable","12":"shipping-taxable","13":"purchasable","14":"product-type-simple"},"_links":{"self":[{"href":"https:\/\/pracek.si\/ekrani-za-prenosnike\/wp-json\/wp\/v2\/product\/7636","targetHints":{"allow":["GET"]}}],"collection":[{"href":"https:\/\/pracek.si\/ekrani-za-prenosnike\/wp-json\/wp\/v2\/product"}],"about":[{"href":"https:\/\/pracek.si\/ekrani-za-prenosnike\/wp-json\/wp\/v2\/types\/product"}],"wp:featuredmedia":[{"embeddable":true,"href":"https:\/\/pracek.si\/ekrani-za-prenosnike\/wp-json\/wp\/v2\/media\/7632"}],"wp:attachment":[{"href":"https:\/\/pracek.si\/ekrani-za-prenosnike\/wp-json\/wp\/v2\/media?parent=7636"}],"wp:term":[{"taxonomy":"product_brand","embeddable":true,"href":"https:\/\/pracek.si\/ekrani-za-prenosnike\/wp-json\/wp\/v2\/product_brand?post=7636"},{"taxonomy":"product_cat","embeddable":true,"href":"https:\/\/pracek.si\/ekrani-za-prenosnike\/wp-json\/wp\/v2\/product_cat?post=7636"},{"taxonomy":"product_tag","embeddable":true,"href":"https:\/\/pracek.si\/ekrani-za-prenosnike\/wp-json\/wp\/v2\/product_tag?post=7636"}],"curies":[{"name":"wp","href":"https:\/\/api.w.org\/{rel}","templated":true}]}}