{"id":7637,"date":"2024-09-02T18:59:46","date_gmt":"2024-09-02T18:59:46","guid":{"rendered":"https:\/\/pracek.si\/ekrani-za-prenosnike\/?post_type=product&#038;p=7637"},"modified":"2024-09-25T13:24:45","modified_gmt":"2024-09-25T13:24:45","slug":"hp-m24892-jq3-lcd-zaslon-161-fhd-144hz-mat-40-pin-z-lepilnim-trakom-nov","status":"publish","type":"product","link":"https:\/\/pracek.si\/ekrani-za-prenosnike\/product\/hp-m24892-jq3-lcd-zaslon-161-fhd-144hz-mat-40-pin-z-lepilnim-trakom-nov\/","title":{"rendered":"HP M24892-JQ3 LCD zaslon 16,1&#8243; FHD 144Hz mat 40 pin z lepilnim trakom Nov"},"content":{"rendered":"<p><strong>Dejanski model LCD ekrana: N161hma-gak REV. C3 ali n161hca-ga1 REV C.1 \u2013 popolnoma zdru\u017eljiv z LCD ekranom HP M24892-JQ3<\/strong><\/p>\n<p>Izbolj\u0161ajte zaslon svojega prenosnika z LCD zaslonom HP M24892-JQ3 16,1\u2033, ki je zasnovan za vrhunsko zmogljivost in kristalno \u010disto sliko. Ta zaslon se pona\u0161a z lo\u010dljivostjo Full HD (1920\u00d71080) in gladko frekvenco osve\u017eevanja 144Hz, kar vam zagotavlja izjemno ostre in teko\u010de slike, idealne za igranje iger, ve\u010dpredstavnost in vsakodnevno uporabo.<\/p>\n<p>40-pinski konektor zagotavlja varno in stabilno povezavo, medtem ko svetlost 250 nits omogo\u010da \u017eivahno in jasno vsebino, tudi v svetlej\u0161ih okoljih. Mat povr\u0161ina zmanj\u0161uje ble\u0161\u010danje, kar je idealno za uporabo v razli\u010dnih svetlobnih pogojih.<\/p>\n<p>Ta LCD zaslon vklju\u010duje obojestranski lepilni trak, kar poenostavi postopek namestitve. Upo\u0161tevajte, da zaslon ne vsebuje zgornjih in spodnjih nosilcev. Zaslon je popolnoma nov, kar zagotavlja, da prejmete brezhiben izdelek, pripravljen za izbolj\u0161anje zmogljivosti va\u0161ega prenosnika.<\/p>\n","protected":false},"excerpt":{"rendered":"<p>Nadgradite svoj prenosnik z LCD zaslonom HP M24892-JQ3 16,1&#8243;. Z lo\u010dljivostjo FHD 144Hz, 40-pinsko povezavo, mat povr\u0161ino in svetlostjo 250 nits. Prilo\u017een je obojestranski lepilni trak za enostavno namestitev. Stanje: novo.<\/p>\n","protected":false},"featured_media":7632,"template":"","meta":[],"product_brand":[],"product_cat":[66],"product_tag":[62],"class_list":{"0":"post-7637","1":"product","2":"type-product","3":"status-publish","4":"has-post-thumbnail","6":"product_cat-16-1","7":"product_tag-hp","9":"first","10":"instock","11":"taxable","12":"shipping-taxable","13":"purchasable","14":"product-type-simple"},"_links":{"self":[{"href":"https:\/\/pracek.si\/ekrani-za-prenosnike\/wp-json\/wp\/v2\/product\/7637","targetHints":{"allow":["GET"]}}],"collection":[{"href":"https:\/\/pracek.si\/ekrani-za-prenosnike\/wp-json\/wp\/v2\/product"}],"about":[{"href":"https:\/\/pracek.si\/ekrani-za-prenosnike\/wp-json\/wp\/v2\/types\/product"}],"wp:featuredmedia":[{"embeddable":true,"href":"https:\/\/pracek.si\/ekrani-za-prenosnike\/wp-json\/wp\/v2\/media\/7632"}],"wp:attachment":[{"href":"https:\/\/pracek.si\/ekrani-za-prenosnike\/wp-json\/wp\/v2\/media?parent=7637"}],"wp:term":[{"taxonomy":"product_brand","embeddable":true,"href":"https:\/\/pracek.si\/ekrani-za-prenosnike\/wp-json\/wp\/v2\/product_brand?post=7637"},{"taxonomy":"product_cat","embeddable":true,"href":"https:\/\/pracek.si\/ekrani-za-prenosnike\/wp-json\/wp\/v2\/product_cat?post=7637"},{"taxonomy":"product_tag","embeddable":true,"href":"https:\/\/pracek.si\/ekrani-za-prenosnike\/wp-json\/wp\/v2\/product_tag?post=7637"}],"curies":[{"name":"wp","href":"https:\/\/api.w.org\/{rel}","templated":true}]}}