{"id":7647,"date":"2024-09-03T13:20:26","date_gmt":"2024-09-03T13:20:26","guid":{"rendered":"https:\/\/pracek.si\/ekrani-za-prenosnike\/?post_type=product&#038;p=7647"},"modified":"2024-09-25T13:24:45","modified_gmt":"2024-09-25T13:24:45","slug":"hp-pavilion-16-a0032dx-lcd-161-fhd-144hz-mat-40-pin-z-lepilom-nov","status":"publish","type":"product","link":"https:\/\/pracek.si\/ekrani-za-prenosnike\/product\/hp-pavilion-16-a0032dx-lcd-161-fhd-144hz-mat-40-pin-z-lepilom-nov\/","title":{"rendered":"HP Pavilion 16-a0032dx LCD 16,1&#8243; FHD 144Hz mat 40 pin z lepilom Nov"},"content":{"rendered":"<p><strong>Dejanski model LCD ekrana: N161hma-gak REV. C3 ali n161hca-ga1 REV C.1 \u2013 popolnoma zdru\u017eljiv z LCD ekranom za prenmosnik HP Pavilion 16-a0032dx<\/strong><\/p>\n<p>Izbolj\u0161ajte svoj HP Pavilion 16-a0032dx s tem vrhunskim 16,1\u2033 LCD zaslonom, zasnovanim za zagotavljanje izjemne vizualne jasnosti in gladkega delovanja. Z lo\u010dljivostjo Full HD (1920\u00d71080) in hitrostjo osve\u017eevanja 144Hz ta zaslon ponuja ostre, \u017eivahne slike in ultra gladko gibanje, kar je popolno za igranje iger, ve\u010dpredstavnost in vsakodnevno uporabo.<\/p>\n<p>Matirana povr\u0161ina zmanj\u0161uje ble\u0161\u010danje, zaradi \u010desar je zaslon idealen za uporabo v razli\u010dnih svetlobnih pogojih, medtem ko svetlost 250 nitov zagotavlja, da ostane zaslon jasen in viden tudi v svetlej\u0161ih okoljih. 40-pinski konektor omogo\u010da varno in zanesljivo povezavo z va\u0161im prenosnikom.<\/p>\n<p>Ta zaslon vklju\u010duje obojestranski lepilni trak, ki poenostavi postopek namestitve. Upo\u0161tevajte, da zgornji in spodnji nosilci niso vklju\u010deni. Zaslon je v popolnoma novem stanju, kar zagotavlja optimalno delovanje takoj po namestitvi.<\/p>\n","protected":false},"excerpt":{"rendered":"<p>Nadgradite svoj HP Pavilion 16-a0032dx z novim 16,1&#8243; FHD 144Hz matiranim LCD zaslonom. Ta visokozmogljiv zaslon ponuja 40-pinsko povezljivost in vklju\u010duje obojestranski lepilni trak za enostavno namestitev. Stanje: novo.<\/p>\n","protected":false},"featured_media":7632,"template":"","meta":[],"product_brand":[],"product_cat":[66],"product_tag":[62],"class_list":{"0":"post-7647","1":"product","2":"type-product","3":"status-publish","4":"has-post-thumbnail","6":"product_cat-16-1","7":"product_tag-hp","9":"first","10":"instock","11":"taxable","12":"shipping-taxable","13":"purchasable","14":"product-type-simple"},"_links":{"self":[{"href":"https:\/\/pracek.si\/ekrani-za-prenosnike\/wp-json\/wp\/v2\/product\/7647","targetHints":{"allow":["GET"]}}],"collection":[{"href":"https:\/\/pracek.si\/ekrani-za-prenosnike\/wp-json\/wp\/v2\/product"}],"about":[{"href":"https:\/\/pracek.si\/ekrani-za-prenosnike\/wp-json\/wp\/v2\/types\/product"}],"wp:featuredmedia":[{"embeddable":true,"href":"https:\/\/pracek.si\/ekrani-za-prenosnike\/wp-json\/wp\/v2\/media\/7632"}],"wp:attachment":[{"href":"https:\/\/pracek.si\/ekrani-za-prenosnike\/wp-json\/wp\/v2\/media?parent=7647"}],"wp:term":[{"taxonomy":"product_brand","embeddable":true,"href":"https:\/\/pracek.si\/ekrani-za-prenosnike\/wp-json\/wp\/v2\/product_brand?post=7647"},{"taxonomy":"product_cat","embeddable":true,"href":"https:\/\/pracek.si\/ekrani-za-prenosnike\/wp-json\/wp\/v2\/product_cat?post=7647"},{"taxonomy":"product_tag","embeddable":true,"href":"https:\/\/pracek.si\/ekrani-za-prenosnike\/wp-json\/wp\/v2\/product_tag?post=7647"}],"curies":[{"name":"wp","href":"https:\/\/api.w.org\/{rel}","templated":true}]}}