{"id":7648,"date":"2024-09-03T13:27:55","date_gmt":"2024-09-03T13:27:55","guid":{"rendered":"https:\/\/pracek.si\/ekrani-za-prenosnike\/?post_type=product&#038;p=7648"},"modified":"2024-09-25T13:24:45","modified_gmt":"2024-09-25T13:24:45","slug":"hp-omen-16t-k000-lcd-zaslon-161-fhd-144hz-mat-40-pin-z-lepilom-nov","status":"publish","type":"product","link":"https:\/\/pracek.si\/ekrani-za-prenosnike\/product\/hp-omen-16t-k000-lcd-zaslon-161-fhd-144hz-mat-40-pin-z-lepilom-nov\/","title":{"rendered":"HP Omen 16t-k000 LCD zaslon 16,1&#8243; FHD 144Hz Mat 40-pin z lepilom Nov"},"content":{"rendered":"<p><strong>Dejanski model LCD ekrana: N161hma-gak REV. C3 ali n161hca-ga1 REV C.1 \u2013 popolnoma zdru\u017eljiv z LCD ekranom za prenmosnik HP Omen 16t-k000 pn 7N8H5U<\/strong><\/p>\n<p>Izbolj\u0161ajte svojo igralno izku\u0161njo z nadomestnim LCD zaslonom za HP Omen 16t-k000. Ta 16,1\u2033 zaslon je zasnovan za vrhunsko zmogljivost z lo\u010dljivostjo Full HD (1920\u00d71080), ki zagotavlja ostre in jasne vizualne u\u010dinke. S hitrostjo osve\u017eevanja 144Hz omogo\u010da teko\u010de gibanje, kar je idealno za hitre igre, medtem ko svetlost 250 nitov ponuja svetle in \u017eivahne slike tudi v dobro osvetljenih okoljih.<\/p>\n<p>Mat premaz zmanj\u0161uje ble\u0161\u010danje in zagotavlja udobno gledanje med dolgimi igralnimi seansami. Ta zaslon se povezuje prek 40-pinskega vmesnika, kar zagotavlja zdru\u017eljivost z va\u0161o napravo. Poleg tega vklju\u010duje obojestranski lepilni trak, kar poenostavi namestitev.<\/p>\n<p>Prosimo, upo\u0161tevajte, da ta zaslon ne vklju\u010duje zgornjih in spodnjih nosilcev. Izdelek je popolnoma nov, kar zagotavlja, da prejmete kakovosten zaslon brez napak, pripravljen za izbolj\u0161anje va\u0161ega igralnega prenosnika.<\/p>\n","protected":false},"excerpt":{"rendered":"<p>Nadgradite svoj HP Omen 16t-k000 z LCD zaslonom velikosti 16,1&#8243;. Z lo\u010dljivostjo FHD, hitrostjo osve\u017eevanja 144Hz in svetlostjo 250 nitov zagotavlja gladko in \u017eivahno vizualno izku\u0161njo. Vklju\u010deni so obojestranski lepilni trakovi za enostavno namestitev. Stanje: novo.<\/p>\n","protected":false},"featured_media":7632,"template":"","meta":[],"product_brand":[],"product_cat":[66],"product_tag":[62],"class_list":{"0":"post-7648","1":"product","2":"type-product","3":"status-publish","4":"has-post-thumbnail","6":"product_cat-16-1","7":"product_tag-hp","9":"first","10":"instock","11":"taxable","12":"shipping-taxable","13":"purchasable","14":"product-type-simple"},"_links":{"self":[{"href":"https:\/\/pracek.si\/ekrani-za-prenosnike\/wp-json\/wp\/v2\/product\/7648","targetHints":{"allow":["GET"]}}],"collection":[{"href":"https:\/\/pracek.si\/ekrani-za-prenosnike\/wp-json\/wp\/v2\/product"}],"about":[{"href":"https:\/\/pracek.si\/ekrani-za-prenosnike\/wp-json\/wp\/v2\/types\/product"}],"wp:featuredmedia":[{"embeddable":true,"href":"https:\/\/pracek.si\/ekrani-za-prenosnike\/wp-json\/wp\/v2\/media\/7632"}],"wp:attachment":[{"href":"https:\/\/pracek.si\/ekrani-za-prenosnike\/wp-json\/wp\/v2\/media?parent=7648"}],"wp:term":[{"taxonomy":"product_brand","embeddable":true,"href":"https:\/\/pracek.si\/ekrani-za-prenosnike\/wp-json\/wp\/v2\/product_brand?post=7648"},{"taxonomy":"product_cat","embeddable":true,"href":"https:\/\/pracek.si\/ekrani-za-prenosnike\/wp-json\/wp\/v2\/product_cat?post=7648"},{"taxonomy":"product_tag","embeddable":true,"href":"https:\/\/pracek.si\/ekrani-za-prenosnike\/wp-json\/wp\/v2\/product_tag?post=7648"}],"curies":[{"name":"wp","href":"https:\/\/api.w.org\/{rel}","templated":true}]}}