{"id":7649,"date":"2024-09-03T13:44:03","date_gmt":"2024-09-03T13:44:03","guid":{"rendered":"https:\/\/pracek.si\/ekrani-za-prenosnike\/?post_type=product&#038;p=7649"},"modified":"2024-09-25T13:24:45","modified_gmt":"2024-09-25T13:24:45","slug":"161-lcd-zaslon-hp-pavilion-gaming-144hz-fhd-40pin-mat-z-lepilom-nov","status":"publish","type":"product","link":"https:\/\/pracek.si\/ekrani-za-prenosnike\/product\/161-lcd-zaslon-hp-pavilion-gaming-144hz-fhd-40pin-mat-z-lepilom-nov\/","title":{"rendered":"16,1&#8243; LCD zaslon HP Pavilion Gaming 144Hz FHD 40Pin Mat z lepilom Nov"},"content":{"rendered":"<p><strong>Dejanski model LCD ekrana: N161hma-gak REV. C3 ali n161hca-ga1 REV C.1 \u2013 popolnoma zdru\u017eljiv z LCD ekranom za prenmosnik HP Pavilion Gaming 16-a0032 16-A0032DX 16-a0093nf<\/strong><\/p>\n<p>Izbolj\u0161ajte svojo igralno izku\u0161njo z novim LCD zaslonom za va\u0161 HP Pavilion Gaming 16-a0032, 16-A0032DX ali 16-a0093nf prenosnik. Ta 16,1\u2033 zaslon ponuja \u017eivahne slike z Full HD (1920\u00d71080) lo\u010dljivostjo in hitro osve\u017eitvijo 144 Hz, kar je idealno za gladko in poglobljeno igranje. S svetlostjo 250 nitov zagotavlja jasne in svetle slike, tudi v dobro osvetljenih prostorih.<\/p>\n<p>Matirana povr\u0161ina zmanj\u0161uje ble\u0161\u010danje in odseve, kar omogo\u010da udobno gledanje med dolgimi igralnimi sejami. Ta LCD zaslon ima 40-pinski konektor za varno pritrditev in vklju\u010duje obojestranski lepilni trak za enostavno namestitev. Prosimo, upo\u0161tevajte, da zaslon ne vklju\u010duje zgornjih in spodnjih nosilcev, kar ga naredi odli\u010dno zamenjavo za va\u0161o trenutno konfiguracijo.<\/p>\n<p>Zaslon je v popolnoma novem stanju, kar vam zagotavlja brezhiben izdelek, pripravljen za izbolj\u0161anje zmogljivosti va\u0161ega prenosnika.<\/p>\n","protected":false},"excerpt":{"rendered":"<p>Nadgradite svoj HP Pavilion Gaming prenosnik z novim 16,1&#8243; LCD zaslonom. Ponuja FHD lo\u010dljivost, hitrost osve\u017eevanja 144 Hz, svetlost 250 nitov in matirano povr\u0161ino za zmanj\u0161anje ble\u0161\u010danja. Vklju\u010duje obojestranski lepilni trak za enostavno namestitev. Stanje: novo.<\/p>\n","protected":false},"featured_media":7632,"template":"","meta":[],"product_brand":[],"product_cat":[66],"product_tag":[62],"class_list":{"0":"post-7649","1":"product","2":"type-product","3":"status-publish","4":"has-post-thumbnail","6":"product_cat-16-1","7":"product_tag-hp","9":"first","10":"instock","11":"taxable","12":"shipping-taxable","13":"purchasable","14":"product-type-simple"},"_links":{"self":[{"href":"https:\/\/pracek.si\/ekrani-za-prenosnike\/wp-json\/wp\/v2\/product\/7649","targetHints":{"allow":["GET"]}}],"collection":[{"href":"https:\/\/pracek.si\/ekrani-za-prenosnike\/wp-json\/wp\/v2\/product"}],"about":[{"href":"https:\/\/pracek.si\/ekrani-za-prenosnike\/wp-json\/wp\/v2\/types\/product"}],"wp:featuredmedia":[{"embeddable":true,"href":"https:\/\/pracek.si\/ekrani-za-prenosnike\/wp-json\/wp\/v2\/media\/7632"}],"wp:attachment":[{"href":"https:\/\/pracek.si\/ekrani-za-prenosnike\/wp-json\/wp\/v2\/media?parent=7649"}],"wp:term":[{"taxonomy":"product_brand","embeddable":true,"href":"https:\/\/pracek.si\/ekrani-za-prenosnike\/wp-json\/wp\/v2\/product_brand?post=7649"},{"taxonomy":"product_cat","embeddable":true,"href":"https:\/\/pracek.si\/ekrani-za-prenosnike\/wp-json\/wp\/v2\/product_cat?post=7649"},{"taxonomy":"product_tag","embeddable":true,"href":"https:\/\/pracek.si\/ekrani-za-prenosnike\/wp-json\/wp\/v2\/product_tag?post=7649"}],"curies":[{"name":"wp","href":"https:\/\/api.w.org\/{rel}","templated":true}]}}