{"id":7653,"date":"2024-09-03T18:38:22","date_gmt":"2024-09-03T18:38:22","guid":{"rendered":"https:\/\/pracek.si\/ekrani-za-prenosnike\/?post_type=product&#038;p=7653"},"modified":"2024-09-25T10:59:00","modified_gmt":"2024-09-25T10:59:00","slug":"lcd-zaslon-za-hp-victus-16-d0106tx-161-fhd-144hz-mat-40-pin-nov-z-lepilom","status":"publish","type":"product","link":"https:\/\/pracek.si\/ekrani-za-prenosnike\/product\/lcd-zaslon-za-hp-victus-16-d0106tx-161-fhd-144hz-mat-40-pin-nov-z-lepilom\/","title":{"rendered":"LCD zaslon za HP Victus 16-d0106TX 16,1&#8243; FHD 144Hz mat 40 pin Nov z lepilom"},"content":{"rendered":"<p><strong>Dejanski model LCD ekrana: N161hma-gak REV. C3 ali n161hca-ga1 REV C.1 \u2013 popolnoma zdru\u017eljiv z LCD ekranom za prenmosnik Victus HP 16-d0106TX 16-d0116TX 16-d0183TX 16-d0189TX 16-d0361TX<\/strong><\/p>\n<p>Izbolj\u0161ajte svojo igralno ali delovno izku\u0161njo z novim LCD zaslonom za va\u0161 prenosnik HP Victus 16 serije. Ta 16,1\u2033 zaslon je posebej zasnovan za modele 16-d0106TX, 16-d0116TX, 16-d0183TX, 16-d0189TX in 16-d0361TX. Ponuja Full HD (1920\u00d71080) lo\u010dljivost in osve\u017eevalno frekvenco 144Hz, kar vam omogo\u010da ostre in gladke vizualne u\u010dinke, ki so kot nala\u0161\u010d za igranje iger, pretakanje ali vsakodnevna opravila.<\/p>\n<p>Mat povr\u0161ina tega LCD zaslona zmanj\u0161uje ble\u0161\u010danje in odseve, kar omogo\u010da la\u017eje gledanje v svetlih okoljih. Z nivojem svetlosti 250 Nits lahko u\u017eivate v jasnih in \u017eivahnih slikah tudi v dobro osvetljenih prostorih. 40-pinski priklju\u010dek zagotavlja stabilno in zanesljivo povezavo z va\u0161im prenosnikom, medtem ko prilo\u017eeni obojestranski samolepilni trak omogo\u010da enostavno namestitev.<\/p>\n<p>Ta zaslon je brez zgornjih in spodnjih nosilcev, kar zagotavlja eleganten in \u010dist videz po namestitvi. Je popolnoma nov in zagotavlja najbolj\u0161e delovanje, kar omogo\u010da visokokakovostno zamenjavo za va\u0161 po\u0161kodovan ali zastarel zaslon.<\/p>\n","protected":false},"excerpt":{"rendered":"<p>Nadgradite svoj HP Victus 16 serijo prenosnikov z novim 16,1&#8243; FHD 144Hz mat LCD zaslonom. Zdru\u017eljiv z modeli 16-d0106TX, 16-d0116TX, 16-d0183TX, 16-d0189TX in 16-d0361TX. Vklju\u010duje obojestranski samolepilni trak za enostavno namestitev. Stanje: novo.<\/p>\n","protected":false},"featured_media":7632,"template":"","meta":[],"product_brand":[],"product_cat":[66],"product_tag":[62],"class_list":{"0":"post-7653","1":"product","2":"type-product","3":"status-publish","4":"has-post-thumbnail","6":"product_cat-16-1","7":"product_tag-hp","9":"first","10":"instock","11":"taxable","12":"shipping-taxable","13":"purchasable","14":"product-type-simple"},"_links":{"self":[{"href":"https:\/\/pracek.si\/ekrani-za-prenosnike\/wp-json\/wp\/v2\/product\/7653","targetHints":{"allow":["GET"]}}],"collection":[{"href":"https:\/\/pracek.si\/ekrani-za-prenosnike\/wp-json\/wp\/v2\/product"}],"about":[{"href":"https:\/\/pracek.si\/ekrani-za-prenosnike\/wp-json\/wp\/v2\/types\/product"}],"wp:featuredmedia":[{"embeddable":true,"href":"https:\/\/pracek.si\/ekrani-za-prenosnike\/wp-json\/wp\/v2\/media\/7632"}],"wp:attachment":[{"href":"https:\/\/pracek.si\/ekrani-za-prenosnike\/wp-json\/wp\/v2\/media?parent=7653"}],"wp:term":[{"taxonomy":"product_brand","embeddable":true,"href":"https:\/\/pracek.si\/ekrani-za-prenosnike\/wp-json\/wp\/v2\/product_brand?post=7653"},{"taxonomy":"product_cat","embeddable":true,"href":"https:\/\/pracek.si\/ekrani-za-prenosnike\/wp-json\/wp\/v2\/product_cat?post=7653"},{"taxonomy":"product_tag","embeddable":true,"href":"https:\/\/pracek.si\/ekrani-za-prenosnike\/wp-json\/wp\/v2\/product_tag?post=7653"}],"curies":[{"name":"wp","href":"https:\/\/api.w.org\/{rel}","templated":true}]}}