{"id":7665,"date":"2024-09-03T18:59:28","date_gmt":"2024-09-03T18:59:28","guid":{"rendered":"https:\/\/pracek.si\/ekrani-za-prenosnike\/?post_type=product&#038;p=7665"},"modified":"2024-09-25T10:59:00","modified_gmt":"2024-09-25T10:59:00","slug":"hp-victus-161-lcd-fhd-144hz-40-pin-mat-z-lepilom-nov","status":"publish","type":"product","link":"https:\/\/pracek.si\/ekrani-za-prenosnike\/product\/hp-victus-161-lcd-fhd-144hz-40-pin-mat-z-lepilom-nov\/","title":{"rendered":"HP Victus 16,1&#8243; LCD FHD 144Hz 40-pin Mat z lepilom Nov"},"content":{"rendered":"<p><strong>Dejanski model LCD ekrana: N161hma-gak REV. C3 ali n161hca-ga1 REV C.1 \u2013 popolnoma zdru\u017eljiv z LCD ekranom za prenmosnik Victus HP 16-e0019na 16-E0914NG<\/strong><\/p>\n<p>Izbolj\u0161ajte svojo igralno ali vsakodnevno ra\u010dunalni\u0161ko izku\u0161njo s tem visokozmogljivim LCD zaslonom, zasnovanim posebej za modele HP Victus 16-e0019na in 16-E0914NG. Z 16,1\u2033 Full HD (1920\u00d71080) zaslonom in hitrostjo osve\u017eevanja 144Hz ta zaslon ponuja gladke, ostre in \u017eivahne slike, idealne za igranje iger, video urejanje in \u0161e ve\u010d. Matirana povr\u0161ina zmanj\u0161uje ble\u0161\u010danje, kar zagotavlja jasno vidljivost tudi v svetlih okoljih.<\/p>\n<p>Ta LCD ekran ima 40-pinsko povezavo, ki zagotavlja varno in zanesljivo povezavo z va\u0161o napravo. Namestitev je enostavna z vklju\u010denim obojestranskim samolepilnim trakom. Ne glede na to, ali zamenjujete po\u0161kodovan zaslon ali nadgrajujete za izbolj\u0161ano zmogljivost, je ta zaslon odli\u010dna izbira.<\/p>\n<p>Prosimo, upo\u0161tevajte, da ta zaslon ne vklju\u010duje zgornjih in spodnjih nosilcev. Izdelek je popolnoma nov, kar zagotavlja, da prejmete brezhiben in popolnoma funkcionalen zaslon, pripravljen za namestitev.<\/p>\n","protected":false},"excerpt":{"rendered":"<p>Nadgradite svoj HP Victus z 16,1&#8243; LCD zaslonom. Zaslon ponuja FHD lo\u010dljivost in osve\u017eevanje pri 144Hz, 40-pinsko povezavo in matirano povr\u0161ino, kar zagotavlja osupljive vizualne u\u010dinke. Vklju\u010deni so obojestranski samolepilni trakovi za enostavno namestitev. Stanje: novo.<\/p>\n","protected":false},"featured_media":7632,"template":"","meta":[],"product_brand":[],"product_cat":[66],"product_tag":[62],"class_list":{"0":"post-7665","1":"product","2":"type-product","3":"status-publish","4":"has-post-thumbnail","6":"product_cat-16-1","7":"product_tag-hp","9":"first","10":"instock","11":"taxable","12":"shipping-taxable","13":"purchasable","14":"product-type-simple"},"_links":{"self":[{"href":"https:\/\/pracek.si\/ekrani-za-prenosnike\/wp-json\/wp\/v2\/product\/7665","targetHints":{"allow":["GET"]}}],"collection":[{"href":"https:\/\/pracek.si\/ekrani-za-prenosnike\/wp-json\/wp\/v2\/product"}],"about":[{"href":"https:\/\/pracek.si\/ekrani-za-prenosnike\/wp-json\/wp\/v2\/types\/product"}],"wp:featuredmedia":[{"embeddable":true,"href":"https:\/\/pracek.si\/ekrani-za-prenosnike\/wp-json\/wp\/v2\/media\/7632"}],"wp:attachment":[{"href":"https:\/\/pracek.si\/ekrani-za-prenosnike\/wp-json\/wp\/v2\/media?parent=7665"}],"wp:term":[{"taxonomy":"product_brand","embeddable":true,"href":"https:\/\/pracek.si\/ekrani-za-prenosnike\/wp-json\/wp\/v2\/product_brand?post=7665"},{"taxonomy":"product_cat","embeddable":true,"href":"https:\/\/pracek.si\/ekrani-za-prenosnike\/wp-json\/wp\/v2\/product_cat?post=7665"},{"taxonomy":"product_tag","embeddable":true,"href":"https:\/\/pracek.si\/ekrani-za-prenosnike\/wp-json\/wp\/v2\/product_tag?post=7665"}],"curies":[{"name":"wp","href":"https:\/\/api.w.org\/{rel}","templated":true}]}}