{"id":7666,"date":"2024-09-03T19:05:00","date_gmt":"2024-09-03T19:05:00","guid":{"rendered":"https:\/\/pracek.si\/ekrani-za-prenosnike\/?post_type=product&#038;p=7666"},"modified":"2024-09-25T10:59:00","modified_gmt":"2024-09-25T10:59:00","slug":"victus-hp-16-e0085cl-lcd-zaslon-161-fhd-144hz-40-pin-mat-z-lepilom-nov","status":"publish","type":"product","link":"https:\/\/pracek.si\/ekrani-za-prenosnike\/product\/victus-hp-16-e0085cl-lcd-zaslon-161-fhd-144hz-40-pin-mat-z-lepilom-nov\/","title":{"rendered":"Victus HP 16-e0085cl LCD zaslon 16,1&#8243; FHD 144Hz 40-pin Mat z lepilom Nov"},"content":{"rendered":"<p><strong>Dejanski model LCD ekrana: N161hma-gak REV. C3 ali n161hca-ga1 REV C.1 \u2013 popolnoma zdru\u017eljiv z LCD ekranom za prenmosnik Victus HP 16-e0085cl 16-e0085cl<\/strong><\/p>\n<p>Izbolj\u0161ajte svojo HP Victus 16-e0085cl igralno izku\u0161njo s tem visokokakovostnim 16,1&#8243; LCD zaslonom. Zasnovan posebej za ta model, zaslon ponuja Full HD (1920&#215;1080) lo\u010dljivost in hitrost osve\u017eevanja 144Hz, kar omogo\u010da gladke in ostre slike za poglobljeno igralno izku\u0161njo. Svetlost 250 nitov zagotavlja jasnost tudi v dobro osvetljenih prostorih, medtem ko matirana povr\u0161ina zmanj\u0161uje odseve in ble\u0161\u010danje, kar omogo\u010da udobno gledanje.<\/p>\n<p>Ta LCD zaslon ima 40-pinski priklju\u010dek, ki zagotavlja varno in zanesljivo povezavo. Vklju\u010duje obojestranski samolepilni trak za enostavno namestitev, kar zagotavlja trdno prileganje brez potrebe po zgornjih in spodnjih nosilcih. Ne glede na to, ali zamenjujete po\u0161kodovan zaslon ali nadgrajujete za izbolj\u0161ano zmogljivost, je ta zaslon odli\u010dna izbira.<\/p>\n<p>Zaslon je v popolnoma novem stanju, kar zagotavlja, da prejmete brezhiben izdelek, pripravljen za izbolj\u0161anje zmogljivosti va\u0161ega prenosnika.<\/p>\n","protected":false},"excerpt":{"rendered":"<p>Nadgradite svoj HP Victus 16-e0085cl z novim 16,1&#8243; FHD 144Hz LCD zaslonom. Z matiranim premazom in svetlostjo 250 nitov ta 40-pinski zaslon zagotavlja \u017eivahne slike z zmanj\u0161anim ble\u0161\u010danjem. Vklju\u010duje obojestranski samolepilni trak za enostavno namestitev. Stanje: novo.<\/p>\n","protected":false},"featured_media":7632,"template":"","meta":[],"product_brand":[],"product_cat":[66],"product_tag":[62],"class_list":{"0":"post-7666","1":"product","2":"type-product","3":"status-publish","4":"has-post-thumbnail","6":"product_cat-16-1","7":"product_tag-hp","9":"first","10":"instock","11":"taxable","12":"shipping-taxable","13":"purchasable","14":"product-type-simple"},"_links":{"self":[{"href":"https:\/\/pracek.si\/ekrani-za-prenosnike\/wp-json\/wp\/v2\/product\/7666","targetHints":{"allow":["GET"]}}],"collection":[{"href":"https:\/\/pracek.si\/ekrani-za-prenosnike\/wp-json\/wp\/v2\/product"}],"about":[{"href":"https:\/\/pracek.si\/ekrani-za-prenosnike\/wp-json\/wp\/v2\/types\/product"}],"wp:featuredmedia":[{"embeddable":true,"href":"https:\/\/pracek.si\/ekrani-za-prenosnike\/wp-json\/wp\/v2\/media\/7632"}],"wp:attachment":[{"href":"https:\/\/pracek.si\/ekrani-za-prenosnike\/wp-json\/wp\/v2\/media?parent=7666"}],"wp:term":[{"taxonomy":"product_brand","embeddable":true,"href":"https:\/\/pracek.si\/ekrani-za-prenosnike\/wp-json\/wp\/v2\/product_brand?post=7666"},{"taxonomy":"product_cat","embeddable":true,"href":"https:\/\/pracek.si\/ekrani-za-prenosnike\/wp-json\/wp\/v2\/product_cat?post=7666"},{"taxonomy":"product_tag","embeddable":true,"href":"https:\/\/pracek.si\/ekrani-za-prenosnike\/wp-json\/wp\/v2\/product_tag?post=7666"}],"curies":[{"name":"wp","href":"https:\/\/api.w.org\/{rel}","templated":true}]}}