{"id":7668,"date":"2024-09-03T19:23:44","date_gmt":"2024-09-03T19:23:44","guid":{"rendered":"https:\/\/pracek.si\/ekrani-za-prenosnike\/?post_type=product&#038;p=7668"},"modified":"2024-09-25T10:59:00","modified_gmt":"2024-09-25T10:59:00","slug":"hp-victus-16-e1797nr-161-fhd-144hz-mat-lcd-zaslon-40-pin-s-trakom-nov","status":"publish","type":"product","link":"https:\/\/pracek.si\/ekrani-za-prenosnike\/product\/hp-victus-16-e1797nr-161-fhd-144hz-mat-lcd-zaslon-40-pin-s-trakom-nov\/","title":{"rendered":"HP Victus 16-E1797NR 16,1&#8243; FHD 144Hz Mat LCD Zaslon 40 Pin s trakom Nov"},"content":{"rendered":"<p><strong>Dejanski model LCD ekrana: N161hma-gak REV. C3 ali n161hca-ga1 REV C.1 \u2013 popolnoma zdru\u017eljiv z LCD ekranom za prenmosnik Victus HP 16-E1797NR<\/strong><\/p>\n<p>Izbolj\u0161ajte svojo igralno in vizualno izku\u0161njo z nadomestnim LCD zaslonom za HP Victus 16-E1797NR. Ta 16,1\u2033 zaslon ponuja Full HD lo\u010dljivost pri 144Hz, kar zagotavlja gladke in \u017eive slike za igre, pretakanje ali vsakodnevno uporabo. Mat povr\u0161ina zmanj\u0161uje ble\u0161\u010danje in odseve, kar ga naredi idealnega za razli\u010dne svetlobne pogoje. Zaslon ima svetlost 250 nits, kar omogo\u010da jasno vidljivost tudi v dobro osvetljenih prostorih.<\/p>\n<p>40-pinski priklju\u010dek zagotavlja varno in zanesljivo povezavo z va\u0161im prenosnikom, medtem ko vklju\u010deni obojestranski samolepilni trak poenostavi postopek namestitve. Ta nadomestni LCD zaslon je odli\u010dna izbira za tiste, ki \u017eelijo obnoviti ali nadgraditi svoj HP Victus 16-E1797NR, saj nudi kakovost in zmogljivost po odli\u010dni vrednosti.<\/p>\n<p>Upo\u0161tevajte, da ta zaslon prihaja brez zgornjih in spodnjih nosilcev in je v popolnoma novem stanju, kar zagotavlja sve\u017e in brezhiben izdelek.<\/p>\n","protected":false},"excerpt":{"rendered":"<p>Nadgradite svoj HP Victus 16-E1797NR z novim 16,1&#8243; FHD 144Hz LCD zaslonom. Ta mat zaslon z 250 nits svetlosti in 40-pinskim priklju\u010dkom zagotavlja gladke vizualne slike in ostre podrobnosti. Obojestranski samolepilni trak je vklju\u010den za enostavno namestitev. Stanje: novo.<\/p>\n","protected":false},"featured_media":7632,"template":"","meta":[],"product_brand":[],"product_cat":[66],"product_tag":[62],"class_list":{"0":"post-7668","1":"product","2":"type-product","3":"status-publish","4":"has-post-thumbnail","6":"product_cat-16-1","7":"product_tag-hp","9":"first","10":"instock","11":"taxable","12":"shipping-taxable","13":"purchasable","14":"product-type-simple"},"_links":{"self":[{"href":"https:\/\/pracek.si\/ekrani-za-prenosnike\/wp-json\/wp\/v2\/product\/7668","targetHints":{"allow":["GET"]}}],"collection":[{"href":"https:\/\/pracek.si\/ekrani-za-prenosnike\/wp-json\/wp\/v2\/product"}],"about":[{"href":"https:\/\/pracek.si\/ekrani-za-prenosnike\/wp-json\/wp\/v2\/types\/product"}],"wp:featuredmedia":[{"embeddable":true,"href":"https:\/\/pracek.si\/ekrani-za-prenosnike\/wp-json\/wp\/v2\/media\/7632"}],"wp:attachment":[{"href":"https:\/\/pracek.si\/ekrani-za-prenosnike\/wp-json\/wp\/v2\/media?parent=7668"}],"wp:term":[{"taxonomy":"product_brand","embeddable":true,"href":"https:\/\/pracek.si\/ekrani-za-prenosnike\/wp-json\/wp\/v2\/product_brand?post=7668"},{"taxonomy":"product_cat","embeddable":true,"href":"https:\/\/pracek.si\/ekrani-za-prenosnike\/wp-json\/wp\/v2\/product_cat?post=7668"},{"taxonomy":"product_tag","embeddable":true,"href":"https:\/\/pracek.si\/ekrani-za-prenosnike\/wp-json\/wp\/v2\/product_tag?post=7668"}],"curies":[{"name":"wp","href":"https:\/\/api.w.org\/{rel}","templated":true}]}}