{"id":7669,"date":"2024-09-03T19:30:50","date_gmt":"2024-09-03T19:30:50","guid":{"rendered":"https:\/\/pracek.si\/ekrani-za-prenosnike\/?post_type=product&#038;p=7669"},"modified":"2024-12-05T12:38:40","modified_gmt":"2024-12-05T12:38:40","slug":"nadomestni-lcd-zaslon-za-hp-victus-16-r0-serijo-161-fhd-144hz-matiran","status":"publish","type":"product","link":"https:\/\/pracek.si\/ekrani-za-prenosnike\/product\/nadomestni-lcd-zaslon-za-hp-victus-16-r0-serijo-161-fhd-144hz-matiran\/","title":{"rendered":"Nadomestni LCD zaslon za HP Victus 16 R0 serijo \u2013 16,1&#8243;, FHD, 144Hz, matiran"},"content":{"rendered":"<p><strong>Dejanski model LCD ekrana: N161hma-gak REV. C3 ali n161hca-ga1 REV C.1 \u2013 popolnoma zdru\u017eljiv z LCD ekranom za prenmosnike serije HP Victus 16 R0 \/ R00000 \/ R0xxxx series<br \/>\n<\/strong><\/p>\n<p>Obnovite \u017eivahen prikaz svojega prenosnika HP Victus 16 R0 serije z vrhunskim <strong>ekranom<\/strong> za zamenjavo. Zasnovan za modele brez dotika, ponuja Full HD lo\u010dljivost (1920&#215;1080) in 16,1-pal\u010dni <strong>zaslon<\/strong>, ki zagotavlja ostro in jasno sliko. Z osve\u017eevalno frekvenco 144Hz zagotavlja gladko delovanje, idealno za igranje iger, gledanje videoposnetkov ali delo. Svetlost 250 nitov omogo\u010da jasen prikaz tudi v svetlej\u0161ih prostorih.<\/p>\n<p>Matirana povr\u0161ina zmanj\u0161uje odseve in obremenitev o\u010di, kar je odli\u010dno za dolgotrajno uporabo. <strong>LCD zaslon<\/strong> je popolnoma zdru\u017eljiv z vrsto modelov HP Victus 16 R0 serije in vklju\u010duje dvostranski lepilni trak za hitro in enostavno namestitev.<\/p>\n<p><strong>Glavne lastnosti:<\/strong><\/p>\n<ul>\n<li><strong>Zdru\u017eljivost:<\/strong> Primerno za modele HP Victus 16 R0 brez dotika.<\/li>\n<li><strong>Velikost ekrana:<\/strong> 16,1 palca.<\/li>\n<li><strong>Lo\u010dljivost:<\/strong> Full HD (1920&#215;1080).<\/li>\n<li><strong>Osve\u017eevalna frekvenca:<\/strong> 144Hz za gladko delovanje.<\/li>\n<li><strong>Svetlost:<\/strong> 250 nitov.<\/li>\n<li><strong>Povr\u0161ina:<\/strong> Matirana za zmanj\u0161anje ble\u0161\u010danja.<\/li>\n<li><strong>Namestitev:<\/strong> Vklju\u010duje dvostranski lepilni trak.<\/li>\n<li><strong>Stanje:<\/strong> Popolnoma nov.<\/li>\n<\/ul>\n<p>Nekateri izmed kompatibilnih modelov:<\/p>\n<p>16-R0000CA, 16-R0000CI, 16-R0000NK, 16-R0000NM, 16-R0000NS, 16-R0000NV, 16-R0000UA, 16-R0001CI, 16-R0001NH, 16-R0001NK, 16-R0001NM, 16-R0001NS, 16-R0001NT, 16-R0001NV, 16-R0001NW, 16-R0001TX, 16-R0001UA, 16-R0002CI, 16-R0002NM, 16-R0002NS, 16-R0002NW, 16-R0002TX, 16-R0002UA, 16-R0003CI, 16-R0003NH, 16-R0003NM, 16-R0003NU, 16-R0003SF, 16-R0003TX, 16-R0003UA, 16-R0004CI, 16-R0004NM, 16-R0004NS, 16-R0004NW, 16-R0004SL, 16-R0005CI, 16-R0005NM, 16-R0005NS, 16-R0005SF, 16-R0005SL, 16-R0005TX, 16-R0005UA, 16-R0006CI, 16-R0006NM, 16-R0006NS, 16-R0006NT, 16-R0006SF, 16-R0006SL, 16-R0006TX, 16-R0006UA, 16-R0007CI, 16-R0007NM, 16-R0007NS, 16-R0007NT, 16-R0007NW, 16-R0007NX, 16-R0007UA, 16-R0008CA, 16-R0008CI, 16-R0008NP, 16-R0008NS, 16-R0008NT, 16-R0008NX, 16-R0008UA, 16-R0009CI, 16-R0009NS, 16-R0009NT, 16-R0009NX, 16-R0010CA, 16-R0010NF, 16-R0010NR, 16-R0010NS, 16-R0010NW, 16-R0011CI, 16-R0011NF, 16-R0011SL, 16-R0012CI, 16-R0012NF, 16-R0012NM, 16-R0012NS, 16-R0012NU, 16-R0012NW, 16-R0012SL, 16-R0013CI, 16-R0013NF, 16-R0013NJ, 16-R0013NM, 16-R0013NS, 16-R0013UA, 16-R0014CI, 16-R0014NIA, 16-R0014NW, 16-R0015CI, 16-R0015NJ, 16-R0015NS, 16-R0015NU, 16-R0016CI, 16-R0016NF, 16-R0016NM, 16-R0002NE, 16-R0005NX, 16-R0010NT, 16-R0013NT, 16-R0020NT, 16-R0022NF, 16-R0047NT, 16-R0057NE, 16-R0777NG, 16-R0175NG, 16-R0006NT, 16-R0178NG, 16-R0073CL, 16-R0010NR<\/p>\n","protected":false},"excerpt":{"rendered":"<p>Nadgradite svoj HP Victus 16 R0 serije z visokokakovostnim nadomestnim <strong>zaslonom<\/strong>. Primeren za modele brez dotika, velikosti 16,1&#8243;, ponuja Full HD lo\u010dljivost, 144Hz osve\u017eevalno frekvenco in svetlost 250 nitov za \u017eivahno in gladko prikazovanje. Matirana povr\u0161ina zmanj\u0161uje ble\u0161\u010danje, kar omogo\u010da udobno uporabo. <strong>LCD zaslon<\/strong> je nov in vklju\u010duje dvostranski lepilni trak za enostavno namestitev. Zdru\u017eljiv z razli\u010dnimi modeli HP Victus 16 R0 serije.<\/p>\n","protected":false},"featured_media":7632,"template":"","meta":[],"product_brand":[],"product_cat":[66],"product_tag":[62],"class_list":{"0":"post-7669","1":"product","2":"type-product","3":"status-publish","4":"has-post-thumbnail","6":"product_cat-16-1","7":"product_tag-hp","9":"first","10":"instock","11":"taxable","12":"shipping-taxable","13":"purchasable","14":"product-type-simple"},"_links":{"self":[{"href":"https:\/\/pracek.si\/ekrani-za-prenosnike\/wp-json\/wp\/v2\/product\/7669","targetHints":{"allow":["GET"]}}],"collection":[{"href":"https:\/\/pracek.si\/ekrani-za-prenosnike\/wp-json\/wp\/v2\/product"}],"about":[{"href":"https:\/\/pracek.si\/ekrani-za-prenosnike\/wp-json\/wp\/v2\/types\/product"}],"wp:featuredmedia":[{"embeddable":true,"href":"https:\/\/pracek.si\/ekrani-za-prenosnike\/wp-json\/wp\/v2\/media\/7632"}],"wp:attachment":[{"href":"https:\/\/pracek.si\/ekrani-za-prenosnike\/wp-json\/wp\/v2\/media?parent=7669"}],"wp:term":[{"taxonomy":"product_brand","embeddable":true,"href":"https:\/\/pracek.si\/ekrani-za-prenosnike\/wp-json\/wp\/v2\/product_brand?post=7669"},{"taxonomy":"product_cat","embeddable":true,"href":"https:\/\/pracek.si\/ekrani-za-prenosnike\/wp-json\/wp\/v2\/product_cat?post=7669"},{"taxonomy":"product_tag","embeddable":true,"href":"https:\/\/pracek.si\/ekrani-za-prenosnike\/wp-json\/wp\/v2\/product_tag?post=7669"}],"curies":[{"name":"wp","href":"https:\/\/api.w.org\/{rel}","templated":true}]}}