{"id":7671,"date":"2024-09-03T19:36:36","date_gmt":"2024-09-03T19:36:36","guid":{"rendered":"https:\/\/pracek.si\/ekrani-za-prenosnike\/?post_type=product&#038;p=7671"},"modified":"2024-09-25T10:59:00","modified_gmt":"2024-09-25T10:59:00","slug":"hp-victus-16-s0000-lcd-zaslon-161-fhd-144hz-40-pin-z-lepilnim-trakom-nov","status":"publish","type":"product","link":"https:\/\/pracek.si\/ekrani-za-prenosnike\/product\/hp-victus-16-s0000-lcd-zaslon-161-fhd-144hz-40-pin-z-lepilnim-trakom-nov\/","title":{"rendered":"HP Victus 16-S0000 LCD zaslon 16,1&#8243; FHD 144Hz 40-pin z lepilnim trakom Nov"},"content":{"rendered":"<p><strong>Dejanski model LCD ekrana: N161hma-gak REV. C3 ali n161hca-ga1 REV C.1 \u2013 popolnoma zdru\u017eljiv z LCD ekranom za prenmosnik Victus HP 16-S0000 SERIES<\/strong><\/p>\n<p>Izbolj\u0161ajte vizualno zmogljivost svojega prenosnika HP Victus serije 16-S0000 s tem 16,1&#8243; FHD LCD zaslonom. Zasnovan za zagotavljanje gladkih in \u017eivih slik, ta zaslon podpira frekvenco osve\u017eevanja 144Hz, kar ga naredi popolnega za igranje iger in hitro premikajo\u010de se medije. Z lo\u010dljivostjo Full HD (1920&#215;1080) ponuja ostre in jasne slike, medtem ko svetlost 250 nitov zagotavlja dobro osvetlitev zaslona v razli\u010dnih svetlobnih pogojih.<\/p>\n<p>Matirana povr\u0161ina zmanj\u0161uje ble\u0161\u010danje, kar omogo\u010da udobno gledanje, ne glede na to, ali delate, brskate ali igrate igre. Ta zaslon ima 40-pinski priklju\u010dek za varno in stabilno povezavo. Poleg tega paket vklju\u010duje obojestranski lepilni trak, kar omogo\u010da enostavno namestitev.<\/p>\n<p>Prosimo, upo\u0161tevajte, da ta zaslon ne vklju\u010duje zgornjih in spodnjih nosilcev. Zaslon je v popolnoma novem stanju, kar zagotavlja, da prejmete visokokakovosten izdelek brez napak, pripravljen za uporabo.<\/p>\n","protected":false},"excerpt":{"rendered":"<p>Nadgradite svoj prenosnik HP Victus serije 16-S0000 z 16,1&#8243; FHD mat LCD zaslonom s frekvenco osve\u017eevanja 144Hz. Ta zaslon z 40-pinsko povezavo in svetlostjo 250 nitov vklju\u010duje obojestranski lepilni trak za enostavno namestitev. Stanje: novo.<\/p>\n","protected":false},"featured_media":7632,"template":"","meta":[],"product_brand":[],"product_cat":[66],"product_tag":[62],"class_list":{"0":"post-7671","1":"product","2":"type-product","3":"status-publish","4":"has-post-thumbnail","6":"product_cat-16-1","7":"product_tag-hp","9":"first","10":"instock","11":"taxable","12":"shipping-taxable","13":"purchasable","14":"product-type-simple"},"_links":{"self":[{"href":"https:\/\/pracek.si\/ekrani-za-prenosnike\/wp-json\/wp\/v2\/product\/7671","targetHints":{"allow":["GET"]}}],"collection":[{"href":"https:\/\/pracek.si\/ekrani-za-prenosnike\/wp-json\/wp\/v2\/product"}],"about":[{"href":"https:\/\/pracek.si\/ekrani-za-prenosnike\/wp-json\/wp\/v2\/types\/product"}],"wp:featuredmedia":[{"embeddable":true,"href":"https:\/\/pracek.si\/ekrani-za-prenosnike\/wp-json\/wp\/v2\/media\/7632"}],"wp:attachment":[{"href":"https:\/\/pracek.si\/ekrani-za-prenosnike\/wp-json\/wp\/v2\/media?parent=7671"}],"wp:term":[{"taxonomy":"product_brand","embeddable":true,"href":"https:\/\/pracek.si\/ekrani-za-prenosnike\/wp-json\/wp\/v2\/product_brand?post=7671"},{"taxonomy":"product_cat","embeddable":true,"href":"https:\/\/pracek.si\/ekrani-za-prenosnike\/wp-json\/wp\/v2\/product_cat?post=7671"},{"taxonomy":"product_tag","embeddable":true,"href":"https:\/\/pracek.si\/ekrani-za-prenosnike\/wp-json\/wp\/v2\/product_tag?post=7671"}],"curies":[{"name":"wp","href":"https:\/\/api.w.org\/{rel}","templated":true}]}}