{"id":7672,"date":"2024-09-03T19:44:03","date_gmt":"2024-09-03T19:44:03","guid":{"rendered":"https:\/\/pracek.si\/ekrani-za-prenosnike\/?post_type=product&#038;p=7672"},"modified":"2026-01-17T17:01:49","modified_gmt":"2026-01-17T17:01:49","slug":"n156hra-ea1-rev-c1-156-lcd-zaslon-fhd-144hz-ips-mat-40pin-s-trakom-nov","status":"publish","type":"product","link":"https:\/\/pracek.si\/ekrani-za-prenosnike\/product\/n156hra-ea1-rev-c1-156-lcd-zaslon-fhd-144hz-ips-mat-40pin-s-trakom-nov\/","title":{"rendered":"N156HRA-EA1 REV C1 15,6&#8243; LCD Zaslon FHD 144Hz IPS Mat 40pin s trakom Nov"},"content":{"rendered":"<p><strong>Dejanski model LCD ekrana: n156hra-ea1 REV C1 \/ N156HRA-GAA Rev.c1 \/ N156HMA-GA1 REV C2<\/strong><\/p>\n<p>Nadgradite prikaz svojega prenosnika z LCD zaslonom N156HRA-EA1 REV C1 velikosti 15,6&#8243;, ki je zasnovan za izjemno zmogljivost in \u017eivahno vizualno kakovost. Ta zaslon ponuja Full HD (1920&#215;1080) lo\u010dljivost v kombinaciji z visoko hitrostjo osve\u017eevanja 144Hz, kar zagotavlja gladke in teko\u010de vizualne u\u010dinke, idealne za igre, oblikovanje in vsakodnevno uporabo. IPS tehnologija zagotavlja natan\u010dnost barv in \u0161iroke kote gledanja, medtem ko mat povr\u0161ina zmanj\u0161uje ble\u0161\u010danje, kar je primerno za razli\u010dne svetlobne pogoje.<\/p>\n<p>Ta LCD zaslon je opremljen s 40-pinskim eDP konektorjem, kar zagotavlja varno in zanesljivo povezavo z va\u0161o napravo. Paket vklju\u010duje obojestranske samolepilne trakove, kar omogo\u010da enostavno in brezskrbno namestitev.<\/p>\n<p>Prosimo, upo\u0161tevajte, da ta zaslon ne vklju\u010duje zgornjih in spodnjih nosilcev. Zaslon je v popolnoma novem stanju, kar zagotavlja, da prejmete brezhiben izdelek, pripravljen za takoj\u0161njo namestitev.<\/p>\n","protected":false},"excerpt":{"rendered":"<p>Izbolj\u0161ajte svoj prenosnik z LCD zaslonom N156HRA-EA1 REV C1 velikosti 15,6&#8243;. Ponuja FHD IPS kakovost, 144Hz osve\u017eevanje, mat povr\u0161ino in eDP 40-pinsko povezavo. Vklju\u010deni so obojestranski samolepilni trakovi. Stanje: novo.<\/p>\n","protected":false},"featured_media":7673,"template":"","meta":[],"product_brand":[],"product_cat":[66],"product_tag":[],"class_list":{"0":"post-7672","1":"product","2":"type-product","3":"status-publish","4":"has-post-thumbnail","6":"product_cat-16-1","8":"first","9":"instock","10":"taxable","11":"shipping-taxable","12":"purchasable","13":"product-type-simple"},"_links":{"self":[{"href":"https:\/\/pracek.si\/ekrani-za-prenosnike\/wp-json\/wp\/v2\/product\/7672","targetHints":{"allow":["GET"]}}],"collection":[{"href":"https:\/\/pracek.si\/ekrani-za-prenosnike\/wp-json\/wp\/v2\/product"}],"about":[{"href":"https:\/\/pracek.si\/ekrani-za-prenosnike\/wp-json\/wp\/v2\/types\/product"}],"wp:featuredmedia":[{"embeddable":true,"href":"https:\/\/pracek.si\/ekrani-za-prenosnike\/wp-json\/wp\/v2\/media\/7673"}],"wp:attachment":[{"href":"https:\/\/pracek.si\/ekrani-za-prenosnike\/wp-json\/wp\/v2\/media?parent=7672"}],"wp:term":[{"taxonomy":"product_brand","embeddable":true,"href":"https:\/\/pracek.si\/ekrani-za-prenosnike\/wp-json\/wp\/v2\/product_brand?post=7672"},{"taxonomy":"product_cat","embeddable":true,"href":"https:\/\/pracek.si\/ekrani-za-prenosnike\/wp-json\/wp\/v2\/product_cat?post=7672"},{"taxonomy":"product_tag","embeddable":true,"href":"https:\/\/pracek.si\/ekrani-za-prenosnike\/wp-json\/wp\/v2\/product_tag?post=7672"}],"curies":[{"name":"wp","href":"https:\/\/api.w.org\/{rel}","templated":true}]}}