{"id":7674,"date":"2024-09-04T20:45:54","date_gmt":"2024-09-04T20:45:54","guid":{"rendered":"https:\/\/pracek.si\/ekrani-za-prenosnike\/?post_type=product&#038;p=7674"},"modified":"2024-12-05T09:48:50","modified_gmt":"2024-12-05T09:48:50","slug":"n156hra-gaa-lcd-zaslon-156-144hz-fhd-ips-edp-40pin-z-lepilom-nov","status":"publish","type":"product","link":"https:\/\/pracek.si\/ekrani-za-prenosnike\/product\/n156hra-gaa-lcd-zaslon-156-144hz-fhd-ips-edp-40pin-z-lepilom-nov\/","title":{"rendered":"N156HRA-GAA LCD zaslon 15,6&#8243; 144Hz FHD IPS eDP 40pin z lepilom Nov"},"content":{"rendered":"<p><strong>Dejanski model LCD ekrana: n156hra-ea1 REV C1 \/ N156HRA-GAA Rev.c1 \/ N156HMA-GA1 REV C2 \u2013 popolnoma zdru\u017eljiv z LCD ekranom N156HME-GAK<\/strong><\/p>\n<p>Izbolj\u0161ajte zaslon va\u0161ega prenosnika z LCD zaslonom N156HRA-GAA 15,6&#8243;, ki je zasnovan za izjemno vizualno jasnost in gladko delovanje. Zaslon ponuja Full HD (1920&#215;1080) lo\u010dljivost, ki zagotavlja ostre in jasne podrobnosti. Z osve\u017eevalno frekvenco 144Hz boste do\u017eiveli izjemno gladke slike, kar je idealno za igranje iger, urejanje videoposnetkov in druge zahtevne naloge.<\/p>\n<p>IPS tehnologija omogo\u010da natan\u010dno reprodukcijo barv in \u0161iroke kote gledanja, medtem ko mat povr\u0161ina zmanj\u0161uje ble\u0161\u010danje, kar je idealno za uporabo v razli\u010dnih svetlobnih pogojih. 40-pinski eDP konektor zagotavlja zanesljivo in u\u010dinkovito povezljivost, prilo\u017eeni obojestranski samolepilni trak pa omogo\u010da hitro in enostavno namestitev.<\/p>\n<p>Upo\u0161tevajte, da ta LCD zaslon prihaja brez zgornjih in spodnjih nosilcev. Zaslon je v popolnoma novem stanju, kar vam zagotavlja brezhiben izdelek, pripravljen za namestitev.<\/p>\n","protected":false},"excerpt":{"rendered":"<p>Nadgradite zaslon svojega prenosnika z LCD zaslonom N156HRA-GAA 15,6&#8243;. Z FHD lo\u010dljivostjo, 144Hz osve\u017eevanjem, IPS tehnologijo in mat povr\u0161ino zagotavlja \u017eivahne slike in gladko delovanje. Vklju\u010deni so obojestranski samolepilni trakovi za enostavno namestitev. Stanje: novo.<\/p>\n","protected":false},"featured_media":7673,"template":"","meta":[],"product_brand":[],"product_cat":[50],"product_tag":[],"class_list":{"0":"post-7674","1":"product","2":"type-product","3":"status-publish","4":"has-post-thumbnail","6":"product_cat-15-6","8":"first","9":"instock","10":"taxable","11":"shipping-taxable","12":"purchasable","13":"product-type-simple"},"_links":{"self":[{"href":"https:\/\/pracek.si\/ekrani-za-prenosnike\/wp-json\/wp\/v2\/product\/7674","targetHints":{"allow":["GET"]}}],"collection":[{"href":"https:\/\/pracek.si\/ekrani-za-prenosnike\/wp-json\/wp\/v2\/product"}],"about":[{"href":"https:\/\/pracek.si\/ekrani-za-prenosnike\/wp-json\/wp\/v2\/types\/product"}],"wp:featuredmedia":[{"embeddable":true,"href":"https:\/\/pracek.si\/ekrani-za-prenosnike\/wp-json\/wp\/v2\/media\/7673"}],"wp:attachment":[{"href":"https:\/\/pracek.si\/ekrani-za-prenosnike\/wp-json\/wp\/v2\/media?parent=7674"}],"wp:term":[{"taxonomy":"product_brand","embeddable":true,"href":"https:\/\/pracek.si\/ekrani-za-prenosnike\/wp-json\/wp\/v2\/product_brand?post=7674"},{"taxonomy":"product_cat","embeddable":true,"href":"https:\/\/pracek.si\/ekrani-za-prenosnike\/wp-json\/wp\/v2\/product_cat?post=7674"},{"taxonomy":"product_tag","embeddable":true,"href":"https:\/\/pracek.si\/ekrani-za-prenosnike\/wp-json\/wp\/v2\/product_tag?post=7674"}],"curies":[{"name":"wp","href":"https:\/\/api.w.org\/{rel}","templated":true}]}}