{"id":7675,"date":"2024-09-04T21:54:27","date_gmt":"2024-09-04T21:54:27","guid":{"rendered":"https:\/\/pracek.si\/ekrani-za-prenosnike\/?post_type=product&#038;p=7675"},"modified":"2024-12-05T09:48:48","modified_gmt":"2024-12-05T09:48:48","slug":"n156hme-gak-156-fhd-ips-lcd-144hz-edp-40pin-z-lepilom-mat-nov","status":"publish","type":"product","link":"https:\/\/pracek.si\/ekrani-za-prenosnike\/product\/n156hme-gak-156-fhd-ips-lcd-144hz-edp-40pin-z-lepilom-mat-nov\/","title":{"rendered":"N156HME-GAK 15,6&#8243; FHD IPS LCD 144Hz eDP 40pin z lepilom Mat Nov"},"content":{"rendered":"<p><strong>Dejanski model LCD ekrana: n156hra-ea1 REV C1 \/ N156HRA-GAA Rev.c1 \/ N156HMA-GA1 REV C2 \u2013 popolnoma zdru\u017eljiv z LCD ekranom N156HME-GAK<\/strong><\/p>\n<p>Izbolj\u0161ajte prikaz na svojem prenosnem ra\u010dunalniku z LCD zaslonom N156HME-GAK 15,6&#8243;, ki ponuja vrhunsko zmogljivost in osupljive vizualne u\u010dinke. Ta zaslon ima Full HD (1920&#215;1080) lo\u010dljivost in IPS tehnologijo, kar omogo\u010da \u0161iroke kote gledanja ter \u017eivahne barve, primerne za vsakodnevno uporabo in multimedijske aplikacije. S frekvenco osve\u017eevanja 144Hz zagotavlja gladko gibanje in zmanj\u0161uje zamegljenost pri hitrih aktivnostih, kot so igre ali urejanje videov.<\/p>\n<p>Matiran premaz zmanj\u0161a ble\u0161\u010danje, kar zagotavlja jasen prikaz tudi v svetlih okoljih. Povezava z eDP 40-pinskim konektorjem zagotavlja zanesljivo povezavo s prenosnikom, obojestranski lepilni trak pa olaj\u0161a namestitev. Ta zaslon prihaja brez zgornjih in spodnjih nosilcev, kar omogo\u010da prilagodljivo namestitev glede na model va\u0161ega prenosnika.<\/p>\n<p>Stanje: novo. Ta zamenjavi zaslon je pripravljen, da zagotovi visokokakovostno vizualno izku\u0161njo, ki jo pri\u010dakujete od vrhunskega izdelka.<\/p>\n","protected":false},"excerpt":{"rendered":"<p>Nadgradite svoj prenosnik z LCD zaslonom N156HME-GAK 15,6&#8243; FHD IPS. Z osve\u017eevanjem 144Hz, matiranim premazom in eDP 40-pinsko povezavo ponuja gladke in \u017eivahne slike. Vklju\u010duje obojestranski lepilni trak za enostavno namestitev. Stanje: novo.<\/p>\n","protected":false},"featured_media":7673,"template":"","meta":[],"product_brand":[],"product_cat":[50],"product_tag":[],"class_list":{"0":"post-7675","1":"product","2":"type-product","3":"status-publish","4":"has-post-thumbnail","6":"product_cat-15-6","8":"first","9":"instock","10":"taxable","11":"shipping-taxable","12":"purchasable","13":"product-type-simple"},"_links":{"self":[{"href":"https:\/\/pracek.si\/ekrani-za-prenosnike\/wp-json\/wp\/v2\/product\/7675","targetHints":{"allow":["GET"]}}],"collection":[{"href":"https:\/\/pracek.si\/ekrani-za-prenosnike\/wp-json\/wp\/v2\/product"}],"about":[{"href":"https:\/\/pracek.si\/ekrani-za-prenosnike\/wp-json\/wp\/v2\/types\/product"}],"wp:featuredmedia":[{"embeddable":true,"href":"https:\/\/pracek.si\/ekrani-za-prenosnike\/wp-json\/wp\/v2\/media\/7673"}],"wp:attachment":[{"href":"https:\/\/pracek.si\/ekrani-za-prenosnike\/wp-json\/wp\/v2\/media?parent=7675"}],"wp:term":[{"taxonomy":"product_brand","embeddable":true,"href":"https:\/\/pracek.si\/ekrani-za-prenosnike\/wp-json\/wp\/v2\/product_brand?post=7675"},{"taxonomy":"product_cat","embeddable":true,"href":"https:\/\/pracek.si\/ekrani-za-prenosnike\/wp-json\/wp\/v2\/product_cat?post=7675"},{"taxonomy":"product_tag","embeddable":true,"href":"https:\/\/pracek.si\/ekrani-za-prenosnike\/wp-json\/wp\/v2\/product_tag?post=7675"}],"curies":[{"name":"wp","href":"https:\/\/api.w.org\/{rel}","templated":true}]}}