{"id":7676,"date":"2024-09-05T05:40:19","date_gmt":"2024-09-05T05:40:19","guid":{"rendered":"https:\/\/pracek.si\/ekrani-za-prenosnike\/?post_type=product&#038;p=7676"},"modified":"2024-12-05T09:48:39","modified_gmt":"2024-12-05T09:48:39","slug":"lp156wfg-sp-f2-lcd-zaslon-156-fhd-144hz-ips-edp-40pin-z-lepilom-nov","status":"publish","type":"product","link":"https:\/\/pracek.si\/ekrani-za-prenosnike\/product\/lp156wfg-sp-f2-lcd-zaslon-156-fhd-144hz-ips-edp-40pin-z-lepilom-nov\/","title":{"rendered":"LP156WFG (SP) (F2) LCD zaslon 15,6&#8243; FHD 144Hz IPS eDP 40pin z lepilom Nov"},"content":{"rendered":"<p><strong>Dejanski model LCD ekrana: n156hra-ea1 REV C1 \/ N156HRA-GAA Rev.c1 \/ N156HMA-GA1 REV C2 \u2013 popolnoma zdru\u017eljiv z LCD ekranom LP156WFG (SP) (F2) SPF2<\/strong><\/p>\n<p>LCD zaslon LP156WFG (SP) (F2) 15,6&#8243; je zasnovan za vrhunske zmogljivosti in vizualno jasnost va\u0161ega prenosnika. Z lo\u010dljivostjo Full HD (1920&#215;1080) in osve\u017eevalno hitrostjo 144Hz ta zaslon zagotavlja teko\u010de vizualne u\u010dinke, kar je idealno za igranje iger, pretakanje videoposnetkov ali vsakodnevno uporabo. IPS tehnologija omogo\u010da \u017eive barve in \u0161iroke kote gledanja, medtem ko matirana povr\u0161ina zmanj\u0161uje odseve in omogo\u010da udobno gledanje v razli\u010dnih svetlobnih pogojih.<\/p>\n<p>Zaslon se povezuje preko 40-pinskega eDP vmesnika, ki zagotavlja zanesljivo in stabilno povezavo. Paket vklju\u010duje obojestranske lepilne trakove za enostavno namestitev, kar vam omogo\u010da preprosto zamenjavo ali nadgradnjo zaslona. Upo\u0161tevajte, da ta zaslon prihaja brez zgornjih in spodnjih nosilcev, zato je zdru\u017eljiv z modeli, ki ne zahtevajo teh pritrdil.<\/p>\n<p>Stanje: Popolnoma nov, pripravljen, da vam nudi vrhunsko zmogljivost.<\/p>\n","protected":false},"excerpt":{"rendered":"<p>Nadgradite svoj prenosnik z LCD zaslonom LP156WFG (SP) (F2) 15,6&#8243;. Z FHD lo\u010dljivostjo, osve\u017eevanjem 144Hz in IPS tehnologijo ponuja izjemno jasnost in gladko izku\u0161njo prikaza. Matirana povr\u0161ina zmanj\u0161uje ble\u0161\u010danje, vklju\u010deni so obojestranski lepilni trakovi za enostavno namestitev. Stanje: novo.<\/p>\n","protected":false},"featured_media":7673,"template":"","meta":[],"product_brand":[],"product_cat":[50],"product_tag":[],"class_list":{"0":"post-7676","1":"product","2":"type-product","3":"status-publish","4":"has-post-thumbnail","6":"product_cat-15-6","8":"first","9":"instock","10":"taxable","11":"shipping-taxable","12":"purchasable","13":"product-type-simple"},"_links":{"self":[{"href":"https:\/\/pracek.si\/ekrani-za-prenosnike\/wp-json\/wp\/v2\/product\/7676","targetHints":{"allow":["GET"]}}],"collection":[{"href":"https:\/\/pracek.si\/ekrani-za-prenosnike\/wp-json\/wp\/v2\/product"}],"about":[{"href":"https:\/\/pracek.si\/ekrani-za-prenosnike\/wp-json\/wp\/v2\/types\/product"}],"wp:featuredmedia":[{"embeddable":true,"href":"https:\/\/pracek.si\/ekrani-za-prenosnike\/wp-json\/wp\/v2\/media\/7673"}],"wp:attachment":[{"href":"https:\/\/pracek.si\/ekrani-za-prenosnike\/wp-json\/wp\/v2\/media?parent=7676"}],"wp:term":[{"taxonomy":"product_brand","embeddable":true,"href":"https:\/\/pracek.si\/ekrani-za-prenosnike\/wp-json\/wp\/v2\/product_brand?post=7676"},{"taxonomy":"product_cat","embeddable":true,"href":"https:\/\/pracek.si\/ekrani-za-prenosnike\/wp-json\/wp\/v2\/product_cat?post=7676"},{"taxonomy":"product_tag","embeddable":true,"href":"https:\/\/pracek.si\/ekrani-za-prenosnike\/wp-json\/wp\/v2\/product_tag?post=7676"}],"curies":[{"name":"wp","href":"https:\/\/api.w.org\/{rel}","templated":true}]}}