{"id":7677,"date":"2024-09-05T05:44:02","date_gmt":"2024-09-05T05:44:02","guid":{"rendered":"https:\/\/pracek.si\/ekrani-za-prenosnike\/?post_type=product&#038;p=7677"},"modified":"2024-12-05T09:48:28","modified_gmt":"2024-12-05T09:48:28","slug":"ne156fhm-nx3-v18-0-lcd-zaslon-15-6-fhd-ips-144hz-edp-40pin-z-lepilom-nov","status":"publish","type":"product","link":"https:\/\/pracek.si\/ekrani-za-prenosnike\/product\/ne156fhm-nx3-v18-0-lcd-zaslon-15-6-fhd-ips-144hz-edp-40pin-z-lepilom-nov\/","title":{"rendered":"NE156FHM-NX3 V18.0 LCD zaslon 15.6&#8243; FHD IPS 144Hz EDP 40pin z lepilom Nov"},"content":{"rendered":"<p><strong>Dejanski model LCD ekrana: n156hra-ea1 REV C1 \/ N156HRA-GAA Rev.c1 \/ N156HMA-GA1 REV C2 \u2013 popolnoma zdru\u017eljiv z LCD ekranom NE156FHM-NX3 V18.0<\/strong><\/p>\n<p>Izbolj\u0161ajte prikaz na svojem prenosnem ra\u010dunalniku z LCD zaslonom NE156FHM-NX3 V18.0, velikosti 15,6&#8243;, zasnovanim za izjemne zmogljivosti in kristalno \u010disto sliko. Z lo\u010dljivostjo Full HD 1920&#215;1080 ta zaslon zagotavlja ostre slike in \u017eivahne barve. Frekvenca osve\u017eevanja 144Hz omogo\u010da ultra gladko delovanje, kar je idealno za igranje iger, urejanje videov ali splo\u0161no uporabo.<\/p>\n<p>Tehnologija IPS zagotavlja \u0161iroke kote gledanja in enakomerno reprodukcijo barv, medtem ko mat povr\u0161ina zmanj\u0161uje ble\u0161\u010danje, kar omogo\u010da udobno uporabo v razli\u010dnih svetlobnih pogojih. Povezava eDP s 40 pini zagotavlja zanesljivo povezavo z va\u0161o napravo.<\/p>\n<p>Ta zaslon vklju\u010duje obojestranski lepilni trak, kar poenostavi postopek namestitve. Upo\u0161tevajte, da zaslon ne vklju\u010duje zgornjih in spodnjih nosilcev. Je popolnoma nov, kar zagotavlja, da prejmete brezhiben izdelek, pripravljen za takoj\u0161njo uporabo.<\/p>\n","protected":false},"excerpt":{"rendered":"<p>Nadgradite svoj prenosnik z LCD ekranom NE156FHM-NX3 V18.0, velikosti 15,6&#8243;. S FHD lo\u010dljivostjo, osve\u017eevanjem 144Hz, IPS tehnologijo in matiranim zaslonom zagotavlja jasne in gladke slike. Vklju\u010duje obojestranski lepilni trak za enostavno namestitev. Stanje: novo.<\/p>\n","protected":false},"featured_media":7673,"template":"","meta":[],"product_brand":[],"product_cat":[50],"product_tag":[],"class_list":{"0":"post-7677","1":"product","2":"type-product","3":"status-publish","4":"has-post-thumbnail","6":"product_cat-15-6","8":"first","9":"instock","10":"taxable","11":"shipping-taxable","12":"purchasable","13":"product-type-simple"},"_links":{"self":[{"href":"https:\/\/pracek.si\/ekrani-za-prenosnike\/wp-json\/wp\/v2\/product\/7677","targetHints":{"allow":["GET"]}}],"collection":[{"href":"https:\/\/pracek.si\/ekrani-za-prenosnike\/wp-json\/wp\/v2\/product"}],"about":[{"href":"https:\/\/pracek.si\/ekrani-za-prenosnike\/wp-json\/wp\/v2\/types\/product"}],"wp:featuredmedia":[{"embeddable":true,"href":"https:\/\/pracek.si\/ekrani-za-prenosnike\/wp-json\/wp\/v2\/media\/7673"}],"wp:attachment":[{"href":"https:\/\/pracek.si\/ekrani-za-prenosnike\/wp-json\/wp\/v2\/media?parent=7677"}],"wp:term":[{"taxonomy":"product_brand","embeddable":true,"href":"https:\/\/pracek.si\/ekrani-za-prenosnike\/wp-json\/wp\/v2\/product_brand?post=7677"},{"taxonomy":"product_cat","embeddable":true,"href":"https:\/\/pracek.si\/ekrani-za-prenosnike\/wp-json\/wp\/v2\/product_cat?post=7677"},{"taxonomy":"product_tag","embeddable":true,"href":"https:\/\/pracek.si\/ekrani-za-prenosnike\/wp-json\/wp\/v2\/product_tag?post=7677"}],"curies":[{"name":"wp","href":"https:\/\/api.w.org\/{rel}","templated":true}]}}