{"id":7680,"date":"2024-09-05T06:04:20","date_gmt":"2024-09-05T06:04:20","guid":{"rendered":"https:\/\/pracek.si\/ekrani-za-prenosnike\/?post_type=product&#038;p=7680"},"modified":"2024-12-05T09:48:16","modified_gmt":"2024-12-05T09:48:16","slug":"nv156fhm-nx1-nx2-156-fhd-144hz-ips-mat-lcd-zaslon-z-lepilom-nov","status":"publish","type":"product","link":"https:\/\/pracek.si\/ekrani-za-prenosnike\/product\/nv156fhm-nx1-nx2-156-fhd-144hz-ips-mat-lcd-zaslon-z-lepilom-nov\/","title":{"rendered":"NV156FHM-NX1\/NX2 15,6&#8243; FHD 144Hz IPS mat LCD zaslon z lepilom Nov"},"content":{"rendered":"<p><strong>Dejanski model LCD ekrana: n156hra-ea1 REV C1 \/ N156HRA-GAA Rev.c1 \/ N156HMA-GA1 REV C2 \u2013 popolnoma zdru\u017eljiv z LCD ekranom NV156FHM-NX1 NX2<\/strong><\/p>\n<p>Izbolj\u0161ajte zmogljivost in vizualno kakovost svojega prenosnika z LCD zaslonom NV156FHM-NX1\/NX2 15,6&#8243;. Ta zaslon ponuja Full HD lo\u010dljivost (1920&#215;1080) za ostre in jasne slike, kar je idealno za vsakodnevne naloge, igranje iger ali uporabo multimedije. Z osve\u017eevalno frekvenco 144Hz zagotavlja gladko in hitro delovanje, kar je popolno za igranje iger in urejanje videov.<\/p>\n<p>Zaslon s tehnologijo IPS ponuja \u0161iroke kote gledanja in dosledno reprodukcijo barv, matiran premaz pa zmanj\u0161uje ble\u0161\u010danje, kar omogo\u010da udobno gledanje tudi v svetlih prostorih. Povezava z 40-pinskim eDP konektorjem zagotavlja stabilno povezavo z va\u0161im prenosnikom, obojestranski lepilni trakovi pa omogo\u010dajo hitro in enostavno namestitev.<\/p>\n<p>Prosimo, upo\u0161tevajte, da ta zaslon prihaja brez zgornjih in spodnjih nosilcev. Zaslon je v popolnoma novem stanju, kar zagotavlja brezhibno nadgradnjo zaslona za va\u0161o napravo.<\/p>\n","protected":false},"excerpt":{"rendered":"<p>Nadgradite zaslon svojega prenosnika z NV156FHM-NX1\/NX2 15,6&#8243; FHD IPS zaslonom. Z osve\u017eevalno frekvenco 144Hz, matiranim premazom in 40-pinsko eDP povezavo omogo\u010da gladke in \u017eive slike. Vklju\u010deni so obojestranski lepilni trakovi za enostavno namestitev. Stanje: novo.<\/p>\n","protected":false},"featured_media":7673,"template":"","meta":[],"product_brand":[],"product_cat":[50],"product_tag":[],"class_list":{"0":"post-7680","1":"product","2":"type-product","3":"status-publish","4":"has-post-thumbnail","6":"product_cat-15-6","8":"first","9":"instock","10":"taxable","11":"shipping-taxable","12":"purchasable","13":"product-type-simple"},"_links":{"self":[{"href":"https:\/\/pracek.si\/ekrani-za-prenosnike\/wp-json\/wp\/v2\/product\/7680","targetHints":{"allow":["GET"]}}],"collection":[{"href":"https:\/\/pracek.si\/ekrani-za-prenosnike\/wp-json\/wp\/v2\/product"}],"about":[{"href":"https:\/\/pracek.si\/ekrani-za-prenosnike\/wp-json\/wp\/v2\/types\/product"}],"wp:featuredmedia":[{"embeddable":true,"href":"https:\/\/pracek.si\/ekrani-za-prenosnike\/wp-json\/wp\/v2\/media\/7673"}],"wp:attachment":[{"href":"https:\/\/pracek.si\/ekrani-za-prenosnike\/wp-json\/wp\/v2\/media?parent=7680"}],"wp:term":[{"taxonomy":"product_brand","embeddable":true,"href":"https:\/\/pracek.si\/ekrani-za-prenosnike\/wp-json\/wp\/v2\/product_brand?post=7680"},{"taxonomy":"product_cat","embeddable":true,"href":"https:\/\/pracek.si\/ekrani-za-prenosnike\/wp-json\/wp\/v2\/product_cat?post=7680"},{"taxonomy":"product_tag","embeddable":true,"href":"https:\/\/pracek.si\/ekrani-za-prenosnike\/wp-json\/wp\/v2\/product_tag?post=7680"}],"curies":[{"name":"wp","href":"https:\/\/api.w.org\/{rel}","templated":true}]}}