{"id":7682,"date":"2024-09-05T06:22:44","date_gmt":"2024-09-05T06:22:44","guid":{"rendered":"https:\/\/pracek.si\/ekrani-za-prenosnike\/?post_type=product&#038;p=7682"},"modified":"2024-12-05T09:48:13","modified_gmt":"2024-12-05T09:48:13","slug":"lm156lfgl-lm156lfgl02-lcd-zaslon-156-fhd-144hz-ips-matte-40pin-z-lepilom-nov","status":"publish","type":"product","link":"https:\/\/pracek.si\/ekrani-za-prenosnike\/product\/lm156lfgl-lm156lfgl02-lcd-zaslon-156-fhd-144hz-ips-matte-40pin-z-lepilom-nov\/","title":{"rendered":"LM156LFGL LM156LFGL02 LCD zaslon 15,6&#8243; FHD 144Hz IPS Matte 40pin z lepilom Nov"},"content":{"rendered":"<p><strong>Dejanski model LCD ekrana: n156hra-ea1 REV C1 \/ N156HRA-GAA Rev.c1 \/ N156HMA-GA1 REV C2 \u2013 popolnoma zdru\u017eljiv z LCD ekranom LM156LFGL LM156LFGL02<\/strong><\/p>\n<p>Izbolj\u0161ajte kakovost zaslona na svojem prenosniku z LCD zaslonom LM156LFGL LM156LFGL02 velikosti 15,6&#8243;. Zaslon ponuja osupljivo Full HD (1920&#215;1080) lo\u010dljivost, kar zagotavlja ostre in \u017eive slike. Frekvenca osve\u017eevanja 144Hz omogo\u010da gladko gibanje, kar je popolno za igranje iger, urejanje videoposnetkov ali katero koli dejavnost z hitrim dogajanjem. S tehnologijo IPS zaslon omogo\u010da dosledne barve in \u0161iroke vidne kote, kar zagotavlja odli\u010dno vizualno izku\u0161njo iz vseh perspektiv.<\/p>\n<p>Matirana povr\u0161ina zmanj\u0161uje ble\u0161\u010danje, zato je zaslon primeren za razli\u010dne svetlobne pogoje. 40-pinski eDP priklju\u010dek zagotavlja zanesljivo povezavo z va\u0161o napravo. Zaslon vklju\u010duje obojestranski samolepilni trak za enostavno namestitev. Opozorilo: izdelek ne vklju\u010duje zgornjih in spodnjih nosilcev.<\/p>\n<p>Stanje: novo, kar zagotavlja visokokakovosten izdelek brez napak, pripravljen za namestitev.<\/p>\n","protected":false},"excerpt":{"rendered":"<p>Nadgradite svoj prenosnik z LCD ekranom LM156LFGL LM156LFGL02 velikosti 15,6&#8243;, ki ponuja Full HD lo\u010dljivost, 144Hz osve\u017eevanje, IPS tehnologijo in mat povr\u0161ino. Ima 40-pinski eDP priklju\u010dek in vklju\u010duje obojestranski samolepilni trak za enostavno namestitev. Stanje: novo.<\/p>\n","protected":false},"featured_media":7673,"template":"","meta":[],"product_brand":[],"product_cat":[50],"product_tag":[],"class_list":{"0":"post-7682","1":"product","2":"type-product","3":"status-publish","4":"has-post-thumbnail","6":"product_cat-15-6","8":"first","9":"instock","10":"taxable","11":"shipping-taxable","12":"purchasable","13":"product-type-simple"},"_links":{"self":[{"href":"https:\/\/pracek.si\/ekrani-za-prenosnike\/wp-json\/wp\/v2\/product\/7682","targetHints":{"allow":["GET"]}}],"collection":[{"href":"https:\/\/pracek.si\/ekrani-za-prenosnike\/wp-json\/wp\/v2\/product"}],"about":[{"href":"https:\/\/pracek.si\/ekrani-za-prenosnike\/wp-json\/wp\/v2\/types\/product"}],"wp:featuredmedia":[{"embeddable":true,"href":"https:\/\/pracek.si\/ekrani-za-prenosnike\/wp-json\/wp\/v2\/media\/7673"}],"wp:attachment":[{"href":"https:\/\/pracek.si\/ekrani-za-prenosnike\/wp-json\/wp\/v2\/media?parent=7682"}],"wp:term":[{"taxonomy":"product_brand","embeddable":true,"href":"https:\/\/pracek.si\/ekrani-za-prenosnike\/wp-json\/wp\/v2\/product_brand?post=7682"},{"taxonomy":"product_cat","embeddable":true,"href":"https:\/\/pracek.si\/ekrani-za-prenosnike\/wp-json\/wp\/v2\/product_cat?post=7682"},{"taxonomy":"product_tag","embeddable":true,"href":"https:\/\/pracek.si\/ekrani-za-prenosnike\/wp-json\/wp\/v2\/product_tag?post=7682"}],"curies":[{"name":"wp","href":"https:\/\/api.w.org\/{rel}","templated":true}]}}