{"id":7684,"date":"2024-09-05T07:59:42","date_gmt":"2024-09-05T07:59:42","guid":{"rendered":"https:\/\/pracek.si\/ekrani-za-prenosnike\/?post_type=product&#038;p=7684"},"modified":"2024-12-05T09:48:12","modified_gmt":"2024-12-05T09:48:12","slug":"msi-gs66-stealth-10se-lcd-zaslon-156-fhd-144hz-ips-mat-z-lepilom-nov","status":"publish","type":"product","link":"https:\/\/pracek.si\/ekrani-za-prenosnike\/product\/msi-gs66-stealth-10se-lcd-zaslon-156-fhd-144hz-ips-mat-z-lepilom-nov\/","title":{"rendered":"MSI GS66 Stealth 10SE LCD zaslon 15,6&#8243; FHD 144Hz IPS mat z lepilom Nov"},"content":{"rendered":"<p><strong>Dejanski model LCD ekrana: n156hra-ea1 REV C1 \/ N156HRA-GAA Rev.c1 \/ N156HMA-GA1 REV C2 \u2013 popolnoma zdru\u017eljiv z LCD ekranom za prenosnik MSI GS66 STEALTH 10SE<\/strong><\/p>\n<p>Izbolj\u0161ajte svojo igralno ali produktivno izku\u0161njo s tem zmogljivim LCD zaslonom, zasnovanim posebej za MSI GS66 Stealth 10SE. Ta 15,6&#8243; Full HD zaslon ima 144Hz osve\u017eevalno hitrost za izjemno gladke premike, zaradi \u010desar je popoln za igranje iger in hitre naloge. IPS tehnologija zagotavlja \u017eivahne barve in \u0161iroke kote gledanja, medtem ko matirana povr\u0161ina zmanj\u0161a ble\u0161\u010danje, kar omogo\u010da udobno uporabo v razli\u010dnih svetlobnih pogojih.<\/p>\n<p>Z 40-pinskim eDP priklju\u010dkom zaslon zagotavlja zanesljivo in stabilno povezavo. Namestitev je enostavna z vklju\u010denimi obojestranskimi lepilnimi trakovi, zaslon pa je brez zgornjih in spodnjih nosilcev, kar ga naredi popolno zamenjavo za va\u0161 prenosnik.<\/p>\n<p>Ne glede na to, ali nadgrajujete zaslon ali zamenjujete po\u0161kodovanega, ta LCD zaslon ponuja izjemno jasnost in zmogljivost. Izdelek je popolnoma nov, kar zagotavlja, da prejmete brezhiben in kakovosten zaslon.<\/p>\n","protected":false},"excerpt":{"rendered":"<p>Nadgradite svoj MSI GS66 Stealth 10SE z 15,6&#8243; FHD 144Hz IPS mat LCD zaslonom. Z 40-pinskim eDP priklju\u010dkom nudi vrhunsko jasnost in gladko sliko. Vklju\u010deni obojestranski lepilni trakovi za enostavno namestitev. Stanje: novo.<\/p>\n","protected":false},"featured_media":7673,"template":"","meta":[],"product_brand":[],"product_cat":[50],"product_tag":[63],"class_list":{"0":"post-7684","1":"product","2":"type-product","3":"status-publish","4":"has-post-thumbnail","6":"product_cat-15-6","7":"product_tag-msi","9":"first","10":"instock","11":"taxable","12":"shipping-taxable","13":"purchasable","14":"product-type-simple"},"_links":{"self":[{"href":"https:\/\/pracek.si\/ekrani-za-prenosnike\/wp-json\/wp\/v2\/product\/7684","targetHints":{"allow":["GET"]}}],"collection":[{"href":"https:\/\/pracek.si\/ekrani-za-prenosnike\/wp-json\/wp\/v2\/product"}],"about":[{"href":"https:\/\/pracek.si\/ekrani-za-prenosnike\/wp-json\/wp\/v2\/types\/product"}],"wp:featuredmedia":[{"embeddable":true,"href":"https:\/\/pracek.si\/ekrani-za-prenosnike\/wp-json\/wp\/v2\/media\/7673"}],"wp:attachment":[{"href":"https:\/\/pracek.si\/ekrani-za-prenosnike\/wp-json\/wp\/v2\/media?parent=7684"}],"wp:term":[{"taxonomy":"product_brand","embeddable":true,"href":"https:\/\/pracek.si\/ekrani-za-prenosnike\/wp-json\/wp\/v2\/product_brand?post=7684"},{"taxonomy":"product_cat","embeddable":true,"href":"https:\/\/pracek.si\/ekrani-za-prenosnike\/wp-json\/wp\/v2\/product_cat?post=7684"},{"taxonomy":"product_tag","embeddable":true,"href":"https:\/\/pracek.si\/ekrani-za-prenosnike\/wp-json\/wp\/v2\/product_tag?post=7684"}],"curies":[{"name":"wp","href":"https:\/\/api.w.org\/{rel}","templated":true}]}}