{"id":7685,"date":"2024-09-05T08:13:26","date_gmt":"2024-09-05T08:13:26","guid":{"rendered":"https:\/\/pracek.si\/ekrani-za-prenosnike\/?post_type=product&#038;p=7685"},"modified":"2024-12-05T09:48:10","modified_gmt":"2024-12-05T09:48:10","slug":"gigabyte-aorus-15-x9-156-fhd-ips-144hz-mat-lcd-ekran-z-lepilom-nov","status":"publish","type":"product","link":"https:\/\/pracek.si\/ekrani-za-prenosnike\/product\/gigabyte-aorus-15-x9-156-fhd-ips-144hz-mat-lcd-ekran-z-lepilom-nov\/","title":{"rendered":"GIGABYTE AORUS 15 X9 15,6&#8243; FHD IPS 144Hz mat LCD ekran z lepilom Nov"},"content":{"rendered":"<p><strong>Dejanski model LCD ekrana: n156hra-ea1 REV C1 \/ N156HRA-GAA Rev.c1 \/ N156HMA-GA1 REV C2 \u2013 popolnoma zdru\u017eljiv z LCD ekranom za prenosnik GIGABYTE AORUS 15 X9<\/strong><\/p>\n<p>Izbolj\u0161ajte svojo igralno in vizualno izku\u0161njo s tem vrhunskim LCD zaslonom, zasnovanim posebej za GIGABYTE AORUS 15 X9. Ta 15,6-pal\u010dni ekran z lo\u010dljivostjo Full HD (1920&#215;1080) zagotavlja jasne in \u017eive slike, primerne tako za igranje iger kot za produktivno delo. Z visoko hitrostjo osve\u017eevanja 144 Hz boste u\u017eivali v gladkem igranju in manj\u0161em zamegljevanju gibanja, kar je idealno za hitre akcijske igre.<\/p>\n<p>Zaslon ima tehnologijo IPS, ki zagotavlja enakomerne barve in \u0161iroke kote gledanja. Mat povr\u0161ina zmanj\u0161uje odseve in ble\u0161\u010danje, kar izbolj\u0161a izku\u0161njo gledanja v razli\u010dnih svetlobnih pogojih.<\/p>\n<p>Ta LCD zaslon je opremljen s 40-pinskim eDP konektorjem, ki zagotavlja varno in stabilno povezavo z va\u0161im prenosnikom. Paket vklju\u010duje obojestranske lepilne trakove za enostavno namestitev, tudi brez zgornjih in spodnjih nosilcev.<\/p>\n<p>Stanje: popolnoma nov, kar zagotavlja brezhiben izdelek, pripravljen za namestitev.<\/p>\n","protected":false},"excerpt":{"rendered":"<p>Nadgradite svoj GIGABYTE AORUS 15 X9 s 15,6&#8243; FHD IPS LCD ekranom. Pona\u0161a se s 144 Hz hitrostjo osve\u017eevanja, 40-pinsko eDP povezavo in mat povr\u0161ino za zmanj\u0161anje ble\u0161\u010danja. Vklju\u010deni so obojestranski lepilni trakovi za enostavno namestitev. Stanje: novo.<\/p>\n","protected":false},"featured_media":7673,"template":"","meta":[],"product_brand":[],"product_cat":[50],"product_tag":[],"class_list":{"0":"post-7685","1":"product","2":"type-product","3":"status-publish","4":"has-post-thumbnail","6":"product_cat-15-6","8":"first","9":"instock","10":"taxable","11":"shipping-taxable","12":"purchasable","13":"product-type-simple"},"_links":{"self":[{"href":"https:\/\/pracek.si\/ekrani-za-prenosnike\/wp-json\/wp\/v2\/product\/7685","targetHints":{"allow":["GET"]}}],"collection":[{"href":"https:\/\/pracek.si\/ekrani-za-prenosnike\/wp-json\/wp\/v2\/product"}],"about":[{"href":"https:\/\/pracek.si\/ekrani-za-prenosnike\/wp-json\/wp\/v2\/types\/product"}],"wp:featuredmedia":[{"embeddable":true,"href":"https:\/\/pracek.si\/ekrani-za-prenosnike\/wp-json\/wp\/v2\/media\/7673"}],"wp:attachment":[{"href":"https:\/\/pracek.si\/ekrani-za-prenosnike\/wp-json\/wp\/v2\/media?parent=7685"}],"wp:term":[{"taxonomy":"product_brand","embeddable":true,"href":"https:\/\/pracek.si\/ekrani-za-prenosnike\/wp-json\/wp\/v2\/product_brand?post=7685"},{"taxonomy":"product_cat","embeddable":true,"href":"https:\/\/pracek.si\/ekrani-za-prenosnike\/wp-json\/wp\/v2\/product_cat?post=7685"},{"taxonomy":"product_tag","embeddable":true,"href":"https:\/\/pracek.si\/ekrani-za-prenosnike\/wp-json\/wp\/v2\/product_tag?post=7685"}],"curies":[{"name":"wp","href":"https:\/\/api.w.org\/{rel}","templated":true}]}}