{"id":7686,"date":"2024-09-05T08:20:34","date_gmt":"2024-09-05T08:20:34","guid":{"rendered":"https:\/\/pracek.si\/ekrani-za-prenosnike\/?post_type=product&#038;p=7686"},"modified":"2024-12-05T09:48:06","modified_gmt":"2024-12-05T09:48:06","slug":"lcd-zaslon-za-gigabyte-g5-kf5-156-fhd-144hz-ips-edp-40pin-mat-nov","status":"publish","type":"product","link":"https:\/\/pracek.si\/ekrani-za-prenosnike\/product\/lcd-zaslon-za-gigabyte-g5-kf5-156-fhd-144hz-ips-edp-40pin-mat-nov\/","title":{"rendered":"LCD zaslon za GIGABYTE G5 KF5 15,6&#8243; FHD 144Hz IPS eDP 40pin Mat Nov"},"content":{"rendered":"<p><strong>Dejanski model LCD ekrana: n156hra-ea1 REV C1 \/ N156HRA-GAA Rev.c1 \/ N156HMA-GA1 REV C2 \u2013 popolnoma zdru\u017eljiv z LCD ekranom za prenosnik GIGABYTE G5 KF5<\/strong><\/p>\n<p>Izbolj\u0161ajte svojo igralno izku\u0161njo na GIGABYTE G5 KF5 z novim 15,6&#8243; Full HD LCD zaslonom. Ta visokokakovostni IPS panel ponuja izjemno jasnost slike z osve\u017eevalno frekvenco 144Hz za gladko in teko\u010do igralno izku\u0161njo. Matirana povr\u0161ina zmanj\u0161uje odseve in omogo\u010da udobno gledanje tudi v svetlih okoljih.<\/p>\n<p>Opremljen z eDP 40-pinskim priklju\u010dkom, zaslon zagotavlja nemoteno in zanesljivo povezavo z va\u0161o napravo. Prilo\u017een je obojestranski samolepilni trak, ki omogo\u010da enostavno in brezskrbno namestitev. Prosimo, upo\u0161tevajte, da zaslon nima zgornjih in spodnjih nosilcev, zato pred nakupom preverite zdru\u017eljivost.<\/p>\n<p>Ne glede na to, ali zamenjujete po\u0161kodovan zaslon ali nadgrajujete za bolj\u0161o zmogljivost, je ta novi LCD zaslon za GIGABYTE G5 KF5 idealna izbira za igralce in profesionalce. Stanje: novo.<\/p>\n","protected":false},"excerpt":{"rendered":"<p>Nadgradite svoj GIGABYTE G5 KF5 z LCD zaslonom 15,6&#8243; FHD 144Hz IPS. Matiran premaz zmanj\u0161uje ble\u0161\u010danje in zagotavlja ostre slike. eDP 40-pinski priklju\u010dek zagotavlja zdru\u017eljivost. Prilo\u017een obojestranski lepilni trak za enostavno namestitev. Stanje: novo.<\/p>\n","protected":false},"featured_media":7673,"template":"","meta":[],"product_brand":[],"product_cat":[50],"product_tag":[],"class_list":{"0":"post-7686","1":"product","2":"type-product","3":"status-publish","4":"has-post-thumbnail","6":"product_cat-15-6","8":"first","9":"instock","10":"taxable","11":"shipping-taxable","12":"purchasable","13":"product-type-simple"},"_links":{"self":[{"href":"https:\/\/pracek.si\/ekrani-za-prenosnike\/wp-json\/wp\/v2\/product\/7686","targetHints":{"allow":["GET"]}}],"collection":[{"href":"https:\/\/pracek.si\/ekrani-za-prenosnike\/wp-json\/wp\/v2\/product"}],"about":[{"href":"https:\/\/pracek.si\/ekrani-za-prenosnike\/wp-json\/wp\/v2\/types\/product"}],"wp:featuredmedia":[{"embeddable":true,"href":"https:\/\/pracek.si\/ekrani-za-prenosnike\/wp-json\/wp\/v2\/media\/7673"}],"wp:attachment":[{"href":"https:\/\/pracek.si\/ekrani-za-prenosnike\/wp-json\/wp\/v2\/media?parent=7686"}],"wp:term":[{"taxonomy":"product_brand","embeddable":true,"href":"https:\/\/pracek.si\/ekrani-za-prenosnike\/wp-json\/wp\/v2\/product_brand?post=7686"},{"taxonomy":"product_cat","embeddable":true,"href":"https:\/\/pracek.si\/ekrani-za-prenosnike\/wp-json\/wp\/v2\/product_cat?post=7686"},{"taxonomy":"product_tag","embeddable":true,"href":"https:\/\/pracek.si\/ekrani-za-prenosnike\/wp-json\/wp\/v2\/product_tag?post=7686"}],"curies":[{"name":"wp","href":"https:\/\/api.w.org\/{rel}","templated":true}]}}